{"id":3244,"date":"2022-05-03T08:52:15","date_gmt":"2022-05-03T07:52:15","guid":{"rendered":"https:\/\/ganduxer.escolateresiana.com\/tu-escuela\/"},"modified":"2024-02-29T09:15:29","modified_gmt":"2024-02-29T08:15:29","slug":"tu-escuela","status":"publish","type":"page","link":"https:\/\/ganduxer.escolateresiana.com\/es\/tu-escuela\/","title":{"rendered":"Tu colegio"},"content":{"rendered":"<p>[vc_row css_animation=\u00bb\u00bb row_type=\u00bbrow\u00bb use_row_as_full_screen_section=\u00bbno\u00bb type=\u00bbfull_width\u00bb angled_section=\u00bbno\u00bb text_align=\u00bbleft\u00bb background_image_as_pattern=\u00bbwithout_pattern\u00bb z_index=\u00bb\u00bb][vc_column][qode_elements_holder number_of_columns=\u00bbtwo_columns\u00bb alignment_one_column=\u00bbcenter\u00bb][qode_elements_holder_item advanced_animations=\u00bbno\u00bb][vc_single_image image=\u00bb2763&#8243; img_size=\u00bbfull\u00bb qode_css_animation=\u00bb\u00bb][\/qode_elements_holder_item][qode_elements_holder_item advanced_animations=\u00bbno\u00bb item_padding=\u00bb20px 30px 20px 30px\u00bb][vc_column_text]Nuestro colegio fue fundado hace m\u00e1s de 125 a\u00f1os por San Enrique de Oss\u00f3, quien confi\u00f3 a su amigo Antoni Gaud\u00ed la construcci\u00f3n del primer edificio que deb\u00eda acogerlo. Actualmente forma parte -con otras 20 escuelas repartidas por todo el territorio espa\u00f1ol- de la Fundaci\u00f3n Escuela Teresiana. Somos uno de los colegios m\u00e1s grandes de la Fundaci\u00f3n y cada curso unos 1.100 alumnos llenan nuestras aulas, desde la Guarder\u00eda hasta el Bachillerato. La Educaci\u00f3n B\u00e1sica es concertada.<\/p>\n<p>&nbsp;<\/p>\n<p>San Enrique de Oss\u00f3 fue un destacado pedagogo. Sus ense\u00f1anzas est\u00e1n en la base de la educaci\u00f3n cristiana y de calidad que ofrecemos en nuestra escuela y que, a trav\u00e9s de las diversas generaciones de alumnos y profesores que han pasado por sus aulas, han hecho de la escuela lo que es hoy: un colegio arraigado en el barrio y con una vocaci\u00f3n de apertura al mundo.[\/vc_column_text][\/qode_elements_holder_item][\/qode_elements_holder][\/vc_column][\/vc_row][vc_row css_animation=\u00bb\u00bb row_type=\u00bbrow\u00bb use_row_as_full_screen_section=\u00bbno\u00bb type=\u00bbfull_width\u00bb angled_section=\u00bbno\u00bb text_align=\u00bbleft\u00bb background_image_as_pattern=\u00bbwithout_pattern\u00bb css=\u00bb.vc_custom_1672827668504{background-color: #ffffff !important;}\u00bb z_index=\u00bb\u00bb][vc_column]<div class=\"qode-workflow  qode-workflow-animate\">\n    <span class=\"main-line\" style=\"background-color:#45ac34;\"><\/span>\n    <div class=\"qode-workflow-item\">\n    <span class=\"line\" style=\"background-color:#45ac34;\"><\/span>\n    <div class=\"qode-workflow-item-inner reverse\">\n        <div class=\"qode-workflow-image left\">\n            <img loading=\"lazy\" decoding=\"async\" width=\"150\" height=\"150\" src=\"https:\/\/ganduxer.escolateresiana.com\/wp-content\/uploads\/2023\/01\/1918.png\" class=\"attachment-full size-full\" alt=\"\" \/>        <\/div>\n        <div class=\"qode-workflow-text\">\n            <span class=\"circle\" style=\"border-color:#45ac34;background-color:#45ac34;\"><\/span>\n                            <h2>1886<\/h2>\n                                                    <p class=\"text\">Primera piedra del edificio de Gaud\u00ed<\/p>\n                    <\/div>\n    <\/div>\n<\/div><div class=\"qode-workflow-item\">\n    <span class=\"line\" style=\"background-color:#45ac34;\"><\/span>\n    <div class=\"qode-workflow-item-inner \">\n        <div class=\"qode-workflow-image right\">\n            <img loading=\"lazy\" decoding=\"async\" width=\"150\" height=\"150\" src=\"https:\/\/ganduxer.escolateresiana.com\/wp-content\/uploads\/2023\/01\/2011.png\" class=\"attachment-full size-full\" alt=\"\" \/>        <\/div>\n        <div class=\"qode-workflow-text\">\n            <span class=\"circle\" style=\"border-color:#45ac34;background-color:#45ac34;\"><\/span>\n                            <h2>2008<\/h2>\n                                                    <p class=\"text\">Se grad\u00faa la primera promoci\u00f3n mixta de la escuela<\/p>\n                    <\/div>\n    <\/div>\n<\/div><div class=\"qode-workflow-item\">\n    <span class=\"line\" style=\"background-color:#45ac34;\"><\/span>\n    <div class=\"qode-workflow-item-inner reverse\">\n        <div class=\"qode-workflow-image left\">\n            <img loading=\"lazy\" decoding=\"async\" width=\"150\" height=\"150\" src=\"https:\/\/ganduxer.escolateresiana.com\/wp-content\/uploads\/2023\/01\/2009.png\" class=\"attachment-full size-full\" alt=\"\" \/>        <\/div>\n        <div class=\"qode-workflow-text\">\n            <span class=\"circle\" style=\"border-color:#45ac34;background-color:#45ac34;\"><\/span>\n                            <h2>2011<\/h2>\n                                                    <p class=\"text\">La escuela pasa a formar parte de la Fundaci\u00f3n Escuela Teresiana<\/p>\n                    <\/div>\n    <\/div>\n<\/div><div class=\"qode-workflow-item\">\n    <span class=\"line\" style=\"background-color:#45ac34;\"><\/span>\n    <div class=\"qode-workflow-item-inner \">\n        <div class=\"qode-workflow-image right\">\n            <img loading=\"lazy\" decoding=\"async\" width=\"150\" height=\"150\" src=\"https:\/\/ganduxer.escolateresiana.com\/wp-content\/uploads\/2023\/01\/1918.png\" class=\"attachment-full size-full\" alt=\"\" \/>        <\/div>\n        <div class=\"qode-workflow-text\">\n            <span class=\"circle\" style=\"border-color:#45ac34;background-color:#45ac34;\"><\/span>\n                            <h2>2014<\/h2>\n                                                    <p class=\"text\">Se inaugura el nuevo aulario de Bachillerato, el edificio Virgen de Montserrat<\/p>\n                    <\/div>\n    <\/div>\n<\/div><div class=\"qode-workflow-item\">\n    <span class=\"line\" style=\"background-color:#45ac34;\"><\/span>\n    <div class=\"qode-workflow-item-inner reverse\">\n        <div class=\"qode-workflow-image left\">\n            <img loading=\"lazy\" decoding=\"async\" width=\"150\" height=\"150\" src=\"https:\/\/ganduxer.escolateresiana.com\/wp-content\/uploads\/2023\/01\/hoy.png\" class=\"attachment-full size-full\" alt=\"\" \/>        <\/div>\n        <div class=\"qode-workflow-text\">\n            <span class=\"circle\" style=\"border-color:#45ac34;background-color:#45ac34;\"><\/span>\n                            <h2>2017<\/h2>\n                                                    <p class=\"text\">Se pone en marcha la ampliaci\u00f3n que acoge la guarder\u00eda<\/p>\n                    <\/div>\n    <\/div>\n<\/div><\/div>[\/vc_column][\/vc_row][vc_row css_animation=\u00bbelement_from_right\u00bb row_type=\u00bbrow\u00bb use_row_as_full_screen_section=\u00bbno\u00bb type=\u00bbfull_width\u00bb angled_section=\u00bbno\u00bb text_align=\u00bbleft\u00bb background_image_as_pattern=\u00bbwithout_pattern\u00bb css=\u00bb.vc_custom_1651569422056{background-color: #ffffff !important;}\u00bb z_index=\u00bb\u00bb][vc_column][vc_row_inner row_type=\u00bbrow\u00bb type=\u00bbgrid\u00bb text_align=\u00bbleft\u00bb css_animation=\u00bb\u00bb css=\u00bb.vc_custom_1653922989345{background-image: url(https:\/\/ganduxer.escolateresiana.com\/wp-content\/uploads\/2022\/05\/slide-verde.png?id=720) !important;}\u00bb][vc_column_inner][vc_empty_space height=\u00bb90px\u00bb][vc_column_text]<\/p>\n<h2 style=\"text-align: center; color: white;\">LA PERSONA ES EL CENTRO<\/h2>\n<p>[\/vc_column_text][vc_empty_space][vc_single_image image=\u00bb2626&#8243; img_size=\u00bb125&#215;125&#8243; alignment=\u00bbcenter\u00bb qode_css_animation=\u00bb\u00bb][vc_empty_space][vc_column_text]<\/p>\n<p style=\"text-align: center;\"><span style=\"color: #ffffff; font-size: 24px;\">Cada uno de nosotros es <strong>\u00fanico<\/strong> . Por esta raz\u00f3n, desde la atenci\u00f3n personalizada y en colaboraci\u00f3n con toda la comunidad educativa pretendemos: <\/span><\/p>\n<p>[\/vc_column_text][vc_empty_space height=\u00bb30px\u00bb][\/vc_column_inner][\/vc_row_inner][vc_row_inner row_type=\u00bbrow\u00bb type=\u00bbgrid\u00bb text_align=\u00bbleft\u00bb css_animation=\u00bb\u00bb css=\u00bb.vc_custom_1653922989345{background-image: url(https:\/\/ganduxer.escolateresiana.com\/wp-content\/uploads\/2022\/05\/slide-verde.png?id=720) !important;}\u00bb][vc_column_inner width=\u00bb1\/3&#8243;][vc_empty_space height=\u00bb60px\u00bb][vc_column_text]<\/p>\n<p style=\"text-align: right;\"><span style=\"color: #ffffff;\">Dar la posibilidad a nuestro alumnado de desarrollarse de forma integral y al m\u00e1ximo de sus capacidades, a trav\u00e9s de un seguimiento constante que lo refuerce y le espolee.<br \/>\n[\/vc_column_text][vc_empty_space][vc_column_text]<\/span><\/p>\n<p style=\"text-align: right;\"><span style=\"color: #ffffff;\">Formar a personas que se adapten al cambio y pongan su competencia al servicio de la transformaci\u00f3n de la sociedad, desde la creatividad.<\/span><\/p>\n<p>[\/vc_column_text][\/vc_column_inner][vc_column_inner width=\u00bb1\/3&#8243;][vc_single_image image=\u00bb2764&#8243; img_size=\u00bbfull\u00bb alignment=\u00bbcenter\u00bb style=\u00bbvc_box_circle_2&#8243; qode_css_animation=\u00bb\u00bb][vc_empty_space height=\u00bb90px\u00bb][\/vc_column_inner][vc_column_inner width=\u00bb1\/3&#8243;][vc_empty_space height=\u00bb60px\u00bb][vc_column_text]<\/p>\n<p style=\"text-align: left;\"><span style=\"color: #ffffff;\">Educar a personas conscientes de su dimensi\u00f3n interior, capaces de vivir la vida desde dentro, en relaci\u00f3n con los dem\u00e1s y con Dios.<\/span><\/p>\n<p>[\/vc_column_text][vc_empty_space][vc_empty_space][vc_column_text]<\/p>\n<p style=\"text-align: left;\"><span style=\"color: #ffffff;\">Ofrecer un espacio de proximidad, en el que el alumno se sienta valorado y as\u00ed pueda construir su personalidad desde la confianza. <\/span><\/p>\n<p>[\/vc_column_text][\/vc_column_inner][\/vc_row_inner][vc_row_inner row_type=\u00bbrow\u00bb type=\u00bbfull_width\u00bb text_align=\u00bbleft\u00bb css_animation=\u00bb\u00bb css=\u00bb.vc_custom_1676929217816{padding-top: 40px !important;padding-bottom: 40px !important;background-image: url(https:\/\/ganduxer.escolateresiana.com\/wp-content\/uploads\/2023\/02\/FOTO_10-Creemos-en-ti-Cole-scaled.jpg?id=1888) !important;background-position: center !important;background-repeat: no-repeat !important;background-size: cover !important;}\u00bb][vc_column_inner][vc_empty_space height=\u00bb90px\u00bb][vc_column_text]<\/p>\n<h2 class=\" ztl-main-font ztl-left ztl-font-normal\" style=\"text-align: center;\"><span style=\"color: #ffffff;\">CREEMOS EN TI. CRECEMOS CONTIGO <\/span><\/h2>\n<p>&nbsp;<\/p>\n<div class=\"vc_empty_space\" style=\"text-align: center;\"><\/div>\n<div class=\"wpb_text_column wpb_content_element \">\n<div class=\"wpb_wrapper\">\n<p style=\"text-align: center; font-size: 24px;\"><span style=\"color: #ffffff;\">Hacia una escuela abierta, inclusiva, con visi\u00f3n de futuro y en constante mejora.<\/span><\/p>\n<\/div>\n<\/div>\n<p>[\/vc_column_text][vc_empty_space][vc_column_text]<\/p>\n<p style=\"text-align: center;\"><span style=\"color: #ffffff;\"><em><strong>\u201cEducamos desde la realidad y para la vida,<br \/>\npara construir cultura solidaria y de paz<br \/>\ncon personas que sean sujetas de encuentro,<br \/>\ntransformadores sociales\u201d<br \/>\n<\/strong><\/em><\/span><br \/>\n<span style=\"color: #ffffff;\">Propuesta Educativa Teresiana<\/span><\/p>\n<p>[\/vc_column_text][vc_empty_space height=\u00bb90 px\u00bb][\/vc_column_inner][\/vc_row_inner][\/vc_column][\/vc_row][vc_row css_animation=\u00bbelement_from_left\u00bb row_type=\u00bbrow\u00bb use_row_as_full_screen_section=\u00bbno\u00bb type=\u00bbfull_width\u00bb angled_section=\u00bbno\u00bb text_align=\u00bbleft\u00bb background_image_as_pattern=\u00bbwithout_pattern\u00bb z_index=\u00bb\u00bb][vc_column][qode_elements_holder number_of_columns=\u00bbtwo_columns\u00bb alignment_one_column=\u00bbcenter\u00bb][qode_elements_holder_item horizontal_alignment=\u00bbcenter\u00bb advanced_animations=\u00bbno\u00bb item_padding=\u00bb0px 30px 0px 30px\u00bb][vc_column_text]<\/p>\n<h2 class=\" ztl-main-font ztl-left ztl-font-normal\"><span style=\"color: #45ac34;\">CREEMOS EN TI<\/span><\/h2>\n<p>&nbsp;<\/p>\n<div class=\"wpb_text_column wpb_content_element \">\n<div class=\"wpb_wrapper\">\n<ul>\n<li>Atenci\u00f3n personalizada y clima familiar.<\/li>\n<li>Cercan\u00eda, acompa\u00f1amiento y mirada positiva.<\/li>\n<li>Profundidad y trascendencia.<\/li>\n<li>Compromiso, justicia y solidaridad.<\/li>\n<\/ul>\n<\/div>\n<\/div>\n<p>[\/vc_column_text][\/qode_elements_holder_item][qode_elements_holder_item advanced_animations=\u00bbno\u00bb][vc_single_image image=\u00bb2766&#8243; img_size=\u00bbfull\u00bb qode_css_animation=\u00bb\u00bb][\/qode_elements_holder_item][\/qode_elements_holder][\/vc_column][\/vc_row][vc_row css_animation=\u00bbelement_from_right\u00bb row_type=\u00bbrow\u00bb use_row_as_full_screen_section=\u00bbno\u00bb type=\u00bbfull_width\u00bb angled_section=\u00bbno\u00bb text_align=\u00bbleft\u00bb background_image_as_pattern=\u00bbwithout_pattern\u00bb z_index=\u00bb\u00bb][vc_column][qode_elements_holder number_of_columns=\u00bbtwo_columns\u00bb alignment_one_column=\u00bbcenter\u00bb][qode_elements_holder_item advanced_animations=\u00bbno\u00bb][vc_single_image image=\u00bb2767&#8243; img_size=\u00bbfull\u00bb qode_css_animation=\u00bb\u00bb][\/qode_elements_holder_item][qode_elements_holder_item horizontal_alignment=\u00bbcenter\u00bb advanced_animations=\u00bbno\u00bb item_padding=\u00bb0px 30px 0px 30px\u00bb][vc_column_text]<\/p>\n<h2 class=\" ztl-main-font ztl-left ztl-font-normal\"><span style=\"color: #45ac34;\">CRECEMOS CONTIGO<\/span><\/h2>\n<p>&nbsp;<\/p>\n<div class=\"wpb_text_column wpb_content_element \">\n<div class=\"wpb_wrapper\">\n<ul>\n<li>Profesionalidad, mentalidad abierta y visi\u00f3n de futuro.<\/li>\n<li>Implicaci\u00f3n, responsabilidad y capacidad de trabajo.<\/li>\n<li>Creatividad, capacidad de innovaci\u00f3n, mejora continua.<\/li>\n<\/ul>\n<\/div>\n<\/div>\n<p>[\/vc_column_text][\/qode_elements_holder_item][\/qode_elements_holder][\/vc_column][\/vc_row]<\/p>\n","protected":false},"excerpt":{"rendered":"<p>[vc_row css_animation=\u00bb\u00bb row_type=\u00bbrow\u00bb use_row_as_full_screen_section=\u00bbno\u00bb type=\u00bbfull_width\u00bb angled_section=\u00bbno\u00bb text_align=\u00bbleft\u00bb background_image_as_pattern=\u00bbwithout_pattern\u00bb z_index=\u00bb\u00bb][vc_column][qode_elements_holder number_of_columns=\u00bbtwo_columns\u00bb alignment_one_column=\u00bbcenter\u00bb][qode_elements_holder_item advanced_animations=\u00bbno\u00bb][vc_single_image image=\u00bb2763&#8243; img_size=\u00bbfull\u00bb qode_css_animation=\u00bb\u00bb][\/qode_elements_holder_item][qode_elements_holder_item advanced_animations=\u00bbno\u00bb item_padding=\u00bb20px 30px 20px 30px\u00bb][vc_column_text]Nuestro colegio fue fundado hace m\u00e1s de 125 a\u00f1os por San Enrique de Oss\u00f3, quien confi\u00f3 a su amigo Antoni Gaud\u00ed la construcci\u00f3n del primer edificio&#8230;<\/p>\n","protected":false},"author":1,"featured_media":0,"parent":0,"menu_order":0,"comment_status":"closed","ping_status":"closed","template":"full_width.php","meta":{"footnotes":""},"class_list":["post-3244","page","type-page","status-publish","hentry"],"_links":{"self":[{"href":"https:\/\/ganduxer.escolateresiana.com\/es\/wp-json\/wp\/v2\/pages\/3244","targetHints":{"allow":["GET"]}}],"collection":[{"href":"https:\/\/ganduxer.escolateresiana.com\/es\/wp-json\/wp\/v2\/pages"}],"about":[{"href":"https:\/\/ganduxer.escolateresiana.com\/es\/wp-json\/wp\/v2\/types\/page"}],"author":[{"embeddable":true,"href":"https:\/\/ganduxer.escolateresiana.com\/es\/wp-json\/wp\/v2\/users\/1"}],"replies":[{"embeddable":true,"href":"https:\/\/ganduxer.escolateresiana.com\/es\/wp-json\/wp\/v2\/comments?post=3244"}],"version-history":[{"count":9,"href":"https:\/\/ganduxer.escolateresiana.com\/es\/wp-json\/wp\/v2\/pages\/3244\/revisions"}],"predecessor-version":[{"id":3465,"href":"https:\/\/ganduxer.escolateresiana.com\/es\/wp-json\/wp\/v2\/pages\/3244\/revisions\/3465"}],"wp:attachment":[{"href":"https:\/\/ganduxer.escolateresiana.com\/es\/wp-json\/wp\/v2\/media?parent=3244"}],"curies":[{"name":"wp","href":"https:\/\/api.w.org\/{rel}","templated":true}]}}