{"id":3220,"date":"2022-05-31T14:54:30","date_gmt":"2022-05-31T13:54:30","guid":{"rendered":"https:\/\/ganduxer.escolateresiana.com\/familias\/"},"modified":"2024-02-29T09:24:58","modified_gmt":"2024-02-29T08:24:58","slug":"familias","status":"publish","type":"page","link":"https:\/\/ganduxer.escolateresiana.com\/es\/familias\/","title":{"rendered":"Familias"},"content":{"rendered":"<p>[vc_row css_animation=\u00bb\u00bb row_type=\u00bbrow\u00bb use_row_as_full_screen_section=\u00bbno\u00bb type=\u00bbfull_width\u00bb angled_section=\u00bbno\u00bb text_align=\u00bbleft\u00bb background_image_as_pattern=\u00bbwithout_pattern\u00bb][vc_column]\n\t\t\t<!-- START families REVOLUTION SLIDER 6.5.14 --><p class=\"rs-p-wp-fix\"><\/p>\n\t\t\t<rs-module-wrap id=\"rev_slider_17_1_wrapper\" data-source=\"gallery\" style=\"visibility:hidden;background:transparent;padding:0;margin:0px auto;margin-top:0;margin-bottom:0;\">\n\t\t\t\t<rs-module id=\"rev_slider_17_1\" style=\"\" data-version=\"6.5.14\">\n\t\t\t\t\t<rs-slides>\n\t\t\t\t\t\t<rs-slide style=\"position: absolute;\" data-key=\"rs-19\" data-title=\"Slide\" data-in=\"o:0;\" data-out=\"a:false;\">\n\t\t\t\t\t\t\t<img decoding=\"async\" src=\"\/\/ganduxer.escolateresiana.com\/wp-content\/plugins\/revslider\/public\/assets\/assets\/dummy.png\" alt=\"Slide\" title=\"Familias\" class=\"rev-slidebg tp-rs-img rs-lazyload\" data-lazyload=\"\/\/ganduxer.escolateresiana.com\/wp-content\/plugins\/revslider\/public\/assets\/assets\/transparent.png\" data-bg=\"c:#45ac34;\" data-no-retina>\n<!--\n\t\t\t\t\t\t\t--><rs-layer\n\t\t\t\t\t\t\t\tid=\"slider-17-slide-19-layer-0\" \n\t\t\t\t\t\t\t\tclass=\"rs-fsv rs-layer-video intrinsic-ignore\"\n\t\t\t\t\t\t\t\tdata-type=\"video\"\n\t\t\t\t\t\t\t\tdata-rsp_ch=\"on\"\n\t\t\t\t\t\t\t\tdata-xy=\"x:0;y:0;\"\n\t\t\t\t\t\t\t\tdata-text=\"w:normal;\"\n\t\t\t\t\t\t\t\tdata-dim=\"w:100%;h:100%;\"\n\t\t\t\t\t\t\t\tdata-basealign=\"slide\"\n\t\t\t\t\t\t\t\tdata-video=\"vfc:true;vd:100;fc:true;l:true;ptimer:false;nse:f;\"\n\t\t\t\t\t\t\t\tdata-poster=\"\/\/ganduxer.escolateresiana.com\/wp-content\/uploads\/revslider\/video-media\/22_19_layer.jpeg\"\n\t\t\t\t\t\t\t\tdata-mp4=\"\/\/ganduxer.escolateresiana.com\/wp-content\/uploads\/2023\/02\/22.mp4\"\n\t\t\t\t\t\t\t\tdata-frame_999=\"o:0;st:w;sR:8700;\"\n\t\t\t\t\t\t\t\tstyle=\"z-index:8;\"\n\t\t\t\t\t\t\t>\n\t\t\t\t\t\t\t<\/rs-layer><!--\n-->\t\t\t\t\t\t<\/rs-slide>\n\t\t\t\t\t<\/rs-slides>\n\t\t\t\t<\/rs-module>\n\t\t\t\t<script>\n\t\t\t\t\tsetREVStartSize({c: 'rev_slider_17_1',rl:[1240,1024,778,480],el:[700],gw:[ 1280],gh:[700],type:'standard',justify:'',layout:'fullwidth',mh:\"0\"});if (window.RS_MODULES!==undefined && window.RS_MODULES.modules!==undefined && window.RS_MODULES.modules[\"revslider171\"]!==undefined) {window.RS_MODULES.modules[\"revslider171\"].once = false;window.revapi17 = undefined;if (window.RS_MODULES.checkMinimal!==undefined) window.RS_MODULES.checkMinimal()}\n\t\t\t\t<\/script>\n\t\t\t<\/rs-module-wrap>\n\t\t\t<!-- END REVOLUTION SLIDER -->\n[\/vc_column][\/vc_row][vc_row css_animation=\u00bb\u00bb row_type=\u00bbrow\u00bb use_row_as_full_screen_section=\u00bbno\u00bb type=\u00bbfull_width\u00bb angled_section=\u00bbno\u00bb text_align=\u00bbleft\u00bb background_image_as_pattern=\u00bbwithout_pattern\u00bb][vc_column][qode_elements_holder number_of_columns=\u00bbtwo_columns\u00bb][qode_elements_holder_item advanced_animations=\u00bbno\u00bb][vc_single_image image=\u00bb2987&#8243; img_size=\u00bbfull\u00bb qode_css_animation=\u00bb\u00bb][\/qode_elements_holder_item][qode_elements_holder_item cover=\u00bbyes\u00bb advanced_animations=\u00bbno\u00bb item_padding=\u00bb0px 30px 0px 30px\u00bb background_image=\u00bb739&#8243;][vc_column_text]<\/p>\n<h2><span style=\"color: #ffffff;\">EDUCAMOS JUNTOS<\/span><\/h2>\n<h4 style=\"font-family: Dancing Script; font-size: 34px; line-height: 150%;\"><span style=\"color: #ffffff;\">Las familias son miembros clave de nuestra comunidad educativa. Juntos nos enriquecemos y somos m\u00e1s fuertes. Promovemos la comunicaci\u00f3n familia-escuela y la posibilidad de participaci\u00f3n en diferentes \u00e1mbitos de la vida de la escuela y en las aulas.<\/span><\/h4>\n<p>[\/vc_column_text][\/qode_elements_holder_item][\/qode_elements_holder][\/vc_column][\/vc_row][vc_row css_animation=\u00bb\u00bb row_type=\u00bbrow\u00bb use_row_as_full_screen_section=\u00bbno\u00bb type=\u00bbfull_width\u00bb angled_section=\u00bbno\u00bb text_align=\u00bbleft\u00bb background_image_as_pattern=\u00bbwithout_pattern\u00bb][vc_column][qode_elements_holder number_of_columns=\u00bbtwo_columns\u00bb][qode_elements_holder_item advanced_animations=\u00bbno\u00bb item_padding=\u00bb0px 30px 0px 30px\u00bb][vc_column_text]<\/p>\n<h2><span style=\"color: rgba(69,172,52,1);\">PARTICIPA DESDE DENTRO<\/span><\/h2>\n<p>&nbsp;<\/p>\n<p>Les invitamos a participar, tambi\u00e9n desde el aula, compartiendo con los alumnos su experiencia profesional o alg\u00fan tema de inter\u00e9s para su educaci\u00f3n. Tambi\u00e9n estamos encantados de que acompa\u00f1en a sus hijos en talleres y voluntariados. Cada edad ofrece oportunidades distintas para involucrarse como padre o madre desde la escuela.[\/vc_column_text][\/qode_elements_holder_item][qode_elements_holder_item advanced_animations=\u00bbno\u00bb][vc_single_image image=\u00bb2777&#8243; img_size=\u00bbfull\u00bb qode_css_animation=\u00bb\u00bb][\/qode_elements_holder_item][\/qode_elements_holder][\/vc_column][\/vc_row][vc_row css_animation=\u00bb\u00bb row_type=\u00bbrow\u00bb use_row_as_full_screen_section=\u00bbno\u00bb type=\u00bbfull_width\u00bb angled_section=\u00bbno\u00bb text_align=\u00bbleft\u00bb background_image_as_pattern=\u00bbwithout_pattern\u00bb z_index=\u00bb\u00bb background_color=\u00bb#ffffff\u00bb][vc_column][vc_empty_space][\/vc_column][\/vc_row][vc_row css_animation=\u00bb\u00bb row_type=\u00bbrow\u00bb use_row_as_full_screen_section=\u00bbno\u00bb type=\u00bbfull_width\u00bb angled_section=\u00bbno\u00bb text_align=\u00bbcenter\u00bb background_image_as_pattern=\u00bbwithout_pattern\u00bb z_index=\u00bb\u00bb css=\u00bb.vc_custom_1673522775923{background-color: #ffffff !important;}\u00bb][vc_column css_animation=\u00bbfadeInDown\u00bb width=\u00bb1\/4&#8243;][vc_single_image image=\u00bb2984&#8243; img_size=\u00bbfull\u00bb qode_css_animation=\u00bb\u00bb][vc_empty_space][vc_column_text css=\u00bb.vc_custom_1709195097972{padding-right: 40px !important;padding-left: 40px !important;}\u00bb]<\/p>\n<h4 class=\"qode-info-card-title\" style=\"text-align: center;\">ASOCIACI\u00d3N DE PADRES Y MADRES (AMPA)<\/h4>\n<p>&nbsp;<\/p>\n<p class=\"qode-info-card-text\" style=\"text-align: center;\">El AMPA participa de forma activa en el d\u00eda a d\u00eda de la escuela:<br \/>\nColabora en campa\u00f1as y celebraciones<br \/>\nOrganiza actividades formativas para las familias<br \/>\nTiene un representante en el Consejo Escolar<br \/>\nColabora en las tareas del centro a trav\u00e9s de comisiones de trabajo.<\/p>\n<p>[\/vc_column_text][vc_empty_space][\/vc_column][vc_column css_animation=\u00bbfadeInUp\u00bb width=\u00bb1\/4&#8243;][vc_single_image image=\u00bb2985&#8243; img_size=\u00bbfull\u00bb qode_css_animation=\u00bb\u00bb][vc_empty_space][vc_column_text css=\u00bb.vc_custom_1675858879870{padding-right: 40px !important;padding-left: 40px !important;}\u00bb]<\/p>\n<h4 class=\"qode-info-card-title\" style=\"text-align: center;\">D\u00cdA DE LA FAMILIA<\/h4>\n<p>&nbsp;<\/p>\n<p class=\"qode-info-card-text\" style=\"text-align: center;\">Es la gran fiesta de la escuela. Cada a\u00f1o en primavera la Comunidad Educativa nos encontramos para convivir juntos en un ambiente distendido y organizamos todo tipo de talleres y actividades l\u00fadicas. No descuidamos tampoco la vertiente solidaria, en colaboraci\u00f3n con nuestra ONG FundEO.<\/p>\n<p>[\/vc_column_text][vc_empty_space][\/vc_column][vc_column css_animation=\u00bbfadeInUp\u00bb width=\u00bb1\/4&#8243;][vc_single_image image=\u00bb2986&#8243; img_size=\u00bbfull\u00bb qode_css_animation=\u00bb\u00bb][vc_empty_space][vc_column_text css=\u00bb.vc_custom_1675858924271{padding-right: 40px !important;padding-left: 40px !important;}\u00bb]<\/p>\n<h4 class=\"qode-info-card-title\" style=\"text-align: center;\">CONSEJO ESCOLAR<\/h4>\n<p>&nbsp;<\/p>\n<p class=\"qode-info-card-text\" style=\"text-align: center;\">Las familias participan en este \u00f3rgano representativo de la Comunidad Educativa a trav\u00e9s de cuatro representantes de padres y madres escogidos cada dos a\u00f1os por las familias del colegio. Desde el Consejo Escolar participan en la vida del centro y velan por su buen funcionamiento.<\/p>\n<p>[\/vc_column_text][vc_empty_space][\/vc_column][vc_column css_animation=\u00bbfadeInDown\u00bb width=\u00bb1\/4&#8243;][vc_single_image image=\u00bb2979&#8243; img_size=\u00bbfull\u00bb onclick=\u00bbcustom_link\u00bb qode_css_animation=\u00bb\u00bb link=\u00bbhttps:\/\/sso2.educamos.com\/Autenticacion\/Acceder?ReturnUrl=%2fissue%2fwsfed%3fwa%3dwsignin1.0%26wtrealm%3dhttps%253a%252f%252fsantateresaganduxer-fet-barcelona.educamos.com%252f%26wctx%3drm%253d0%2526id%253dpassive%2526ru%253d%25252f%26wct%3d2016-01-22T08%253a25%253a39Z&amp;wa=wsignin1.0&amp;wtrealm=https%3a%2f%2fsantateresaganduxer-fet-barcelona.educamos.com%2f&amp;wctx=rm%3d0%26id%3dpassive%26ru%3d%252f&amp;wct=2016-01-22T08%3a25%3a39Z\u00bb][vc_empty_space][vc_column_text css=\u00bb.vc_custom_1675858970200{padding-right: 40px !important;padding-left: 40px !important;}\u00bb]<\/p>\n<h4 class=\"qode-info-card-title\" style=\"text-align: center;\">EDUCAMOS: plataforma de comunicaci\u00f3n<\/h4>\n<p>&nbsp;<\/p>\n<p class=\"qode-info-card-text\" style=\"text-align: center;\">Educamos es una plataforma educativa que integra los procesos pedag\u00f3gicos, de gesti\u00f3n y comunicaci\u00f3n de la escuela. A trav\u00e9s de Educamos podr\u00e1, por ejemplo, autorizar a sus hijos a una salida, comprobar los recibos o recibir el bolet\u00edn de notas.<\/p>\n<p>[\/vc_column_text][vc_empty_space]<a  itemprop=\"url\" href=\"https:\/\/sso2.educamos.com\/Autenticacion\/Acceder?ReturnUrl=%2fissue%2fwsfed%3fwa%3dwsignin1.0%26wtrealm%3dhttps%253a%252f%252fsantateresaganduxer-fet-barcelona.educamos.com%252f%26wctx%3drm%253d0%2526id%253dpassive%2526ru%253d%25252f%26wct%3d2016-01-22T08%253a25%253a39Z&amp;wa=wsignin1.0&amp;wtrealm=https%3a%2f%2fsantateresaganduxer-fet-barcelona.educamos.com%2f&amp;wctx=rm%3d0%26id%3dpassive%26ru%3d%252f&amp;wct=2016-01-22T08%3a25%3a39Z\" target=\"_blank\"  class=\"qbutton  large center default\" style=\"border-radius: 0px;-moz-border-radius: 0px;-webkit-border-radius: 0px; \">ENTRAR EN EDUCAMOS<\/a>[vc_empty_space][\/vc_column][\/vc_row][vc_row css_animation=\u00bb\u00bb row_type=\u00bbrow\u00bb use_row_as_full_screen_section=\u00bbno\u00bb type=\u00bbfull_width\u00bb angled_section=\u00bbno\u00bb text_align=\u00bbleft\u00bb background_image_as_pattern=\u00bbwithout_pattern\u00bb z_index=\u00bb\u00bb background_color=\u00bb#ffffff\u00bb][vc_column][vc_empty_space][\/vc_column][\/vc_row]<\/p>\n","protected":false},"excerpt":{"rendered":"<p>[vc_row css_animation=\u00bb\u00bb row_type=\u00bbrow\u00bb use_row_as_full_screen_section=\u00bbno\u00bb type=\u00bbfull_width\u00bb angled_section=\u00bbno\u00bb text_align=\u00bbleft\u00bb background_image_as_pattern=\u00bbwithout_pattern\u00bb][vc_column][\/vc_column][\/vc_row][vc_row css_animation=\u00bb\u00bb row_type=\u00bbrow\u00bb use_row_as_full_screen_section=\u00bbno\u00bb type=\u00bbfull_width\u00bb angled_section=\u00bbno\u00bb text_align=\u00bbleft\u00bb background_image_as_pattern=\u00bbwithout_pattern\u00bb][vc_column][qode_elements_holder number_of_columns=\u00bbtwo_columns\u00bb][qode_elements_holder_item advanced_animations=\u00bbno\u00bb][vc_single_image image=\u00bb2987&#8243; img_size=\u00bbfull\u00bb qode_css_animation=\u00bb\u00bb][\/qode_elements_holder_item][qode_elements_holder_item cover=\u00bbyes\u00bb advanced_animations=\u00bbno\u00bb item_padding=\u00bb0px 30px 0px 30px\u00bb background_image=\u00bb739&#8243;][vc_column_text] EDUCAMOS JUNTOS Las familias son miembros clave de nuestra comunidad educativa. Juntos nos enriquecemos y somos m\u00e1s fuertes&#8230;.<\/p>\n","protected":false},"author":1,"featured_media":0,"parent":0,"menu_order":0,"comment_status":"closed","ping_status":"closed","template":"full_width.php","meta":{"footnotes":""},"class_list":["post-3220","page","type-page","status-publish","hentry"],"_links":{"self":[{"href":"https:\/\/ganduxer.escolateresiana.com\/es\/wp-json\/wp\/v2\/pages\/3220","targetHints":{"allow":["GET"]}}],"collection":[{"href":"https:\/\/ganduxer.escolateresiana.com\/es\/wp-json\/wp\/v2\/pages"}],"about":[{"href":"https:\/\/ganduxer.escolateresiana.com\/es\/wp-json\/wp\/v2\/types\/page"}],"author":[{"embeddable":true,"href":"https:\/\/ganduxer.escolateresiana.com\/es\/wp-json\/wp\/v2\/users\/1"}],"replies":[{"embeddable":true,"href":"https:\/\/ganduxer.escolateresiana.com\/es\/wp-json\/wp\/v2\/comments?post=3220"}],"version-history":[{"count":11,"href":"https:\/\/ganduxer.escolateresiana.com\/es\/wp-json\/wp\/v2\/pages\/3220\/revisions"}],"predecessor-version":[{"id":3473,"href":"https:\/\/ganduxer.escolateresiana.com\/es\/wp-json\/wp\/v2\/pages\/3220\/revisions\/3473"}],"wp:attachment":[{"href":"https:\/\/ganduxer.escolateresiana.com\/es\/wp-json\/wp\/v2\/media?parent=3220"}],"curies":[{"name":"wp","href":"https:\/\/api.w.org\/{rel}","templated":true}]}}