{"id":3215,"date":"2022-05-31T14:19:29","date_gmt":"2022-05-31T13:19:29","guid":{"rendered":"https:\/\/ganduxer.escolateresiana.com\/educadores\/"},"modified":"2024-02-29T09:22:14","modified_gmt":"2024-02-29T08:22:14","slug":"educadores","status":"publish","type":"page","link":"https:\/\/ganduxer.escolateresiana.com\/es\/educadores\/","title":{"rendered":"Educadores"},"content":{"rendered":"<p>[vc_row css_animation=\u00bb\u00bb row_type=\u00bbrow\u00bb use_row_as_full_screen_section=\u00bbno\u00bb type=\u00bbfull_width\u00bb angled_section=\u00bbno\u00bb text_align=\u00bbleft\u00bb background_image_as_pattern=\u00bbwithout_pattern\u00bb][vc_column][qode_elements_holder number_of_columns=\u00bbtwo_columns\u00bb][qode_elements_holder_item advanced_animations=\u00bbno\u00bb][vc_single_image image=\u00bb2776&#8243; img_size=\u00bbfull\u00bb qode_css_animation=\u00bb\u00bb][\/qode_elements_holder_item][qode_elements_holder_item advanced_animations=\u00bbno\u00bb item_padding=\u00bb0px 30px 0px 30px\u00bb background_image=\u00bb704&#8243;][vc_column_text]<\/p>\n<div style=\"background-color: white; margin: 20px; padding: 20px;\">\n<h2>EDUCAMOS POR VOCACI\u00d3N<\/h2>\n<p>&nbsp;<\/p>\n<p>El educador teresiano lo es por <strong>vocaci\u00f3n<\/strong> , y pone todos sus talentos al servicio de un proyecto compartido. Formamos un equipo que no deja de actualizarse a nivel pedag\u00f3gico y carism\u00e1tico. Nuestra prioridad: <strong>la educaci\u00f3n integral de la persona<\/strong> . Cada alumno es \u00fanico y se encuentra en el centro de nuestra misi\u00f3n.<\/p>\n<\/div>\n<p>[\/vc_column_text][\/qode_elements_holder_item][\/qode_elements_holder][\/vc_column][\/vc_row][vc_row css_animation=\u00bbelement_from_right\u00bb row_type=\u00bbrow\u00bb use_row_as_full_screen_section=\u00bbno\u00bb type=\u00bbfull_width\u00bb angled_section=\u00bbno\u00bb text_align=\u00bbleft\u00bb background_image_as_pattern=\u00bbwithout_pattern\u00bb css=\u00bb.vc_custom_1651569422056{background-color: #ffffff !important;}\u00bb z_index=\u00bb\u00bb][vc_column][vc_empty_space height=\u00bb50px\u00bb][vc_column_text]<\/p>\n<h2 style=\"text-align: center; color: #45ac34;\"><span style=\"font-weight: 400;\">As\u00ed son nuestros educadores<\/span><\/h2>\n<p>[\/vc_column_text][vc_empty_space height=\u00bb50px\u00bb][qode_circles columns=\u00bbfour_columns\u00bb circle_line=\u00bbwith_line\u00bb line_color=\u00bb#45ac34&#8243;][qode_circle type=\u00bbimage_type\u00bb image=\u00bb730&#8243; text=\u00bbMuy identificado<br \/>\nImplicado<br \/>\nComprometido\u00bb background_color=\u00bb#45ac34&#8243;][qode_circle type=\u00bbimage_type\u00bb image=\u00bb731&#8243; text=\u00bbProfesional<br \/>\nCompetente<br \/>\nResponsable\u00bb background_color=\u00bb#45ac34&#8243;][qode_circle type=\u00bbimage_type\u00bb image=\u00bb732&#8243; text=\u00bbEn continua actualizaci\u00f3n<br \/>\nTrabajo en equipo\u00bb background_color=\u00bb#45ac34&#8243;][qode_circle type=\u00bbimage_type\u00bb image=\u00bb733&#8243; text=\u00bbEntusiasta<br \/>\nPr\u00f3ximo<br \/>\nEmp\u00e1tico\u00bb background_color=\u00bb#45ac34&#8243;][\/qode_circles][vc_empty_space][\/vc_column][\/vc_row]<\/p>\n","protected":false},"excerpt":{"rendered":"<p>[vc_row css_animation=\u00bb\u00bb row_type=\u00bbrow\u00bb use_row_as_full_screen_section=\u00bbno\u00bb type=\u00bbfull_width\u00bb angled_section=\u00bbno\u00bb text_align=\u00bbleft\u00bb background_image_as_pattern=\u00bbwithout_pattern\u00bb][vc_column][qode_elements_holder number_of_columns=\u00bbtwo_columns\u00bb][qode_elements_holder_item advanced_animations=\u00bbno\u00bb][vc_single_image image=\u00bb2776&#8243; img_size=\u00bbfull\u00bb qode_css_animation=\u00bb\u00bb][\/qode_elements_holder_item][qode_elements_holder_item advanced_animations=\u00bbno\u00bb item_padding=\u00bb0px 30px 0px 30px\u00bb background_image=\u00bb704&#8243;][vc_column_text] EDUCAMOS POR VOCACI\u00d3N &nbsp; El educador teresiano lo es por vocaci\u00f3n , y pone todos sus talentos al servicio de un proyecto compartido. Formamos un equipo&#8230;<\/p>\n","protected":false},"author":1,"featured_media":0,"parent":0,"menu_order":0,"comment_status":"closed","ping_status":"closed","template":"full_width.php","meta":{"footnotes":""},"class_list":["post-3215","page","type-page","status-publish","hentry"],"_links":{"self":[{"href":"https:\/\/ganduxer.escolateresiana.com\/es\/wp-json\/wp\/v2\/pages\/3215","targetHints":{"allow":["GET"]}}],"collection":[{"href":"https:\/\/ganduxer.escolateresiana.com\/es\/wp-json\/wp\/v2\/pages"}],"about":[{"href":"https:\/\/ganduxer.escolateresiana.com\/es\/wp-json\/wp\/v2\/types\/page"}],"author":[{"embeddable":true,"href":"https:\/\/ganduxer.escolateresiana.com\/es\/wp-json\/wp\/v2\/users\/1"}],"replies":[{"embeddable":true,"href":"https:\/\/ganduxer.escolateresiana.com\/es\/wp-json\/wp\/v2\/comments?post=3215"}],"version-history":[{"count":5,"href":"https:\/\/ganduxer.escolateresiana.com\/es\/wp-json\/wp\/v2\/pages\/3215\/revisions"}],"predecessor-version":[{"id":3470,"href":"https:\/\/ganduxer.escolateresiana.com\/es\/wp-json\/wp\/v2\/pages\/3215\/revisions\/3470"}],"wp:attachment":[{"href":"https:\/\/ganduxer.escolateresiana.com\/es\/wp-json\/wp\/v2\/media?parent=3215"}],"curies":[{"name":"wp","href":"https:\/\/api.w.org\/{rel}","templated":true}]}}