{"id":3210,"date":"2022-06-01T09:01:42","date_gmt":"2022-06-01T08:01:42","guid":{"rendered":"https:\/\/ganduxer.escolateresiana.com\/idiomas\/"},"modified":"2024-03-01T10:26:18","modified_gmt":"2024-03-01T09:26:18","slug":"idiomas","status":"publish","type":"page","link":"https:\/\/ganduxer.escolateresiana.com\/es\/idiomas\/","title":{"rendered":"Idiomas"},"content":{"rendered":"<p>[vc_row css_animation=\u00bb\u00bb row_type=\u00bbrow\u00bb use_row_as_full_screen_section=\u00bbno\u00bb type=\u00bbfull_width\u00bb angled_section=\u00bbno\u00bb text_align=\u00bbleft\u00bb background_image_as_pattern=\u00bbwithout_pattern\u00bb][vc_column][qode_elements_holder number_of_columns=\u00bbtwo_columns\u00bb][qode_elements_holder_item advanced_animations=\u00bbno\u00bb][vc_single_image image=\u00bb2793&#8243; img_size=\u00bbfull\u00bb qode_css_animation=\u00bb\u00bb][\/qode_elements_holder_item][qode_elements_holder_item advanced_animations=\u00bbno\u00bb item_padding=\u00bb0px 30px 0px 30px\u00bb background_image=\u00bb1360&#8243;][vc_column_text css=\u00bb.vc_custom_1677584113549{padding-top: 15px !important;padding-right: 15px !important;padding-bottom: 15px !important;padding-left: 15px !important;background-color: rgba(255,255,255,0.71) !important;*background-color: rgb(255,255,255) !important;}\u00bb]<\/p>\n<h2><span style=\"color: #45ac34;\">Alumnos globales<\/span><\/h2>\n<p>&nbsp;<\/p>\n<p>&nbsp;<\/p>\n<p style=\"text-align: left; line-height: 28px;\">Queremos dar a nuestros alumnos las herramientas que les permitan relacionarse con un mundo interconectado. Las lenguas son necesarias adem\u00e1s para conocer nuevas culturas y pensamientos y adquirir un pensamiento cr\u00edtico sobre la propia realidad. Somos conscientes de que el ingl\u00e9s no es suficiente y por eso tambi\u00e9n apostamos por equiparar su aprendizaje al del franc\u00e9s a lo largo de la etapa de Secundaria. Creemos que las lenguas extranjeras deben aprenderse de una manera experiencial y por eso participamos de intercambios con escuelas en el extranjero. Tambi\u00e9n promovemos que los alumnos acrediten su nivel como forma de motivaci\u00f3n.<\/p>\n<p>[\/vc_column_text][\/qode_elements_holder_item][\/qode_elements_holder][\/vc_column][\/vc_row][vc_row css_animation=\u00bb\u00bb row_type=\u00bbrow\u00bb use_row_as_full_screen_section=\u00bbno\u00bb type=\u00bbgrid\u00bb angled_section=\u00bbno\u00bb text_align=\u00bbleft\u00bb background_image_as_pattern=\u00bbwithout_pattern\u00bb z_index=\u00bb\u00bb padding_top=\u00bb60&#8243; padding_bottom=\u00bb60&#8243;][vc_column][vc_single_image image=\u00bb2695&#8243; img_size=\u00bbfull\u00bb alignment=\u00bbcenter\u00bb qode_css_animation=\u00bb\u00bb][vc_column_text]<\/p>\n<h3 class=\" ztl-main-font ztl-left ztl-font-normal\" style=\"text-align: center;\"><span style=\"color: #45ac34;\">EL PATRIMONIO COM\u00daN DE LA LENGUA<\/span><\/h3>\n<p>&nbsp;<\/p>\n<p style=\"line-height: 28px; text-align: center;\">El aprendizaje de las lenguas comienza por conocer y potenciar las propias. Por ello, promovemos que nuestros alumnos adquieran una buena competencia ling\u00fc\u00edstica en catal\u00e1n y castellano. Una buena expresi\u00f3n y comprensi\u00f3n, tanto a nivel escrito como oral, est\u00e1n en la base del desarrollo en cualquier \u00e1mbito y garant\u00eda de igualdad de oportunidades.<\/p>\n<p>[\/vc_column_text][\/vc_column][\/vc_row][vc_row css_animation=\u00bb\u00bb row_type=\u00bbrow\u00bb use_row_as_full_screen_section=\u00bbno\u00bb type=\u00bbgrid\u00bb angled_section=\u00bbno\u00bb text_align=\u00bbleft\u00bb background_image_as_pattern=\u00bbwithout_pattern\u00bb z_index=\u00bb\u00bb background_color=\u00bb#ffffff\u00bb][vc_column][vc_empty_space height=\u00bb90px\u00bb][vc_column_text]<\/p>\n<h3 style=\"text-align: center;\"><span style=\"color: #45ac34;\">IDIOMAS EN NUESTRA ESCUELA<\/span><\/h3>\n<p>[\/vc_column_text][vc_empty_space height=\u00bb90px\u00bb][\/vc_column][\/vc_row][vc_row css_animation=\u00bb\u00bb row_type=\u00bbrow\u00bb use_row_as_full_screen_section=\u00bbno\u00bb type=\u00bbgrid\u00bb angled_section=\u00bbno\u00bb text_align=\u00bbleft\u00bb background_image_as_pattern=\u00bbwithout_pattern\u00bb z_index=\u00bb\u00bb background_color=\u00bb#ffffff\u00bb][vc_column width=\u00bb1\/2&#8243;][vc_single_image image=\u00bb2707&#8243; img_size=\u00bbfull\u00bb qode_css_animation=\u00bb\u00bb][\/vc_column][vc_column width=\u00bb1\/2&#8243; css=\u00bb.vc_custom_1673433258033{background-color: #d9efc6 !important;}\u00bb]<div class=\"qode-accordion-holder clearfix qode-accordion qode-initial \">\n\t<h4 class=\"clearfix qode-title-holder\">\n<span class=\"qode-tab-title\">\n\t    <span class=\"qode-tab-title-inner\">\n        INGL\u00c9S    <\/span>\n<\/span>\n<span class=\"qode-accordion-mark\">\n    <span class=\"qode-accordion-mark-icon\">\n        <span class=\"icon_plus\"><\/span>\n        <span class=\"icon_minus-06\"><\/span>\n    <\/span>\n<\/span>\n<\/h4>\n<div  class=\"qode-accordion-content \" >\n    <div class=\"qode-accordion-content-inner\">\n        [vc_column_text]<strong>Queremos que nuestro alumnado termine la etapa escolar dominando la lengua inglesa<\/strong> y les preparamos para que lo acrediten. Por esta raz\u00f3n, se refuerza la carga horaria del ingl\u00e9s curricular en las etapas de Infantil y Primaria y se trabaja en grupos reducidos en toda la etapa de Secundaria. Pero, adem\u00e1s, es necesario aportar una visi\u00f3n global del ingl\u00e9s que no se limite a las horas que el curr\u00edculo propone.<\/p>\n<p>&nbsp;<\/p>\n<ul>\n<li>Auxiliares de conversaci\u00f3n nativos en Primaria<\/li>\n<li>Intercambios y estancias en el extranjero<\/li>\n<li>Asignaturas y unidades did\u00e1cticas en ingl\u00e9s.<\/li>\n<li>Bachillerato Americano a partir de 3\u00ba de ESO. Programa Dual, doble titulaci\u00f3n<\/li>\n<li>Preparador oficial de Cambridge.<\/li>\n<\/ul>\n<p>[\/vc_column_text]    <\/div>\n<\/div><h4 class=\"clearfix qode-title-holder\">\n<span class=\"qode-tab-title\">\n\t    <span class=\"qode-tab-title-inner\">\n        FRANC\u00c9S    <\/span>\n<\/span>\n<span class=\"qode-accordion-mark\">\n    <span class=\"qode-accordion-mark-icon\">\n        <span class=\"icon_plus\"><\/span>\n        <span class=\"icon_minus-06\"><\/span>\n    <\/span>\n<\/span>\n<\/h4>\n<div  class=\"qode-accordion-content \" >\n    <div class=\"qode-accordion-content-inner\">\n        [vc_column_text]El franc\u00e9s se incorpora como <strong>segunda lengua extranjera<\/strong> ya en 3\u00ba de Primaria y se equipara al ingl\u00e9s a lo largo de toda la Secundaria.<\/p>\n<p>&nbsp;<\/p>\n<ul>\n<li>Actividades de inmersi\u00f3n: teatro, salidas culturales\u2026<\/li>\n<li>Intercambios escolares con Francia.<\/li>\n<li>Centro preparador de DELF y DALF.<\/li>\n<li>Doble titulaci\u00f3n<\/li>\n<\/ul>\n<p>[\/vc_column_text]    <\/div>\n<\/div><\/div>[vc_empty_space][\/vc_column][\/vc_row][vc_row css_animation=\u00bb\u00bb row_type=\u00bbrow\u00bb use_row_as_full_screen_section=\u00bbno\u00bb type=\u00bbfull_width\u00bb angled_section=\u00bbno\u00bb text_align=\u00bbleft\u00bb background_image_as_pattern=\u00bbwithout_pattern\u00bb css=\u00bb.vc_custom_1673359191879{background-color: #ffffff !important;}\u00bb z_index=\u00bb\u00bb][vc_column][vc_empty_space][\/vc_column][\/vc_row][vc_row css_animation=\u00bb\u00bb row_type=\u00bbrow\u00bb use_row_as_full_screen_section=\u00bbno\u00bb type=\u00bbfull_width\u00bb angled_section=\u00bbno\u00bb text_align=\u00bbleft\u00bb background_image_as_pattern=\u00bbwithout_pattern\u00bb][vc_column][vc_gallery type=\u00bbimage_grid\u00bb images=\u00bb2794,2796,2795,2797&#8243; img_size=\u00bbfull\u00bb column_number=\u00bb4&#8243; grayscale=\u00bbno\u00bb images_space=\u00bbgallery_without_space\u00bb][\/vc_column][\/vc_row]<\/p>\n","protected":false},"excerpt":{"rendered":"<p>[vc_row css_animation=\u00bb\u00bb row_type=\u00bbrow\u00bb use_row_as_full_screen_section=\u00bbno\u00bb type=\u00bbfull_width\u00bb angled_section=\u00bbno\u00bb text_align=\u00bbleft\u00bb background_image_as_pattern=\u00bbwithout_pattern\u00bb][vc_column][qode_elements_holder number_of_columns=\u00bbtwo_columns\u00bb][qode_elements_holder_item advanced_animations=\u00bbno\u00bb][vc_single_image image=\u00bb2793&#8243; img_size=\u00bbfull\u00bb qode_css_animation=\u00bb\u00bb][\/qode_elements_holder_item][qode_elements_holder_item advanced_animations=\u00bbno\u00bb item_padding=\u00bb0px 30px 0px 30px\u00bb background_image=\u00bb1360&#8243;][vc_column_text css=\u00bb.vc_custom_1677584113549{padding-top: 15px !important;padding-right: 15px !important;padding-bottom: 15px !important;padding-left: 15px !important;background-color: rgba(255,255,255,0.71) !important;*background-color: rgb(255,255,255) !important;}\u00bb] Alumnos globales &nbsp; &nbsp; Queremos dar a nuestros alumnos las herramientas que les&#8230;<\/p>\n","protected":false},"author":1,"featured_media":0,"parent":0,"menu_order":0,"comment_status":"closed","ping_status":"closed","template":"full_width.php","meta":{"footnotes":""},"class_list":["post-3210","page","type-page","status-publish","hentry"],"_links":{"self":[{"href":"https:\/\/ganduxer.escolateresiana.com\/es\/wp-json\/wp\/v2\/pages\/3210","targetHints":{"allow":["GET"]}}],"collection":[{"href":"https:\/\/ganduxer.escolateresiana.com\/es\/wp-json\/wp\/v2\/pages"}],"about":[{"href":"https:\/\/ganduxer.escolateresiana.com\/es\/wp-json\/wp\/v2\/types\/page"}],"author":[{"embeddable":true,"href":"https:\/\/ganduxer.escolateresiana.com\/es\/wp-json\/wp\/v2\/users\/1"}],"replies":[{"embeddable":true,"href":"https:\/\/ganduxer.escolateresiana.com\/es\/wp-json\/wp\/v2\/comments?post=3210"}],"version-history":[{"count":5,"href":"https:\/\/ganduxer.escolateresiana.com\/es\/wp-json\/wp\/v2\/pages\/3210\/revisions"}],"predecessor-version":[{"id":3507,"href":"https:\/\/ganduxer.escolateresiana.com\/es\/wp-json\/wp\/v2\/pages\/3210\/revisions\/3507"}],"wp:attachment":[{"href":"https:\/\/ganduxer.escolateresiana.com\/es\/wp-json\/wp\/v2\/media?parent=3210"}],"curies":[{"name":"wp","href":"https:\/\/api.w.org\/{rel}","templated":true}]}}