{"id":3197,"date":"2022-05-19T10:32:33","date_gmt":"2022-05-19T09:32:33","guid":{"rendered":"https:\/\/ganduxer.escolateresiana.com\/alumnos\/"},"modified":"2024-02-29T09:21:22","modified_gmt":"2024-02-29T08:21:22","slug":"alumnos","status":"publish","type":"page","link":"https:\/\/ganduxer.escolateresiana.com\/es\/alumnos\/","title":{"rendered":"Alumnos"},"content":{"rendered":"<p>[vc_row css_animation=\u00bb\u00bb row_type=\u00bbrow\u00bb use_row_as_full_screen_section=\u00bbno\u00bb type=\u00bbfull_width\u00bb angled_section=\u00bbno\u00bb text_align=\u00bbleft\u00bb background_image_as_pattern=\u00bbwithout_pattern\u00bb][vc_column][qode_elements_holder number_of_columns=\u00bbtwo_columns\u00bb][qode_elements_holder_item vertical_alignment=\u00bbmiddle\u00bb advanced_animations=\u00bbno\u00bb item_padding=\u00bb0px 60px 0px 60px\u00bb][vc_column_text]<\/p>\n<h3><span style=\"color: #45ac34;\">ALUMNOS PARA EL FUTURO<\/span><\/h3>\n<p>&nbsp;<\/p>\n<p>Formamos <strong>personas que quieran transformar el mundo<\/strong>. La escuela pretende ser un modelo de convivencia y experiencia para la vida.[\/vc_column_text][vc_empty_space height=\u00bb20px\u00bb][\/qode_elements_holder_item][qode_elements_holder_item advanced_animations=\u00bbno\u00bb][vc_single_image image=\u00bb2774&#8243; img_size=\u00bbfull\u00bb qode_css_animation=\u00bb\u00bb][\/qode_elements_holder_item][\/qode_elements_holder][\/vc_column][\/vc_row][vc_row css_animation=\u00bbelement_from_right\u00bb row_type=\u00bbrow\u00bb use_row_as_full_screen_section=\u00bbno\u00bb type=\u00bbfull_width\u00bb angled_section=\u00bbno\u00bb text_align=\u00bbleft\u00bb background_image_as_pattern=\u00bbwithout_pattern\u00bb css=\u00bb.vc_custom_1652082657161{background-color: #ffffff !important;}\u00bb z_index=\u00bb\u00bb][vc_column css_animation=\u00bbzoomIn\u00bb][vc_empty_space height=\u00bb90px\u00bb][vc_column_text]<\/p>\n<h2 style=\"text-align: center;\"><span style=\"color: #45ac34; margin-left: 60px;\">#somosteresianos<\/span><\/h2>\n<p>[\/vc_column_text][vc_empty_space height=\u00bb90px\u00bb][vc_row_inner row_type=\u00bbrow\u00bb type=\u00bbgrid\u00bb text_align=\u00bbleft\u00bb css_animation=\u00bb\u00bb][vc_column_inner width=\u00bb1\/3&#8243;][vc_single_image image=\u00bb2524&#8243; img_size=\u00bbfull\u00bb alignment=\u00bbcenter\u00bb qode_css_animation=\u00bb\u00bb][vc_empty_space][vc_column_text]<\/p>\n<p style=\"text-align: center;\"><strong>Personas en proceso<\/strong> constante de autoconocimiento, responsables, libres, aut\u00f3nomas y emocionalmente inteligentes.<\/p>\n<p>[\/vc_column_text][vc_empty_space][\/vc_column_inner][vc_column_inner width=\u00bb1\/3&#8243;][vc_single_image image=\u00bb2523&#8243; img_size=\u00bbfull\u00bb alignment=\u00bbcenter\u00bb qode_css_animation=\u00bb\u00bb][vc_empty_space][vc_column_text]<\/p>\n<p style=\"text-align: center;\"><strong>Sujetos de encuentro<\/strong> , abiertos y acogedores, nos relacionamos de forma pac\u00edfica y constructiva, miramos al pr\u00f3jimo con cari\u00f1o y respeto y tenemos capacidad de escucha.<\/p>\n<p>[\/vc_column_text][vc_empty_space][\/vc_column_inner][vc_column_inner width=\u00bb1\/3&#8243;][vc_single_image image=\u00bb2522&#8243; img_size=\u00bbfull\u00bb alignment=\u00bbcenter\u00bb qode_css_animation=\u00bb\u00bb][vc_empty_space][vc_column_text]<\/p>\n<p style=\"text-align: center;\"><strong>Protagonistas de nuestro aprendizaje,<\/strong> competentes en muchos \u00e1mbitos, sabemos trabajar en equipo, somos creativos, activos y reflexivos.<\/p>\n<p>[\/vc_column_text][vc_empty_space][\/vc_column_inner][\/vc_row_inner][vc_empty_space][vc_row_inner row_type=\u00bbrow\u00bb type=\u00bbgrid\u00bb text_align=\u00bbleft\u00bb css_animation=\u00bb\u00bb][vc_column_inner width=\u00bb1\/6&#8243;][\/vc_column_inner][vc_column_inner width=\u00bb1\/3&#8243;][vc_single_image image=\u00bb2521&#8243; img_size=\u00bbfull\u00bb alignment=\u00bbcenter\u00bb qode_css_animation=\u00bb\u00bb][vc_empty_space][vc_column_text]<\/p>\n<p style=\"text-align: center;\"><strong>Transformadores sociales,<\/strong> sensibles y comprometidos con la sostenibilidad del planeta, con esp\u00edritu cr\u00edtico y \u00e9tico, proactivos e inclusivos.<\/p>\n<p>[\/vc_column_text][vc_empty_space][\/vc_column_inner][vc_column_inner width=\u00bb1\/3&#8243;][vc_single_image image=\u00bb2520&#8243; img_size=\u00bbfull\u00bb alignment=\u00bbcenter\u00bb qode_css_animation=\u00bb\u00bb][vc_empty_space][vc_column_text]<\/p>\n<p style=\"text-align: center;\"><strong>Creyentes teresianos,<\/strong> cultivamos nuestra interioridad, estamos abiertos a la trascendencia ya la relaci\u00f3n con Dios, en b\u00fasqueda vocacional y con valores teresianos. Nos sentimos familia teresiana y celebramos la fe.<\/p>\n<p>[\/vc_column_text][vc_empty_space][\/vc_column_inner][vc_column_inner width=\u00bb1\/6&#8243;][\/vc_column_inner][\/vc_row_inner][vc_empty_space height=\u00bb90px\u00bb][\/vc_column][\/vc_row][vc_row css_animation=\u00bb\u00bb row_type=\u00bbrow\u00bb use_row_as_full_screen_section=\u00bbno\u00bb type=\u00bbgrid\u00bb angled_section=\u00bbno\u00bb text_align=\u00bbleft\u00bb background_image_as_pattern=\u00bbwithout_pattern\u00bb css=\u00bb.vc_custom_1673351520889{background-image: url(https:\/\/ganduxer.escolateresiana.com\/wp-content\/uploads\/2022\/05\/SLIDE-SIN.png?id=493) !important;background-position: center !important;background-repeat: no-repeat !important;background-size: contain !important;}\u00bb z_index=\u00bb\u00bb padding_top=\u00bb80&#8243; padding_bottom=\u00bb80&#8243;][vc_column][vc_column_text][\/vc_column_text][vc_empty_space]<div class='testimonials_c_holder clearfix dark'><div class=\"testimonials_c testimonials_c_carousel\" data-show-navigation=\"yes\" data-animation-speed=\"\" data-auto-rotate-slides=\"5\" data-number-per-slide=\"1\"><ul class=\"slides\"><li id=\"testimonials-c-3903\" class=\"testimonial_content\"><div class=\"testimonial_content_inner\"><div class=\"testimonial_image_holder\"><img decoding=\"async\" src=\"https:\/\/ganduxer.escolateresiana.com\/wp-content\/uploads\/2025\/05\/Mercedes-VilaClara.jpg\" \/><\/div><div class=\"testimonial_text_holder\"><div class=\"testimonial_text_inner\" style=\"\"><p>\"Santa Teresa Ganduxer me dio una base acad\u00e9mica incre\u00edble. Llegu\u00e9 a la universidad con seguridad y preparaci\u00f3n, y pude estudiar lo que realmente quer\u00eda. Los valores de esfuerzo y excelencia que aprend\u00ed aqu\u00ed me acompa\u00f1an en todo lo que hago.\"<\/p><p class=\"testimonial_author\" style=\"\">-Mercedes Vilaclara<\/p><\/div><\/div><\/div><\/li><li id=\"testimonials-c-3887\" class=\"testimonial_content\"><div class=\"testimonial_content_inner\"><div class=\"testimonial_image_holder\"><img decoding=\"async\" src=\"https:\/\/ganduxer.escolateresiana.com\/wp-content\/uploads\/2025\/05\/Marta-Javier.jpg\" \/><\/div><div class=\"testimonial_text_holder\"><div class=\"testimonial_text_inner\" style=\"\"><p>Para nosotros, como padres, ha sido la mejor elecci\u00f3n. Desde el primer momento, vimos que era un colegio acogedor y alineado con nuestros valores. El trato de las profesoras es profesional y cercano, y organizan muchas actividades para un aprendizaje completo. Siempre nos hemos sentido acompa\u00f1ados y apoyados. Nuestra hija va encantada cada d\u00eda, y ya hemos inscrito a nuestro segundo hijo para el pr\u00f3ximo a\u00f1o. \u00a1Lo recomendamos al 100%!<\/p><p class=\"testimonial_author\" style=\"\">-Marta y Javier<\/p><\/div><\/div><\/div><\/li><li id=\"testimonials-c-3881\" class=\"testimonial_content\"><div class=\"testimonial_content_inner\"><div class=\"testimonial_image_holder\"><img decoding=\"async\" src=\"https:\/\/ganduxer.escolateresiana.com\/wp-content\/uploads\/2025\/05\/Claudia-Navarrete.jpg\" \/><\/div><div class=\"testimonial_text_holder\"><div class=\"testimonial_text_inner\" style=\"\"><p>\u201cPara m\u00ed nuestro cole es un centro excelente por todos los aspectos posibles. El colegio es un gran privilegio, me ha aportado muchas cosas buenas, como conocer a gran parte de mis amigas o vivir momentos important\u00edsimos. Tambi\u00e9n he conocido a profesores que me han ayudado mucho en mi d\u00eda a d\u00eda.\"<\/p><p class=\"testimonial_author\" style=\"\">-Claudia Navarrete<\/p><\/div><\/div><\/div><\/li><li id=\"testimonials-c-3878\" class=\"testimonial_content\"><div class=\"testimonial_content_inner\"><div class=\"testimonial_image_holder\"><img decoding=\"async\" src=\"https:\/\/ganduxer.escolateresiana.com\/wp-content\/uploads\/2025\/05\/Pablo-Goded.jpg\" \/><\/div><div class=\"testimonial_text_holder\"><div class=\"testimonial_text_inner\" style=\"\"><p>\u201cEntre tantas cosas que me dio el colegio, los profesores fue lo m\u00e1s importante. A\u00f1os despu\u00e9s, sigo valorando el compromiso con el que nos ense\u00f1aron, la paciencia, y la exigencia con la que nos ayudaron a crecer. En Santa Teresa Ganduxer no solo aprend\u00ed contenidos, aprend\u00ed a ser mejor persona.\"<\/p><p class=\"testimonial_author\" style=\"\">-Pablo Goded<\/p><\/div><\/div><\/div><\/li><\/ul><\/div><\/div>[\/vc_column][\/vc_row]<\/p>\n","protected":false},"excerpt":{"rendered":"<p>[vc_row css_animation=\u00bb\u00bb row_type=\u00bbrow\u00bb use_row_as_full_screen_section=\u00bbno\u00bb type=\u00bbfull_width\u00bb angled_section=\u00bbno\u00bb text_align=\u00bbleft\u00bb background_image_as_pattern=\u00bbwithout_pattern\u00bb][vc_column][qode_elements_holder number_of_columns=\u00bbtwo_columns\u00bb][qode_elements_holder_item vertical_alignment=\u00bbmiddle\u00bb advanced_animations=\u00bbno\u00bb item_padding=\u00bb0px 60px 0px 60px\u00bb][vc_column_text] ALUMNOS PARA EL FUTURO &nbsp; Formamos personas que quieran transformar el mundo. La escuela pretende ser un modelo de convivencia y experiencia para la vida.[\/vc_column_text][vc_empty_space height=\u00bb20px\u00bb][\/qode_elements_holder_item][qode_elements_holder_item advanced_animations=\u00bbno\u00bb][vc_single_image image=\u00bb2774&#8243; img_size=\u00bbfull\u00bb qode_css_animation=\u00bb\u00bb][\/qode_elements_holder_item][\/qode_elements_holder][\/vc_column][\/vc_row][vc_row&#8230;<\/p>\n","protected":false},"author":1,"featured_media":0,"parent":0,"menu_order":0,"comment_status":"closed","ping_status":"closed","template":"full_width.php","meta":{"footnotes":""},"class_list":["post-3197","page","type-page","status-publish","hentry"],"_links":{"self":[{"href":"https:\/\/ganduxer.escolateresiana.com\/es\/wp-json\/wp\/v2\/pages\/3197","targetHints":{"allow":["GET"]}}],"collection":[{"href":"https:\/\/ganduxer.escolateresiana.com\/es\/wp-json\/wp\/v2\/pages"}],"about":[{"href":"https:\/\/ganduxer.escolateresiana.com\/es\/wp-json\/wp\/v2\/types\/page"}],"author":[{"embeddable":true,"href":"https:\/\/ganduxer.escolateresiana.com\/es\/wp-json\/wp\/v2\/users\/1"}],"replies":[{"embeddable":true,"href":"https:\/\/ganduxer.escolateresiana.com\/es\/wp-json\/wp\/v2\/comments?post=3197"}],"version-history":[{"count":7,"href":"https:\/\/ganduxer.escolateresiana.com\/es\/wp-json\/wp\/v2\/pages\/3197\/revisions"}],"predecessor-version":[{"id":3469,"href":"https:\/\/ganduxer.escolateresiana.com\/es\/wp-json\/wp\/v2\/pages\/3197\/revisions\/3469"}],"wp:attachment":[{"href":"https:\/\/ganduxer.escolateresiana.com\/es\/wp-json\/wp\/v2\/media?parent=3197"}],"curies":[{"name":"wp","href":"https:\/\/api.w.org\/{rel}","templated":true}]}}