{"id":3190,"date":"2022-11-08T14:06:11","date_gmt":"2022-11-08T13:06:11","guid":{"rendered":"https:\/\/ganduxer.escolateresiana.com\/bachillerato\/"},"modified":"2026-03-09T10:58:35","modified_gmt":"2026-03-09T09:58:35","slug":"bachillerato","status":"publish","type":"page","link":"https:\/\/ganduxer.escolateresiana.com\/es\/bachillerato\/","title":{"rendered":"Bachillerato"},"content":{"rendered":"<p>[vc_row css_animation=\u00bb\u00bb row_type=\u00bbrow\u00bb use_row_as_full_screen_section=\u00bbno\u00bb type=\u00bbfull_width\u00bb angled_section=\u00bbno\u00bb text_align=\u00bbleft\u00bb background_image_as_pattern=\u00bbwithout_pattern\u00bb][vc_column]\n\t\t\t<!-- START BACHILLERATO CAST REVOLUTION SLIDER 6.5.14 --><p class=\"rs-p-wp-fix\"><\/p>\n\t\t\t<rs-module-wrap id=\"rev_slider_26_1_wrapper\" data-source=\"gallery\" style=\"visibility:hidden;background:transparent;padding:0;margin:0px auto;margin-top:0;margin-bottom:0;\">\n\t\t\t\t<rs-module id=\"rev_slider_26_1\" style=\"\" data-version=\"6.5.14\">\n\t\t\t\t\t<rs-slides>\n\t\t\t\t\t\t<rs-slide style=\"position: absolute;\" data-key=\"rs-28\" data-title=\"Slide\" data-in=\"o:0;\" data-out=\"a:false;\">\n\t\t\t\t\t\t\t<img decoding=\"async\" src=\"\/\/ganduxer.escolateresiana.com\/wp-content\/plugins\/revslider\/public\/assets\/assets\/dummy.png\" alt=\"Slide\" title=\"Bachillerato\" class=\"rev-slidebg tp-rs-img rs-lazyload\" data-lazyload=\"\/\/ganduxer.escolateresiana.com\/wp-content\/plugins\/revslider\/public\/assets\/assets\/transparent.png\" data-bg=\"c:#45ac34;\" data-no-retina>\n<!--\n\t\t\t\t\t\t\t--><rs-layer\n\t\t\t\t\t\t\t\tid=\"slider-26-slide-28-layer-0\" \n\t\t\t\t\t\t\t\tclass=\"rs-fsv rs-layer-video intrinsic-ignore\"\n\t\t\t\t\t\t\t\tdata-type=\"video\"\n\t\t\t\t\t\t\t\tdata-rsp_ch=\"on\"\n\t\t\t\t\t\t\t\tdata-xy=\"x:0;y:0;\"\n\t\t\t\t\t\t\t\tdata-text=\"w:normal;\"\n\t\t\t\t\t\t\t\tdata-dim=\"w:100%;h:100%;\"\n\t\t\t\t\t\t\t\tdata-basealign=\"slide\"\n\t\t\t\t\t\t\t\tdata-video=\"vfc:true;vd:100;fc:true;l:true;ptimer:false;nse:f;\"\n\t\t\t\t\t\t\t\tdata-poster=\"\/\/ganduxer.escolateresiana.com\/wp-content\/uploads\/revslider\/video-media\/BAT-CAST_28_layer.jpeg\"\n\t\t\t\t\t\t\t\tdata-mp4=\"\/\/ganduxer.escolateresiana.com\/wp-content\/uploads\/2024\/02\/BAT-CAST.mp4\"\n\t\t\t\t\t\t\t\tdata-frame_999=\"o:0;st:w;sR:8700;\"\n\t\t\t\t\t\t\t\tstyle=\"z-index:8;\"\n\t\t\t\t\t\t\t>\n\t\t\t\t\t\t\t<\/rs-layer><!--\n-->\t\t\t\t\t\t<\/rs-slide>\n\t\t\t\t\t<\/rs-slides>\n\t\t\t\t<\/rs-module>\n\t\t\t\t<script>\n\t\t\t\t\tsetREVStartSize({c: 'rev_slider_26_1',rl:[1240,1024,778,480],el:[700],gw:[ 1280],gh:[700],type:'standard',justify:'',layout:'fullwidth',mh:\"0\"});if (window.RS_MODULES!==undefined && window.RS_MODULES.modules!==undefined && window.RS_MODULES.modules[\"revslider261\"]!==undefined) {window.RS_MODULES.modules[\"revslider261\"].once = false;window.revapi26 = undefined;if (window.RS_MODULES.checkMinimal!==undefined) window.RS_MODULES.checkMinimal()}\n\t\t\t\t<\/script>\n\t\t\t<\/rs-module-wrap>\n\t\t\t<!-- END REVOLUTION SLIDER -->\n[\/vc_column][\/vc_row][vc_row css_animation=\u00bb\u00bb row_type=\u00bbrow\u00bb use_row_as_full_screen_section=\u00bbno\u00bb type=\u00bbfull_width\u00bb angled_section=\u00bbno\u00bb text_align=\u00bbleft\u00bb background_image_as_pattern=\u00bbwithout_pattern\u00bb][vc_column][qode_elements_holder number_of_columns=\u00bbtwo_columns\u00bb][qode_elements_holder_item advanced_animations=\u00bbno\u00bb][vc_single_image image=\u00bb2788&#8243; img_size=\u00bbfull\u00bb qode_css_animation=\u00bb\u00bb][\/qode_elements_holder_item][qode_elements_holder_item advanced_animations=\u00bbno\u00bb item_padding=\u00bb0px 30px 0px 30px\u00bb][vc_column_text]<\/p>\n<h2><span style=\"color: #45ac34;\">Bachillerato<\/span><\/h2>\n<p>&nbsp;<\/p>\n<h4><strong>Preparados para el futuro<\/strong><\/h4>\n<p>&nbsp;<\/p>\n<p><span style=\"font-weight: 400;\">El Bachillerato (16 a 18 a\u00f1os) es la etapa en la que culmina la formaci\u00f3n integral de nuestro alumnado. Se potencia su capacidad cr\u00edtica, que debe orientarse al compromiso en el servicio del bien com\u00fan y la transformaci\u00f3n de la sociedad de la que pasar\u00e1n a formar parte de pleno derecho. En esta etapa potenciamos la excelencia acad\u00e9mica como garant\u00eda para enfrentarse con \u00e9xito a las m\u00e1s inmediatas pruebas de acceso a la universidad, pero tambi\u00e9n y sobre todo a los estudios posteriores.<\/span><\/p>\n<p>&nbsp;<\/p>\n<p>&nbsp;<\/p>\n<p><strong>Desc\u00e1rgate el PDF con toda la informaci\u00f3n<\/strong>[\/vc_column_text][vc_empty_space][vc_row_inner row_type=\u00bbrow\u00bb type=\u00bbfull_width\u00bb text_align=\u00bbleft\u00bb css_animation=\u00bb\u00bb][vc_column_inner width=\u00bb1\/4&#8243;][vc_single_image image=\u00bb4022&#8243; img_size=\u00bbfull\u00bb alignment=\u00bbcenter\u00bb qode_css_animation=\u00bb\u00bb][vc_empty_space height=\u00bb16&#8243;][vc_column_text]<\/p>\n<p style=\"text-align: center;\"><a href=\"https:\/\/ganduxer.escolateresiana.com\/wp-content\/uploads\/2026\/03\/Bachillerato-Castellano_compressed.pdf\" target=\"_blank\" rel=\"noopener\"><strong>Bachillerato<\/strong><\/a><\/p>\n<p>[\/vc_column_text][\/vc_column_inner][vc_column_inner width=\u00bb1\/4&#8243;][vc_single_image image=\u00bb4005&#8243; img_size=\u00bbfull\u00bb alignment=\u00bbcenter\u00bb qode_css_animation=\u00bb\u00bb][vc_empty_space height=\u00bb16&#8243;][vc_column_text]<\/p>\n<p style=\"text-align: center;\"><a href=\"https:\/\/ganduxer.escolateresiana.com\/wp-content\/uploads\/2025\/03\/BACHILLERATO-ARTISTICO.pdf\" target=\"_blank\" rel=\"noopener\"><strong>Bachillerato Art\u00edstico<\/strong><\/a><\/p>\n<p>[\/vc_column_text][\/vc_column_inner][vc_column_inner width=\u00bb1\/4&#8243;][\/vc_column_inner][vc_column_inner width=\u00bb1\/4&#8243;][\/vc_column_inner][\/vc_row_inner][\/qode_elements_holder_item][\/qode_elements_holder][\/vc_column][\/vc_row][vc_row css_animation=\u00bb\u00bb row_type=\u00bbrow\u00bb use_row_as_full_screen_section=\u00bbno\u00bb type=\u00bbfull_width\u00bb angled_section=\u00bbno\u00bb text_align=\u00bbleft\u00bb background_image_as_pattern=\u00bbwithout_pattern\u00bb][vc_column][vc_empty_space height=\u00bb90px\u00bb][\/vc_column][\/vc_row][vc_row css_animation=\u00bb\u00bb row_type=\u00bbrow\u00bb use_row_as_full_screen_section=\u00bbno\u00bb type=\u00bbgrid\u00bb angled_section=\u00bbno\u00bb text_align=\u00bbleft\u00bb background_image_as_pattern=\u00bbwithout_pattern\u00bb z_index=\u00bb\u00bb][vc_column width=\u00bb1\/2&#8243;]<div class=\"qode-accordion-holder clearfix qode-toggle qode-initial \">\n\t<h4 class=\"clearfix qode-title-holder\">\n<span class=\"qode-tab-title\">\n\t    <span class=\"qode-tab-title-inner\">\n        MODALIDADES E ITINERARIOS    <\/span>\n<\/span>\n<span class=\"qode-accordion-mark\">\n    <span class=\"qode-accordion-mark-icon\">\n        <span class=\"icon_plus\"><\/span>\n        <span class=\"icon_minus-06\"><\/span>\n    <\/span>\n<\/span>\n<\/h4>\n<div  class=\"qode-accordion-content \" >\n    <div class=\"qode-accordion-content-inner\">\n        [vc_column_text]En el colegio ofrecemos el bachillerato en las modalidades de Humanidades y Ciencias Sociales, la de Ciencias y Tecnolog\u00eda y la de Bachillerato Art\u00edstico. Para cada una de estas modalidades, presentamos diferentes itinerarios en los que se agrupan las asignaturas de modalidad.<\/p>\n<p>&nbsp;<\/p>\n<p><strong><a href=\"https:\/\/ganduxer.escolateresiana.com\/wp-content\/uploads\/2025\/03\/BACHILLERATO-ARTISTICO.pdf\" target=\"_blank\" rel=\"noopener\">\u00a1Conoce nuestro Bachillerato art\u00edstico!<\/a><\/strong><\/p>\n<p>&nbsp;<\/p>\n<p>Una gran variedad de asignaturas optativas permiten a los alumnos completar su formaci\u00f3n acad\u00e9mica, atendiendo a sus preferencias.[\/vc_column_text]    <\/div>\n<\/div><h4 class=\"clearfix qode-title-holder\">\n<span class=\"qode-tab-title\">\n\t    <span class=\"qode-tab-title-inner\">\n        APRENDIZAJE DE IDIOMAS    <\/span>\n<\/span>\n<span class=\"qode-accordion-mark\">\n    <span class=\"qode-accordion-mark-icon\">\n        <span class=\"icon_plus\"><\/span>\n        <span class=\"icon_minus-06\"><\/span>\n    <\/span>\n<\/span>\n<\/h4>\n<div  class=\"qode-accordion-content \" >\n    <div class=\"qode-accordion-content-inner\">\n        [vc_column_text]Primera lengua extranjera a elegir entre ingl\u00e9s y franc\u00e9s.<\/p>\n<p>&nbsp;<\/p>\n<p>Posibilidad de cursar otra como segunda lengua extranjera (materia optativa).<\/p>\n<p>&nbsp;<\/p>\n<p><strong>Ingl\u00e9s<\/strong> : titulaciones Cambridge.<\/p>\n<p><strong>Franc\u00e9s<\/strong> : titulaciones DELF.[\/vc_column_text]    <\/div>\n<\/div><h4 class=\"clearfix qode-title-holder\">\n<span class=\"qode-tab-title\">\n\t    <span class=\"qode-tab-title-inner\">\n        BACHILLERATO DUAL    <\/span>\n<\/span>\n<span class=\"qode-accordion-mark\">\n    <span class=\"qode-accordion-mark-icon\">\n        <span class=\"icon_plus\"><\/span>\n        <span class=\"icon_minus-06\"><\/span>\n    <\/span>\n<\/span>\n<\/h4>\n<div  class=\"qode-accordion-content \" >\n    <div class=\"qode-accordion-content-inner\">\n        [vc_column_text]<span style=\"font-weight: 400;\">Nuestros alumnos tienen la posibilidad de conseguir, al finalizar la etapa, la doble titulaci\u00f3n del Bachillerato espa\u00f1ol y el American High School Diploma. Para que no suponga una carga en la exigente etapa del Bachillerato ofrecemos la posibilidad de iniciar el programa en 3\u00ba de ESO, iniciando una enriquecedora inmersi\u00f3n ling\u00fc\u00edstica, tecnol\u00f3gica y personal.<\/span>[\/vc_column_text]    <\/div>\n<\/div><h4 class=\"clearfix qode-title-holder\">\n<span class=\"qode-tab-title\">\n\t    <span class=\"qode-tab-title-inner\">\n        BACHIBAC    <\/span>\n<\/span>\n<span class=\"qode-accordion-mark\">\n    <span class=\"qode-accordion-mark-icon\">\n        <span class=\"icon_plus\"><\/span>\n        <span class=\"icon_minus-06\"><\/span>\n    <\/span>\n<\/span>\n<\/h4>\n<div  class=\"qode-accordion-content \" >\n    <div class=\"qode-accordion-content-inner\">\n        [vc_column_text]En la escuela, la doble titulaci\u00f3n en franc\u00e9s tiene ya una tradici\u00f3n consolidada. Con el fin de adquirir el Baccalaur\u00e9at, adem\u00e1s del Bachillerato espa\u00f1ol, el alumno realiza, en el mismo horario que sus compa\u00f1eros de curso, asignaturas propias en franc\u00e9s: la historia de Francia, la literatura francesa y tambi\u00e9n la realizaci\u00f3n del TR.<\/p>\n<p>&nbsp;<\/p>\n<p>Batxibac tambi\u00e9n permite a nuestros alumnos acceder a la universidad a trav\u00e9s de una doble v\u00eda y optar por los estudios a una universidad francesa.[\/vc_column_text]    <\/div>\n<\/div><\/div>[\/vc_column][vc_column width=\u00bb1\/2&#8243;]<div class=\"qode-accordion-holder clearfix qode-toggle qode-initial \">\n\t<h4 class=\"clearfix qode-title-holder\">\n<span class=\"qode-tab-title\">\n\t    <span class=\"qode-tab-title-inner\">\n        EVALUACIONES EXTERNAS    <\/span>\n<\/span>\n<span class=\"qode-accordion-mark\">\n    <span class=\"qode-accordion-mark-icon\">\n        <span class=\"icon_plus\"><\/span>\n        <span class=\"icon_minus-06\"><\/span>\n    <\/span>\n<\/span>\n<\/h4>\n<div  class=\"qode-accordion-content \" >\n    <div class=\"qode-accordion-content-inner\">\n        [vc_column_text]Buenos resultados en las pruebas PAU y de la Baccalaur\u00e9at.<\/p>\n<p>&nbsp;<\/p>\n<p>Nuestros alumnos obtienen un alto rendimiento en sus estudios universitarios posteriores y en su desarrollo personal.[\/vc_column_text]    <\/div>\n<\/div><h4 class=\"clearfix qode-title-holder\">\n<span class=\"qode-tab-title\">\n\t    <span class=\"qode-tab-title-inner\">\n        PLAN DE ACCI\u00d3N TUTORIAL Acompa\u00f1arTE    <\/span>\n<\/span>\n<span class=\"qode-accordion-mark\">\n    <span class=\"qode-accordion-mark-icon\">\n        <span class=\"icon_plus\"><\/span>\n        <span class=\"icon_minus-06\"><\/span>\n    <\/span>\n<\/span>\n<\/h4>\n<div  class=\"qode-accordion-content \" >\n    <div class=\"qode-accordion-content-inner\">\n        [vc_column_text]Plan de acci\u00f3n tutorial propio dise\u00f1ado para educar integralmente a nuestro alumnado y realizar un acompa\u00f1amiento en su crecimiento personal, social y emocional. Para llevarlo a cabo, en la etapa se incorpora una hora complementaria de formaci\u00f3n y convivencia, tambi\u00e9n en su \u00faltima etapa escolar.<\/p>\n<p><img loading=\"lazy\" decoding=\"async\" class=\"size-full wp-image-3643 aligncenter\" src=\"https:\/\/ganduxer.escolateresiana.com\/wp-content\/uploads\/2024\/05\/acom-cast-300x300-1.png\" alt=\"\" width=\"300\" height=\"300\" srcset=\"https:\/\/ganduxer.escolateresiana.com\/wp-content\/uploads\/2024\/05\/acom-cast-300x300-1.png 300w, https:\/\/ganduxer.escolateresiana.com\/wp-content\/uploads\/2024\/05\/acom-cast-300x300-1-150x150.png 150w\" sizes=\"auto, (max-width: 300px) 100vw, 300px\" \/>[\/vc_column_text]    <\/div>\n<\/div><h4 class=\"clearfix qode-title-holder\">\n<span class=\"qode-tab-title\">\n\t    <span class=\"qode-tab-title-inner\">\n        TRABAJO DE INVESTIGACI\u00d3N    <\/span>\n<\/span>\n<span class=\"qode-accordion-mark\">\n    <span class=\"qode-accordion-mark-icon\">\n        <span class=\"icon_plus\"><\/span>\n        <span class=\"icon_minus-06\"><\/span>\n    <\/span>\n<\/span>\n<\/h4>\n<div  class=\"qode-accordion-content \" >\n    <div class=\"qode-accordion-content-inner\">\n        [vc_column_text]La realizaci\u00f3n del TR es una oportunidad \u00fanica para trabajar de forma personalizada con el alumno las competencias espec\u00edficas relacionadas con la investigaci\u00f3n. En la escuela, el TR tiene una dedicaci\u00f3n semanal de una hora a lo largo de los dos cursos de Bachillerato y se garantiza la atenci\u00f3n individualizada haciendo que la mayor parte del profesorado de la etapa ejerza de tutor. [\/vc_column_text]    <\/div>\n<\/div><h4 class=\"clearfix qode-title-holder\">\n<span class=\"qode-tab-title\">\n\t    <span class=\"qode-tab-title-inner\">\n        COMPROMISO CON EL MUNDO    <\/span>\n<\/span>\n<span class=\"qode-accordion-mark\">\n    <span class=\"qode-accordion-mark-icon\">\n        <span class=\"icon_plus\"><\/span>\n        <span class=\"icon_minus-06\"><\/span>\n    <\/span>\n<\/span>\n<\/h4>\n<div  class=\"qode-accordion-content \" >\n    <div class=\"qode-accordion-content-inner\">\n        [vc_column_text]<span style=\"font-weight: 400;\">Siguiendo con los proyectos puestos en marcha en Secundaria, en esta etapa postobligatoria es m\u00e1s importante todav\u00eda el compromiso de nuestros j\u00f3venes con la sociedad. Por eso, seguimos ofreciendo diversos proyectos de colaboraci\u00f3n con el entorno y fomentamos la acci\u00f3n solidaria de nuestros alumnos, intentando despertar en ellos la necesidad de saber vivir en sociedad de forma proactiva.<\/span>[\/vc_column_text]    <\/div>\n<\/div><\/div>[\/vc_column][\/vc_row][vc_row css_animation=\u00bb\u00bb row_type=\u00bbrow\u00bb use_row_as_full_screen_section=\u00bbno\u00bb type=\u00bbgrid\u00bb angled_section=\u00bbno\u00bb text_align=\u00bbcenter\u00bb background_image_as_pattern=\u00bbwithout_pattern\u00bb z_index=\u00bb\u00bb][vc_column][vc_empty_space height=\u00bb90px\u00bb][vc_column_text]<\/p>\n<h3 style=\"text-align: center;\">\u00bfQuieres m\u00e1s informaci\u00f3n o venir a visitarnos?<\/h3>\n<p>[\/vc_column_text][vc_empty_space]\n\n\t<a href=\"https:\/\/forms.gle\/8YDAZc91jNKVDyT86\" target=\"_blank\" style=\"color: #ffffff;background-color: #45ac34\" class=\"qode-btn qode-btn-medium qode-btn-solid qode-btn-custom-hover-bg qode-btn-custom-hover-color qode-btn-default-hover\" data-hover-bg-color=\"#ffffff\" data-hover-color=\"#45ac34\" >\n\t    <span class=\"qode-btn-text\">SOLICITA INFORMACI\u00d3N AHORA<\/span>\t<\/a>\n\n[vc_empty_space height=\u00bb90px\u00bb][\/vc_column][\/vc_row][vc_row css_animation=\u00bb\u00bb row_type=\u00bbrow\u00bb use_row_as_full_screen_section=\u00bbno\u00bb type=\u00bbfull_width\u00bb angled_section=\u00bbno\u00bb text_align=\u00bbleft\u00bb background_image_as_pattern=\u00bbwithout_pattern\u00bb][vc_column][vc_gallery type=\u00bbimage_grid\u00bb images=\u00bb3029,3030,3031,3032&#8243; img_size=\u00bbfull\u00bb column_number=\u00bb4&#8243; grayscale=\u00bbno\u00bb images_space=\u00bbgallery_without_space\u00bb][\/vc_column][\/vc_row]<\/p>\n","protected":false},"excerpt":{"rendered":"<p>[vc_row css_animation=\u00bb\u00bb row_type=\u00bbrow\u00bb use_row_as_full_screen_section=\u00bbno\u00bb type=\u00bbfull_width\u00bb angled_section=\u00bbno\u00bb text_align=\u00bbleft\u00bb background_image_as_pattern=\u00bbwithout_pattern\u00bb][vc_column][\/vc_column][\/vc_row][vc_row css_animation=\u00bb\u00bb row_type=\u00bbrow\u00bb use_row_as_full_screen_section=\u00bbno\u00bb type=\u00bbfull_width\u00bb angled_section=\u00bbno\u00bb text_align=\u00bbleft\u00bb background_image_as_pattern=\u00bbwithout_pattern\u00bb][vc_column][qode_elements_holder number_of_columns=\u00bbtwo_columns\u00bb][qode_elements_holder_item advanced_animations=\u00bbno\u00bb][vc_single_image image=\u00bb2788&#8243; img_size=\u00bbfull\u00bb qode_css_animation=\u00bb\u00bb][\/qode_elements_holder_item][qode_elements_holder_item advanced_animations=\u00bbno\u00bb item_padding=\u00bb0px 30px 0px 30px\u00bb][vc_column_text] Bachillerato &nbsp; Preparados para el futuro &nbsp; El Bachillerato (16 a 18 a\u00f1os) es la etapa en la que culmina&#8230;<\/p>\n","protected":false},"author":1,"featured_media":0,"parent":0,"menu_order":0,"comment_status":"closed","ping_status":"closed","template":"full_width.php","meta":{"footnotes":""},"class_list":["post-3190","page","type-page","status-publish","hentry"],"_links":{"self":[{"href":"https:\/\/ganduxer.escolateresiana.com\/es\/wp-json\/wp\/v2\/pages\/3190","targetHints":{"allow":["GET"]}}],"collection":[{"href":"https:\/\/ganduxer.escolateresiana.com\/es\/wp-json\/wp\/v2\/pages"}],"about":[{"href":"https:\/\/ganduxer.escolateresiana.com\/es\/wp-json\/wp\/v2\/types\/page"}],"author":[{"embeddable":true,"href":"https:\/\/ganduxer.escolateresiana.com\/es\/wp-json\/wp\/v2\/users\/1"}],"replies":[{"embeddable":true,"href":"https:\/\/ganduxer.escolateresiana.com\/es\/wp-json\/wp\/v2\/comments?post=3190"}],"version-history":[{"count":14,"href":"https:\/\/ganduxer.escolateresiana.com\/es\/wp-json\/wp\/v2\/pages\/3190\/revisions"}],"predecessor-version":[{"id":4024,"href":"https:\/\/ganduxer.escolateresiana.com\/es\/wp-json\/wp\/v2\/pages\/3190\/revisions\/4024"}],"wp:attachment":[{"href":"https:\/\/ganduxer.escolateresiana.com\/es\/wp-json\/wp\/v2\/media?parent=3190"}],"curies":[{"name":"wp","href":"https:\/\/api.w.org\/{rel}","templated":true}]}}