{"id":3152,"date":"2022-06-01T10:38:40","date_gmt":"2022-06-01T09:38:40","guid":{"rendered":"https:\/\/ganduxer.escolateresiana.com\/atencion-a-la-diversidad\/"},"modified":"2024-03-01T10:29:51","modified_gmt":"2024-03-01T09:29:51","slug":"atencion-a-la-diversidad","status":"publish","type":"page","link":"https:\/\/ganduxer.escolateresiana.com\/es\/atencion-a-la-diversidad\/","title":{"rendered":"Atenci\u00f3n a la diversidad"},"content":{"rendered":"<p>[vc_row css_animation=\u00bb\u00bb row_type=\u00bbrow\u00bb use_row_as_full_screen_section=\u00bbno\u00bb type=\u00bbfull_width\u00bb angled_section=\u00bbno\u00bb text_align=\u00bbleft\u00bb background_image_as_pattern=\u00bbwithout_pattern\u00bb][vc_column][qode_elements_holder number_of_columns=\u00bbtwo_columns\u00bb][qode_elements_holder_item cover=\u00bbyes\u00bb advanced_animations=\u00bbno\u00bb item_padding=\u00bb0px 50px 0px 50px\u00bb background_image=\u00bb704&#8243; background_color=\u00bbrgba(255,255,255,0.71)\u00bb][vc_column_text]<\/p>\n<h3><strong><span style=\"color: #23406a;\">EN EL CENTRO, LA PERSONA<\/span><br \/>\n<\/strong><\/h3>\n<p>[\/vc_column_text][vc_column_text]<span style=\"font-weight: 400;\">Acompa\u00f1amos la evoluci\u00f3n del alumno de manera personalizada, respetando su ritmo de aprendizaje. Se trata de conseguir el m\u00e1ximo desarrollo de sus capacidades, competencias y saberes, as\u00ed como garantizar su bienestar e integraci\u00f3n. <\/span>[\/vc_column_text][vc_empty_space][vc_column_text]<\/p>\n<h3><span style=\"color: #23406a;\"><strong>LA DIVERSIDAD, UNA RIQUEZA<\/strong><\/span><\/h3>\n<p>[\/vc_column_text][vc_column_text]Apoyamos el proceso de ense\u00f1anza-aprendizaje y nos ocupamos del alumno que presenta dificultades personales o acad\u00e9micas en alg\u00fan momento de su vida escolar, para que pueda superarlas con \u00e9xito y se conviertan en una oportunidad para superarse.[\/vc_column_text][\/qode_elements_holder_item][qode_elements_holder_item advanced_animations=\u00bbno\u00bb][vc_single_image image=\u00bb3035&#8243; img_size=\u00bbfull\u00bb qode_css_animation=\u00bb\u00bb][\/qode_elements_holder_item][\/qode_elements_holder][\/vc_column][\/vc_row][vc_row css_animation=\u00bb\u00bb row_type=\u00bbrow\u00bb use_row_as_full_screen_section=\u00bbno\u00bb type=\u00bbgrid\u00bb angled_section=\u00bbno\u00bb text_align=\u00bbleft\u00bb background_image_as_pattern=\u00bbwithout_pattern\u00bb z_index=\u00bb\u00bb padding_top=\u00bb60&#8243; padding_bottom=\u00bb60&#8243; css=\u00bb.vc_custom_1669019468561{background-color: #ffffff !important;}\u00bb][vc_column css_animation=\u00bbfadeIn\u00bb][vc_column_text]<\/p>\n<h3><span style=\"color: #23406a;\"><strong>INCLUSI\u00d3N<br \/>\n<\/strong><\/span><\/h3>\n<p>[\/vc_column_text][vc_column_text]<span style=\"font-weight: 400;\">El reto de la inclusi\u00f3n es el de ofrecer a cada alumno la atenci\u00f3n personal y acad\u00e9mica que necesite. Para ello es necesario poner en juego elementos organizativos y herramientas que lo posibiliten, desde la profesionalidad y la experiencia. <\/span>[\/vc_column_text][vc_empty_space][\/vc_column][\/vc_row][vc_row css_animation=\u00bb\u00bb row_type=\u00bbrow\u00bb use_row_as_full_screen_section=\u00bbno\u00bb type=\u00bbgrid\u00bb angled_section=\u00bbno\u00bb text_align=\u00bbleft\u00bb background_image_as_pattern=\u00bbwithout_pattern\u00bb z_index=\u00bb\u00bb][vc_column][vc_empty_space][vc_column_text]Nuestra escuela dispone de los siguientes recursos para dar respuesta a la personalizaci\u00f3n del aprendizaje: [\/vc_column_text][vc_empty_space][\/vc_column][\/vc_row][vc_row css_animation=\u00bb\u00bb row_type=\u00bbrow\u00bb use_row_as_full_screen_section=\u00bbno\u00bb type=\u00bbgrid\u00bb angled_section=\u00bbno\u00bb text_align=\u00bbleft\u00bb background_image_as_pattern=\u00bbwithout_pattern\u00bb z_index=\u00bb\u00bb padding_top=\u00bb60&#8243; padding_bottom=\u00bb60&#8243;][vc_column css_animation=\u00bbfadeInDown\u00bb width=\u00bb1\/3&#8243;]<div class=\"q_box_holder with_icon\" style=\"background-color: #ffffff;\"><div class=\"box_holder_icon\"><div class=\"box_holder_icon_inner large image \" style=\"\"><img decoding=\"async\" itemprop=\"image\" style=\"\" src=\"https:\/\/ganduxer.escolateresiana.com\/wp-content\/uploads\/2022\/06\/2439655-150x150-1.png\" alt=\"\"><\/div><\/div><div class=\"box_holder_inner large center\"><h4 class=\"icon_title\" style=\"color: #45ac34;\">Equipo de Orientaci\u00f3n<\/h4><span class=\"separator transparent\" style=\"margin: 8px 0;\"><\/span><p style=\"\"><\/p><\/div><\/div>[\/vc_column][vc_column css_animation=\u00bbfadeInDown\u00bb width=\u00bb1\/3&#8243;]<div class=\"q_box_holder with_icon\" style=\"background-color: #ffffff;\"><div class=\"box_holder_icon\"><div class=\"box_holder_icon_inner large image \" style=\"\"><img decoding=\"async\" itemprop=\"image\" style=\"\" src=\"https:\/\/ganduxer.escolateresiana.com\/wp-content\/uploads\/2022\/11\/2-1.png\" alt=\"\"><\/div><\/div><div class=\"box_holder_inner large center\"><h4 class=\"icon_title\" style=\"color: #45ac34;\">Aula de acogida<\/h4><span class=\"separator transparent\" style=\"margin: 8px 0;\"><\/span><p style=\"\"><\/p><\/div><\/div>[\/vc_column][vc_column css_animation=\u00bbfadeInDown\u00bb width=\u00bb1\/3&#8243;]<div class=\"q_box_holder with_icon\" style=\"background-color: #ffffff;\"><div class=\"box_holder_icon\"><div class=\"box_holder_icon_inner large image \" style=\"\"><img decoding=\"async\" itemprop=\"image\" style=\"\" src=\"https:\/\/ganduxer.escolateresiana.com\/wp-content\/uploads\/2022\/11\/2-1.png\" alt=\"\"><\/div><\/div><div class=\"box_holder_inner large center\"><h4 class=\"icon_title\" style=\"color: #45ac34;\">Aula de refuerzo<\/h4><span class=\"separator transparent\" style=\"margin: 8px 0;\"><\/span><p style=\"\"><\/p><\/div><\/div>[\/vc_column][\/vc_row][vc_row css_animation=\u00bb\u00bb row_type=\u00bbrow\u00bb use_row_as_full_screen_section=\u00bbno\u00bb type=\u00bbgrid\u00bb angled_section=\u00bbno\u00bb text_align=\u00bbleft\u00bb background_image_as_pattern=\u00bbwithout_pattern\u00bb z_index=\u00bb\u00bb padding_top=\u00bb60&#8243; padding_bottom=\u00bb60&#8243;][vc_column css_animation=\u00bbfadeInUp\u00bb width=\u00bb1\/3&#8243;][\/vc_column][vc_column css_animation=\u00bbfadeInUp\u00bb width=\u00bb1\/3&#8243;]<div class=\"q_box_holder with_icon\" style=\"background-color: #ffffff;\"><div class=\"box_holder_icon\"><div class=\"box_holder_icon_inner large image \" style=\"\"><img decoding=\"async\" itemprop=\"image\" style=\"\" src=\"https:\/\/ganduxer.escolateresiana.com\/wp-content\/uploads\/2022\/06\/1141082-150x150-1.png\" alt=\"\"><\/div><\/div><div class=\"box_holder_inner large center\"><h4 class=\"icon_title\" style=\"color: #45ac34;\">Coordinaci\u00f3n con profesionales externos<\/h4><span class=\"separator transparent\" style=\"margin: 8px 0;\"><\/span><p style=\"\"><\/p><\/div><\/div>[\/vc_column][vc_column css_animation=\u00bbfadeInUp\u00bb width=\u00bb1\/3&#8243;][\/vc_column][\/vc_row][vc_row css_animation=\u00bb\u00bb row_type=\u00bbrow\u00bb use_row_as_full_screen_section=\u00bbno\u00bb type=\u00bbfull_width\u00bb angled_section=\u00bbno\u00bb text_align=\u00bbleft\u00bb background_image_as_pattern=\u00bbwithout_pattern\u00bb][vc_column][vc_gallery type=\u00bbimage_grid\u00bb images=\u00bb2980,2981,2982,2983&#8243; img_size=\u00bbfull\u00bb column_number=\u00bb4&#8243; grayscale=\u00bbno\u00bb images_space=\u00bbgallery_without_space\u00bb][\/vc_column][\/vc_row]<\/p>\n","protected":false},"excerpt":{"rendered":"<p>[vc_row css_animation=\u00bb\u00bb row_type=\u00bbrow\u00bb use_row_as_full_screen_section=\u00bbno\u00bb type=\u00bbfull_width\u00bb angled_section=\u00bbno\u00bb text_align=\u00bbleft\u00bb background_image_as_pattern=\u00bbwithout_pattern\u00bb][vc_column][qode_elements_holder number_of_columns=\u00bbtwo_columns\u00bb][qode_elements_holder_item cover=\u00bbyes\u00bb advanced_animations=\u00bbno\u00bb item_padding=\u00bb0px 50px 0px 50px\u00bb background_image=\u00bb704&#8243; background_color=\u00bbrgba(255,255,255,0.71)\u00bb][vc_column_text] EN EL CENTRO, LA PERSONA [\/vc_column_text][vc_column_text]Acompa\u00f1amos la evoluci\u00f3n del alumno de manera personalizada, respetando su ritmo de aprendizaje. Se trata de conseguir el m\u00e1ximo desarrollo de sus capacidades,&#8230;<\/p>\n","protected":false},"author":1,"featured_media":0,"parent":0,"menu_order":0,"comment_status":"closed","ping_status":"closed","template":"full_width.php","meta":{"footnotes":""},"class_list":["post-3152","page","type-page","status-publish","hentry"],"_links":{"self":[{"href":"https:\/\/ganduxer.escolateresiana.com\/es\/wp-json\/wp\/v2\/pages\/3152","targetHints":{"allow":["GET"]}}],"collection":[{"href":"https:\/\/ganduxer.escolateresiana.com\/es\/wp-json\/wp\/v2\/pages"}],"about":[{"href":"https:\/\/ganduxer.escolateresiana.com\/es\/wp-json\/wp\/v2\/types\/page"}],"author":[{"embeddable":true,"href":"https:\/\/ganduxer.escolateresiana.com\/es\/wp-json\/wp\/v2\/users\/1"}],"replies":[{"embeddable":true,"href":"https:\/\/ganduxer.escolateresiana.com\/es\/wp-json\/wp\/v2\/comments?post=3152"}],"version-history":[{"count":6,"href":"https:\/\/ganduxer.escolateresiana.com\/es\/wp-json\/wp\/v2\/pages\/3152\/revisions"}],"predecessor-version":[{"id":3509,"href":"https:\/\/ganduxer.escolateresiana.com\/es\/wp-json\/wp\/v2\/pages\/3152\/revisions\/3509"}],"wp:attachment":[{"href":"https:\/\/ganduxer.escolateresiana.com\/es\/wp-json\/wp\/v2\/media?parent=3152"}],"curies":[{"name":"wp","href":"https:\/\/api.w.org\/{rel}","templated":true}]}}