{"id":3150,"date":"2022-11-09T10:07:06","date_gmt":"2022-11-09T09:07:06","guid":{"rendered":"https:\/\/ganduxer.escolateresiana.com\/opciones-pedagogicas\/"},"modified":"2024-03-01T10:37:45","modified_gmt":"2024-03-01T09:37:45","slug":"opciones-pedagogicas","status":"publish","type":"page","link":"https:\/\/ganduxer.escolateresiana.com\/es\/opciones-pedagogicas\/","title":{"rendered":"Opciones pedag\u00f3gicas"},"content":{"rendered":"<p>[vc_row css_animation=\u00bb\u00bb row_type=\u00bbrow\u00bb use_row_as_full_screen_section=\u00bbno\u00bb type=\u00bbfull_width\u00bb angled_section=\u00bbno\u00bb text_align=\u00bbleft\u00bb background_image_as_pattern=\u00bbwithout_pattern\u00bb css=\u00bb.vc_custom_1668595163832{background-color: #ffffff !important;}\u00bb z_index=\u00bb\u00bb][vc_column][qode_elements_holder number_of_columns=\u00bbtwo_columns\u00bb][qode_elements_holder_item advanced_animations=\u00bbno\u00bb item_padding=\u00bb0px 50px 0px 50px\u00bb][vc_column_text]<\/p>\n<h3><span style=\"color: #45ac34;\">PIR\u00c1MIDE DE APRENDIZAJE<\/span><\/h3>\n<p>&nbsp;<\/p>\n<p>Nuestro modelo pedag\u00f3gico se recoge en la Propuesta Educativa Institucional y se expresa en la \u00abpir\u00e1mide de aprendizaje\u00bb. En esta \u201cpir\u00e1mide\u201d se representan de forma esquem\u00e1tica nuestros principios pedag\u00f3gicos y formas de educar y, por tanto, se plantea lo que queremos que viva el alumno en el aula. Ponemos especial \u00e9nfasis en la dimensi\u00f3n comunitaria y personalizadora del aprendizaje, as\u00ed como en modelos concretos de la cultura de pensamiento, la cultura de creatividad y el aprendizaje y servicio\/emprendimiento.[\/vc_column_text][\/qode_elements_holder_item][qode_elements_holder_item advanced_animations=\u00bbno\u00bb][vc_single_image image=\u00bb2809&#8243; img_size=\u00bbfull\u00bb qode_css_animation=\u00bb\u00bb][\/qode_elements_holder_item][\/qode_elements_holder][\/vc_column][\/vc_row][vc_row css_animation=\u00bb\u00bb row_type=\u00bbrow\u00bb use_row_as_full_screen_section=\u00bbno\u00bb type=\u00bbgrid\u00bb angled_section=\u00bbno\u00bb text_align=\u00bbleft\u00bb background_image_as_pattern=\u00bbwithout_pattern\u00bb z_index=\u00bb\u00bb padding_top=\u00bb60&#8243; padding_bottom=\u00bb30&#8243;][vc_column width=\u00bb1\/6&#8243;][\/vc_column][vc_column width=\u00bb1\/6&#8243;][\/vc_column][vc_column css_animation=\u00bbfadeInDown\u00bb width=\u00bb1\/3&#8243;]<div class='q_icon_with_title very_large custom_icon_image center '><div class=\"icon_holder \" style=\" \"><img decoding=\"async\" itemprop=\"image\" style=\"\" src=\"https:\/\/ganduxer.escolateresiana.com\/wp-content\/uploads\/2022\/11\/1.png\" alt=\"\"><\/div><div class=\"icon_text_holder\" style=\"\"><div class=\"icon_text_inner\" style=\"\"><h4 class=\"icon_title\" style=\"color: #febe70;\">INTELIGENCIAS M\u00daLTIPLES Y ESPIRITUAL<\/h4><p style=''><\/p><\/div><\/div><\/div>[vc_column_text]<\/p>\n<p style=\"text-align: center;\">Hoy sabemos que no todos aprendemos de igual forma.<\/p>\n<p style=\"text-align: center;\">El desarrollo de las inteligencias m\u00faltiples de cada alumno permitir\u00e1 que alcance el m\u00e1s alto grado de aprendizaje, descubra sus dones personales y conecte con lo que pueda llegar a ser la pasi\u00f3n de su vida.<\/p>\n<p>[\/vc_column_text][\/vc_column][vc_column width=\u00bb1\/6&#8243;][\/vc_column][vc_column width=\u00bb1\/6&#8243;][\/vc_column][\/vc_row][vc_row css_animation=\u00bb\u00bb row_type=\u00bbrow\u00bb use_row_as_full_screen_section=\u00bbno\u00bb type=\u00bbgrid\u00bb angled_section=\u00bbno\u00bb text_align=\u00bbleft\u00bb background_image_as_pattern=\u00bbwithout_pattern\u00bb z_index=\u00bb\u00bb padding_bottom=\u00bb30&#8243;][vc_column width=\u00bb1\/6&#8243;][\/vc_column][vc_column css_animation=\u00bbfadeInDown\u00bb width=\u00bb1\/3&#8243;]<div class='q_icon_with_title very_large custom_icon_image center '><div class=\"icon_holder \" style=\" \"><img decoding=\"async\" itemprop=\"image\" style=\"\" src=\"https:\/\/ganduxer.escolateresiana.com\/wp-content\/uploads\/2022\/11\/2.png\" alt=\"\"><\/div><div class=\"icon_text_holder\" style=\"\"><div class=\"icon_text_inner\" style=\"\"><h4 class=\"icon_title\" style=\"color: #fea4b3;\">COMUNIDADES QUE APRENDEN<\/h4><p style=''><\/p><\/div><\/div><\/div>[vc_column_text]<\/p>\n<p style=\"text-align: center;\">Queremos abrir los l\u00edmites del aula y del centro en el entorno, ser comunidades cohesionadas donde todos seamos maestros y aprendices: profesorado, familias y alumnado.<\/p>\n<p style=\"text-align: center;\">En el futuro nuestros ni\u00f1os y j\u00f3venes necesitar\u00e1n la capacidad de trabajar juntos y por eso optamos por un modelo de aprendizaje que incluya la cooperaci\u00f3n, potenciando la riqueza personal puesta al servicio del bien com\u00fan.<\/p>\n<p>[\/vc_column_text][\/vc_column][vc_column css_animation=\u00bbfadeInDown\u00bb width=\u00bb1\/3&#8243;]<div class='q_icon_with_title very_large custom_icon_image center '><div class=\"icon_holder \" style=\" \"><img decoding=\"async\" itemprop=\"image\" style=\"\" src=\"https:\/\/ganduxer.escolateresiana.com\/wp-content\/uploads\/2022\/11\/3.png\" alt=\"\"><\/div><div class=\"icon_text_holder\" style=\"\"><div class=\"icon_text_inner\" style=\"\"><h4 class=\"icon_title\" style=\"color: #fe9cfc;\">PERSONALIZACI\u00d3N<\/h4><p style=''><\/p><\/div><\/div><\/div>[vc_column_text]<\/p>\n<p style=\"text-align: center;\">La escuela teresiana pone al alumno en el centro del aprendizaje. Educar se convierte en la experiencia de hacer que cada persona conecte con su interior, con sus potencialidades y limitaciones y crezca en relaci\u00f3n a s\u00ed mismo, con el pr\u00f3jimo, con el mundo y abierta a la trascendencia.<\/p>\n<p>[\/vc_column_text][\/vc_column][vc_column width=\u00bb1\/6&#8243;][\/vc_column][\/vc_row][vc_row css_animation=\u00bb\u00bb row_type=\u00bbrow\u00bb use_row_as_full_screen_section=\u00bbno\u00bb type=\u00bbgrid\u00bb angled_section=\u00bbno\u00bb text_align=\u00bbleft\u00bb background_image_as_pattern=\u00bbwithout_pattern\u00bb z_index=\u00bb\u00bb padding_bottom=\u00bb60&#8243;][vc_column css_animation=\u00bbfadeInDown\u00bb width=\u00bb1\/3&#8243;]<div class='q_icon_with_title very_large custom_icon_image center '><div class=\"icon_holder \" style=\" \"><img decoding=\"async\" itemprop=\"image\" style=\"\" src=\"https:\/\/ganduxer.escolateresiana.com\/wp-content\/uploads\/2022\/11\/4.png\" alt=\"\"><\/div><div class=\"icon_text_holder\" style=\"\"><div class=\"icon_text_inner\" style=\"\"><h4 class=\"icon_title\" style=\"color: #af58fa;\">CULTURA DE PENSAMIENTO<\/h4><p style=''><\/p><\/div><\/div><\/div>[vc_column_text]<\/p>\n<p style=\"text-align: center;\">Lo fundamental en nuestro modelo pedag\u00f3gico es ense\u00f1ar a pensar a nuestro alumnado, conseguir personas aut\u00f3nomas que adquieran destrezas de pensamiento para resolver problemas y tomar decisiones.<\/p>\n<p style=\"text-align: center;\">Empleamos diferentes estrategias con el fin de conseguir que los alumnos desarrollen un pensamiento profundo, cr\u00edtico y creativo.<\/p>\n<p>[\/vc_column_text][\/vc_column][vc_column css_animation=\u00bbfadeInDown\u00bb width=\u00bb1\/3&#8243;]<div class='q_icon_with_title very_large custom_icon_image center '><div class=\"icon_holder \" style=\" \"><img decoding=\"async\" itemprop=\"image\" style=\"\" src=\"https:\/\/ganduxer.escolateresiana.com\/wp-content\/uploads\/2022\/11\/5.png\" alt=\"\"><\/div><div class=\"icon_text_holder\" style=\"\"><div class=\"icon_text_inner\" style=\"\"><h4 class=\"icon_title\" style=\"color: #95dafd;\">CULTURA DE CREATIVIDAD<\/h4><p style=''><\/p><\/div><\/div><\/div>[vc_column_text]<\/p>\n<p style=\"text-align: center;\">La educaci\u00f3n teresiana quiere ofrecer la posibilidad de afrontar los retos que plantea el d\u00eda a d\u00eda, buscando una soluci\u00f3n creativa y que no caiga en el reduccionismo.<\/p>\n<p style=\"text-align: center;\">Los proyectos interdisciplinares y el aprendizaje basado en problemas favorecen procesos de investigaci\u00f3n, exploraci\u00f3n, codificaci\u00f3n, etc. para generar conocimiento.<\/p>\n<p>[\/vc_column_text][\/vc_column][vc_column css_animation=\u00bbfadeInDown\u00bb width=\u00bb1\/3&#8243;]<div class='q_icon_with_title very_large custom_icon_image center '><div class=\"icon_holder \" style=\" \"><img decoding=\"async\" itemprop=\"image\" style=\"\" src=\"https:\/\/ganduxer.escolateresiana.com\/wp-content\/uploads\/2022\/11\/6.png\" alt=\"\"><\/div><div class=\"icon_text_holder\" style=\"\"><div class=\"icon_text_inner\" style=\"\"><h4 class=\"icon_title\" style=\"color: #9dda89;\">APRENDIZAJE Y SERVICIO, EMPRENDEDORES<\/h4><p style=''><\/p><\/div><\/div><\/div>[vc_column_text]<\/p>\n<p style=\"text-align: center;\">La educaci\u00f3n teresiana tiene el objetivo de formar ciudadanos comprometidos y capacitados para transformar su entorno y generar en el futuro un profundo cambio social.<\/p>\n<p style=\"text-align: center;\">La clave principal est\u00e1 en emprender mediante la acci\u00f3n y el compromiso concreto a trav\u00e9s de metodolog\u00edas de transformaci\u00f3n social como el ApS (Aprendizaje y Servicio).<\/p>\n<p>[\/vc_column_text][\/vc_column][\/vc_row][vc_row css_animation=\u00bb\u00bb row_type=\u00bbrow\u00bb use_row_as_full_screen_section=\u00bbno\u00bb type=\u00bbfull_width\u00bb angled_section=\u00bbno\u00bb text_align=\u00bbleft\u00bb background_image_as_pattern=\u00bbwithout_pattern\u00bb][vc_column][vc_gallery type=\u00bbimage_grid\u00bb images=\u00bb2810,2811,2812,2813&#8243; img_size=\u00bbfull\u00bb column_number=\u00bb4&#8243; grayscale=\u00bbno\u00bb images_space=\u00bbgallery_without_space\u00bb][\/vc_column][\/vc_row]<\/p>\n","protected":false},"excerpt":{"rendered":"<p>[vc_row css_animation=\u00bb\u00bb row_type=\u00bbrow\u00bb use_row_as_full_screen_section=\u00bbno\u00bb type=\u00bbfull_width\u00bb angled_section=\u00bbno\u00bb text_align=\u00bbleft\u00bb background_image_as_pattern=\u00bbwithout_pattern\u00bb css=\u00bb.vc_custom_1668595163832{background-color: #ffffff !important;}\u00bb z_index=\u00bb\u00bb][vc_column][qode_elements_holder number_of_columns=\u00bbtwo_columns\u00bb][qode_elements_holder_item advanced_animations=\u00bbno\u00bb item_padding=\u00bb0px 50px 0px 50px\u00bb][vc_column_text] PIR\u00c1MIDE DE APRENDIZAJE &nbsp; Nuestro modelo pedag\u00f3gico se recoge en la Propuesta Educativa Institucional y se expresa en la \u00abpir\u00e1mide de aprendizaje\u00bb. En esta \u201cpir\u00e1mide\u201d se representan&#8230;<\/p>\n","protected":false},"author":1,"featured_media":0,"parent":0,"menu_order":0,"comment_status":"closed","ping_status":"closed","template":"full_width.php","meta":{"footnotes":""},"class_list":["post-3150","page","type-page","status-publish","hentry"],"_links":{"self":[{"href":"https:\/\/ganduxer.escolateresiana.com\/es\/wp-json\/wp\/v2\/pages\/3150","targetHints":{"allow":["GET"]}}],"collection":[{"href":"https:\/\/ganduxer.escolateresiana.com\/es\/wp-json\/wp\/v2\/pages"}],"about":[{"href":"https:\/\/ganduxer.escolateresiana.com\/es\/wp-json\/wp\/v2\/types\/page"}],"author":[{"embeddable":true,"href":"https:\/\/ganduxer.escolateresiana.com\/es\/wp-json\/wp\/v2\/users\/1"}],"replies":[{"embeddable":true,"href":"https:\/\/ganduxer.escolateresiana.com\/es\/wp-json\/wp\/v2\/comments?post=3150"}],"version-history":[{"count":7,"href":"https:\/\/ganduxer.escolateresiana.com\/es\/wp-json\/wp\/v2\/pages\/3150\/revisions"}],"predecessor-version":[{"id":3513,"href":"https:\/\/ganduxer.escolateresiana.com\/es\/wp-json\/wp\/v2\/pages\/3150\/revisions\/3513"}],"wp:attachment":[{"href":"https:\/\/ganduxer.escolateresiana.com\/es\/wp-json\/wp\/v2\/media?parent=3150"}],"curies":[{"name":"wp","href":"https:\/\/api.w.org\/{rel}","templated":true}]}}