{"id":3149,"date":"2022-11-09T08:42:28","date_gmt":"2022-11-09T07:42:28","guid":{"rendered":"https:\/\/ganduxer.escolateresiana.com\/herramientas-tecnologicas\/"},"modified":"2024-03-01T10:41:25","modified_gmt":"2024-03-01T09:41:25","slug":"herramientas-tecnologicas","status":"publish","type":"page","link":"https:\/\/ganduxer.escolateresiana.com\/es\/herramientas-tecnologicas\/","title":{"rendered":"Herramientas tecnol\u00f3gicas"},"content":{"rendered":"<p>[vc_row css_animation=\u00bb\u00bb row_type=\u00bbrow\u00bb use_row_as_full_screen_section=\u00bbno\u00bb type=\u00bbfull_width\u00bb angled_section=\u00bbno\u00bb text_align=\u00bbleft\u00bb background_image_as_pattern=\u00bbwithout_pattern\u00bb css=\u00bb.vc_custom_1669019966897{background-color: #ffffff !important;}\u00bb z_index=\u00bb\u00bb][vc_column][qode_elements_holder number_of_columns=\u00bbtwo_columns\u00bb][qode_elements_holder_item advanced_animations=\u00bbno\u00bb][vc_single_image image=\u00bb2889&#8243; img_size=\u00bbfull\u00bb qode_css_animation=\u00bb\u00bb][\/qode_elements_holder_item][qode_elements_holder_item advanced_animations=\u00bbno\u00bb item_padding=\u00bb0px 30px 0px 30px\u00bb][vc_column_text]<\/p>\n<div>\n<p>ESTRATEGIA DIGITAL DE CENTRO<\/p>\n<p>Las tecnolog\u00edas son <strong>herramientas pedag\u00f3gicas fundamentales para el aprendizaje<\/strong> , ya que facilitan la adquisici\u00f3n de una buena cultura digital al alumnado de todos los niveles. El uso de estos conocimientos con esp\u00edritu cr\u00edtico es clave para el desarrollo integral de nuestros alumnos, ya que estas herramientas eliminan fronteras y <strong>nos permiten crear redes de trabajo abiertas al mundo&#8230;<\/strong><\/p>\n<\/div>\n<div><\/div>\n<div><\/div>\n<div>\n<h2><span style=\"font-weight: 400;\"><span lang=\"es\"><img loading=\"lazy\" decoding=\"async\" class=\"size-full wp-image-1298 alignleft\" src=\"https:\/\/ganduxer.escolateresiana.com\/wp-content\/uploads\/2022\/11\/educacion-digital.jpg\" alt=\"\" width=\"251\" height=\"89\" \/><\/span><\/span><\/h2>\n<\/div>\n<p>[\/vc_column_text][\/qode_elements_holder_item][\/qode_elements_holder][\/vc_column][\/vc_row][vc_row css_animation=\u00bb\u00bb row_type=\u00bbrow\u00bb use_row_as_full_screen_section=\u00bbno\u00bb type=\u00bbfull_width\u00bb angled_section=\u00bbno\u00bb text_align=\u00bbleft\u00bb background_image_as_pattern=\u00bbwithout_pattern\u00bb z_index=\u00bb\u00bb css=\u00bb.vc_custom_1673432544889{background-image: url(https:\/\/ganduxer.escolateresiana.com\/wp-content\/uploads\/2022\/05\/fondo.png?id=704) !important;}\u00bb padding_bottom=\u00bb60&#8243;][vc_column][vc_empty_space height=\u00bb80px\u00bb][vc_row_inner row_type=\u00bbrow\u00bb type=\u00bbgrid\u00bb text_align=\u00bbleft\u00bb css_animation=\u00bbelement_from_top\u00bb][vc_column_inner width=\u00bb1\/2&#8243;]<div class=\"q_box_holder with_icon\" style=\"background-color: rgba(255,255,255,0.6);\"><div class=\"box_holder_icon\"><div class=\"box_holder_icon_inner very_large image \" style=\"\"><img decoding=\"async\" itemprop=\"image\" style=\"\" src=\"https:\/\/ganduxer.escolateresiana.com\/wp-content\/uploads\/2022\/11\/22.png\" alt=\"\"><\/div><\/div><div class=\"box_holder_inner very_large center\"><h3 class=\"icon_title\" style=\"color: #45ac34;\">COMPETENCIA DIGITAL<\/h3><span class=\"separator transparent\" style=\"margin: 8px 0;\"><\/span><p style=\"\">Nuestros alumnos deben ser competentes en el \u00e1mbito digital una vez finalizada su etapa escolar. Es por eso que necesitan dominar de forma progresiva e interdisciplinar programas de edici\u00f3n de textos, hojas de c\u00e1lculo, editores de v\u00eddeo y aplicaciones de dise\u00f1o gr\u00e1fico. La tecnolog\u00eda se convierte en un recurso.<\/p><\/div><\/div>[\/vc_column_inner][vc_column_inner width=\u00bb1\/2&#8243;]<div class=\"q_box_holder with_icon\" style=\"background-color: rgba(255,255,255,0.6);\"><div class=\"box_holder_icon\"><div class=\"box_holder_icon_inner very_large image \" style=\"\"><img decoding=\"async\" itemprop=\"image\" style=\"\" src=\"https:\/\/ganduxer.escolateresiana.com\/wp-content\/uploads\/2022\/11\/11.png\" alt=\"\"><\/div><\/div><div class=\"box_holder_inner very_large center\"><h3 class=\"icon_title\" style=\"color: #45ac34;\">PROGRAMACI\u00d3N Y ROB\u00d3TICA<\/h3><span class=\"separator transparent\" style=\"margin: 8px 0;\"><\/span><p style=\"\">Iniciamos a nuestros alumnos en el pensamiento l\u00f3gico desde la etapa de Infantil para facilitar la transici\u00f3n al aprendizaje de los lenguajes de programaci\u00f3n. La rob\u00f3tica nos permite su aplicaci\u00f3n de forma pr\u00e1ctica y tangible y un enfoque orientado a la resoluci\u00f3n de problemas de una forma participativa.<\/p><\/div><\/div>[\/vc_column_inner][\/vc_row_inner][vc_empty_space height=\u00bb80px\u00bb][vc_row_inner row_type=\u00bbrow\u00bb type=\u00bbgrid\u00bb text_align=\u00bbleft\u00bb css_animation=\u00bbelement_from_bottom\u00bb][vc_column_inner width=\u00bb1\/2&#8243;]<div class=\"q_box_holder with_icon\" style=\"background-color: rgba(255,255,255,0.6);\"><div class=\"box_holder_icon\"><div class=\"box_holder_icon_inner very_large image \" style=\"\"><img decoding=\"async\" itemprop=\"image\" style=\"\" src=\"https:\/\/ganduxer.escolateresiana.com\/wp-content\/uploads\/2022\/11\/33.png\" alt=\"\"><\/div><\/div><div class=\"box_holder_inner very_large center\"><h3 class=\"icon_title\" style=\"color: #45ac34;\">EQUIPAMIENTO<\/h3><span class=\"separator transparent\" style=\"margin: 8px 0;\"><\/span><p style=\"\">Todas nuestras aulas est\u00e1n dotadas de pizarras digitales o proyectores. Es a partir de 6\u00ba de Primaria los alumnos cuentan con un dispositivo personal para trabajar la competencia digital de una forma m\u00e1s espec\u00edfica.<\/p><\/div><\/div>[\/vc_column_inner][vc_column_inner width=\u00bb1\/2&#8243;]<div class=\"q_box_holder with_icon\" style=\"background-color: rgba(255,255,255,0.6);\"><div class=\"box_holder_icon\"><div class=\"box_holder_icon_inner very_large image \" style=\"\"><img decoding=\"async\" itemprop=\"image\" style=\"\" src=\"https:\/\/ganduxer.escolateresiana.com\/wp-content\/uploads\/2022\/11\/44.png\" alt=\"\"><\/div><\/div><div class=\"box_holder_inner very_large center\"><h3 class=\"icon_title\" style=\"color: #45ac34;\">RESPONSABILIDAD DIGITAL<\/h3><span class=\"separator transparent\" style=\"margin: 8px 0;\"><\/span><p style=\"\">Formamos a nuestros alumnos en el uso seguro y responsable de internet como una competencia digital m\u00e1s. Tambi\u00e9n les hacemos conscientes de su huella digital y de la necesidad de garantizar la privacidad y seguridad como usuarios de las redes.<\/p><\/div><\/div>[\/vc_column_inner][\/vc_row_inner][vc_empty_space height=\u00bb50px\u00bb][\/vc_column][\/vc_row][vc_row css_animation=\u00bb\u00bb row_type=\u00bbrow\u00bb use_row_as_full_screen_section=\u00bbno\u00bb type=\u00bbfull_width\u00bb angled_section=\u00bbno\u00bb text_align=\u00bbleft\u00bb background_image_as_pattern=\u00bbwithout_pattern\u00bb][vc_column][vc_gallery type=\u00bbimage_grid\u00bb images=\u00bb2822,2823,2824,2825&#8243; img_size=\u00bbfull\u00bb column_number=\u00bb4&#8243; grayscale=\u00bbno\u00bb images_space=\u00bbgallery_without_space\u00bb][\/vc_column][\/vc_row]<\/p>\n","protected":false},"excerpt":{"rendered":"<p>[vc_row css_animation=\u00bb\u00bb row_type=\u00bbrow\u00bb use_row_as_full_screen_section=\u00bbno\u00bb type=\u00bbfull_width\u00bb angled_section=\u00bbno\u00bb text_align=\u00bbleft\u00bb background_image_as_pattern=\u00bbwithout_pattern\u00bb css=\u00bb.vc_custom_1669019966897{background-color: #ffffff !important;}\u00bb z_index=\u00bb\u00bb][vc_column][qode_elements_holder number_of_columns=\u00bbtwo_columns\u00bb][qode_elements_holder_item advanced_animations=\u00bbno\u00bb][vc_single_image image=\u00bb2889&#8243; img_size=\u00bbfull\u00bb qode_css_animation=\u00bb\u00bb][\/qode_elements_holder_item][qode_elements_holder_item advanced_animations=\u00bbno\u00bb item_padding=\u00bb0px 30px 0px 30px\u00bb][vc_column_text] ESTRATEGIA DIGITAL DE CENTRO Las tecnolog\u00edas son herramientas pedag\u00f3gicas fundamentales para el aprendizaje , ya que facilitan la adquisici\u00f3n de una buena cultura&#8230;<\/p>\n","protected":false},"author":1,"featured_media":0,"parent":0,"menu_order":0,"comment_status":"closed","ping_status":"closed","template":"full_width.php","meta":{"footnotes":""},"class_list":["post-3149","page","type-page","status-publish","hentry"],"_links":{"self":[{"href":"https:\/\/ganduxer.escolateresiana.com\/es\/wp-json\/wp\/v2\/pages\/3149","targetHints":{"allow":["GET"]}}],"collection":[{"href":"https:\/\/ganduxer.escolateresiana.com\/es\/wp-json\/wp\/v2\/pages"}],"about":[{"href":"https:\/\/ganduxer.escolateresiana.com\/es\/wp-json\/wp\/v2\/types\/page"}],"author":[{"embeddable":true,"href":"https:\/\/ganduxer.escolateresiana.com\/es\/wp-json\/wp\/v2\/users\/1"}],"replies":[{"embeddable":true,"href":"https:\/\/ganduxer.escolateresiana.com\/es\/wp-json\/wp\/v2\/comments?post=3149"}],"version-history":[{"count":4,"href":"https:\/\/ganduxer.escolateresiana.com\/es\/wp-json\/wp\/v2\/pages\/3149\/revisions"}],"predecessor-version":[{"id":3514,"href":"https:\/\/ganduxer.escolateresiana.com\/es\/wp-json\/wp\/v2\/pages\/3149\/revisions\/3514"}],"wp:attachment":[{"href":"https:\/\/ganduxer.escolateresiana.com\/es\/wp-json\/wp\/v2\/media?parent=3149"}],"curies":[{"name":"wp","href":"https:\/\/api.w.org\/{rel}","templated":true}]}}