{"id":3127,"date":"2022-11-28T08:41:49","date_gmt":"2022-11-28T07:41:49","guid":{"rendered":"https:\/\/ganduxer.escolateresiana.com\/politica-de-cookies\/"},"modified":"2024-02-15T12:43:26","modified_gmt":"2024-02-15T11:43:26","slug":"politica-de-cookies","status":"publish","type":"page","link":"https:\/\/ganduxer.escolateresiana.com\/es\/politica-de-cookies\/","title":{"rendered":"Pol\u00edtica de cookies"},"content":{"rendered":"<p>[vc_row css_animation=\u00bb\u00bb row_type=\u00bbrow\u00bb use_row_as_full_screen_section=\u00bbno\u00bb type=\u00bbfull_width\u00bb angled_section=\u00bbno\u00bb text_align=\u00bbleft\u00bb background_image_as_pattern=\u00bbwithout_pattern\u00bb css=\u00bb.vc_custom_1668513887615{background-color: #ffffff !important;}\u00bb z_index=\u00bb\u00bb][vc_column][vc_empty_space][\/vc_column][\/vc_row][vc_row css_animation=\u00bbelement_from_right\u00bb row_type=\u00bbrow\u00bb use_row_as_full_screen_section=\u00bbno\u00bb type=\u00bbgrid\u00bb angled_section=\u00bbno\u00bb text_align=\u00bbleft\u00bb background_image_as_pattern=\u00bbwithout_pattern\u00bb css=\u00bb.vc_custom_1668513236165{background-color: #ffffff !important;}\u00bb z_index=\u00bb\u00bb][vc_column css=\u00bb.vc_custom_1668684558080{padding-top: 30px !important;padding-right: 30px !important;padding-bottom: 30px !important;padding-left: 30px !important;background-position: center !important;background-repeat: no-repeat !important;background-size: cover !important;}\u00bb][vc_column_text]Siguiendo las directrices de la Agencia Espa\u00f1ola de Protecci\u00f3n de Datos procedemos a detallar el uso de cookies que realiza esta web con el fin de informarle con la m\u00e1xima exactitud posible.<\/p>\n<p>El sitio web de FUNDACI\u00d3N ESCUELA TERESIANA, utiliza cookies y\/u otros archivos de funcionalidad similar (en adelante, las \u201cCookies\u201d) para mejorar su experiencia de usuario. Esta pol\u00edtica puede ser actualizada, por lo que le invitamos a revisarla de forma regular.<\/p>\n<p>\u00bfQu\u00e9 son las cookies?<\/p>\n<p>Son peque\u00f1os archivos de datos que el servidor de Internet env\u00eda al dispositivo con el que te conectas a nuestras webs y que \u00e9ste archiva. Se asocian \u00fanicamente a su navegador y no proporcionan por s\u00ed mismos datos personales. Las cookies no pueden da\u00f1ar su dispositivo y adem\u00e1s son muy \u00fatiles, puesto que nos ayudan a identificar y resolver errores.<\/p>\n<p>Al navegar por este sitio web se utilizan cookies de sesi\u00f3n y cookies persistentes que, a su vez, pueden ser cookies propias y\/o de terceros.<\/p>\n<p>Las cookies de sesi\u00f3n son cookies dise\u00f1adas para recabar y almacenar datos mientras el usuario accede a una p\u00e1gina web. Se suelen utilizar para almacenar informaci\u00f3n que s\u00f3lo interesa conservar para la prestaci\u00f3n del servicio solicitado por el usuario en una sola ocasi\u00f3n. Es decir, son temporales y desaparecen al finalizar la sesi\u00f3n.<\/p>\n<p>Las cookies persistentes son un tipo de cookies en las que los datos siguen almacenados en el terminal ya los que se puede acceder y tratar durante un per\u00edodo definido por el responsable de la cookie, y que puede ir de unos minutos a varios a\u00f1os.<\/p>\n<p>Las cookies propias son las creadas o gestionadas por el responsable de la p\u00e1gina web (FUNDACI\u00d3N ESCUELA TERESIANA).<\/p>\n<p>Las cookies de terceros son las administradas por prestadores de servicios t\u00e9cnicos, de an\u00e1lisis, redes sociales, de personalizaci\u00f3n y de publicidad (incluida publicidad comportamental) ajenos a FUNDACI\u00d3N ESCUELA TERESIANA<\/p>\n<p>\u00bfQu\u00e9 tipos de cookies podemos utilizar?<\/p>\n<p>COOKIES PROPIAS<\/p>\n<p>Finalidad T\u00e9cnica:<\/p>\n<p>\u00daltima conexi\u00f3n del usuario para navegar por las webs del sitio y utilizar sus diferentes opciones o servicios. Nunca se utilizar\u00e1n para recopilar informaci\u00f3n con el objetivo de mostrarle publicidad personalizada.<\/p>\n<p>Un identificador de usuario por sesi\u00f3n, la fecha y hora de la \u00faltima conexi\u00f3n del usuario y los par\u00e1metros necesarios para navegar entre la web de empresas y la de particulares.<\/p>\n<p>Finalidad An\u00e1lisis:<\/p>\n<p>Sirven para analizar los h\u00e1bitos de navegaci\u00f3n de los usuarios, con el objetivo de optimizar las funcionalidades y mantenimiento t\u00e9cnico y operativo de las webs del sitio y garantizar el mejor servicio posible. Nunca se utilizar\u00e1n para mostrar anuncios personalizados, ni para recordar las preferencias del usuario m\u00e1s all\u00e1 de la sesi\u00f3n.<\/p>\n<p>Perfil tecnol\u00f3gico del dispositivo, origen del acceso a la web, actividad de navegaci\u00f3n y t\u00e9rminos de b\u00fasqueda utilizados.<\/p>\n<p>Para realizar estos an\u00e1lisis utilizamos el servicio Google Analitycs: Google Analitycs almacena cookies para poder elaborar estad\u00edsticas sobre el tr\u00e1fico y volumen de visitas de esta web. Al utilizar este sitio web est\u00e1 consintiendo el tratamiento de informaci\u00f3n sobre usted por Google. Las condiciones de estos servicios pueden consultarse en la siguiente direcci\u00f3n:<\/p>\n<p><a href=\"https:\/\/developers.google.com\/analytics\/devguides\/collection\/analyticsjs\/cookie-usage.\">https:\/\/developers.google.com\/analytics\/devguides\/collection\/analyticsjs\/cookie-usage.<\/a><\/p>\n<p>Siguiendo las directrices de la Agencia Espa\u00f1ola de Protecci\u00f3n de Datos procedemos a detallar el uso de cookies que realiza esta web con el fin de informarle con la m\u00e1xima exactitud posible.<\/p>\n<p>El sitio web de FUNDACI\u00d3 ESCUELA TERESIANA, utiliza cookies y\/u otros archivos de funcionalidad similar (en adelante, las \u201cCookies\u201d) para mejorar su experiencia de usuario. Esta pol\u00edtica puede ser actualizada, por lo que le invitamos a revisarla de forma regular.<\/p>\n<p>\u00bfQu\u00e9 son las cookies?<\/p>\n<p>Son peque\u00f1os archivos de datos que el servidor de Internet env\u00eda al dispositivo con el que te conectas a nuestras webs y que \u00e9ste archiva. Se asocian \u00fanicamente a su navegador y no proporcionan por s\u00ed mismos datos personales. Las cookies no pueden da\u00f1ar su dispositivo y adem\u00e1s son muy \u00fatiles, puesto que nos ayudan a identificar y resolver errores.<\/p>\n<p>Al navegar por este sitio web se utilizan cookies de sesi\u00f3n y cookies persistentes que, a su vez, pueden ser cookies propias y\/o de terceros.<\/p>\n<p>Las cookies de sesi\u00f3n son cookies dise\u00f1adas para recabar y almacenar datos mientras el usuario accede a una p\u00e1gina web. Se suelen utilizar para almacenar informaci\u00f3n que s\u00f3lo interesa conservar para la prestaci\u00f3n del servicio solicitado por el usuario en una sola ocasi\u00f3n. Es decir, son temporales y desaparecen al finalizar la sesi\u00f3n.<\/p>\n<p>Las cookies persistentes son un tipo de cookies en las que los datos siguen almacenados en el terminal ya los que se puede acceder y tratar durante un per\u00edodo definido por el responsable de la cookie, y que puede ir de unos minutos a varios a\u00f1os.<\/p>\n<p>Las cookies propias son las creadas o gestionadas por el responsable de la p\u00e1gina web (FUNDACI\u00d3N ESCUELA TERESIANA).<\/p>\n<p>Las cookies de terceros son las administradas por prestadores de servicios t\u00e9cnicos, de an\u00e1lisis, redes sociales, de personalizaci\u00f3n y de publicidad (incluida publicidad comportamental) ajenos a FUNDACI\u00d3N ESCUELA TERESIANA<\/p>\n<p>\u00bfQu\u00e9 tipos de cookies podemos utilizar?<\/p>\n<p>COOKIES PROPIAS<\/p>\n<p>Finalidad T\u00e9cnica:<\/p>\n<p>\u00daltima conexi\u00f3n del usuario para navegar por las webs del sitio y utilizar sus diferentes opciones o servicios. Nunca se utilizar\u00e1n para recopilar informaci\u00f3n con el objetivo de mostrarle publicidad personalizada.<\/p>\n<p>Un identificador de usuario por sesi\u00f3n, la fecha y hora de la \u00faltima conexi\u00f3n del usuario y los par\u00e1metros necesarios para navegar entre la web de empresas y la de particulares.<\/p>\n<p>Finalidad An\u00e1lisis:<\/p>\n<p>Sirven para analizar los h\u00e1bitos de navegaci\u00f3n de los usuarios, con el objetivo de optimizar las funcionalidades y mantenimiento t\u00e9cnico y operativo de las webs del sitio y garantizar el mejor servicio posible. Nunca se utilizar\u00e1n para mostrar anuncios personalizados, ni para recordar las preferencias del usuario m\u00e1s all\u00e1 de la sesi\u00f3n.<\/p>\n<p>Perfil tecnol\u00f3gico del dispositivo, origen del acceso a la web, actividad de navegaci\u00f3n y t\u00e9rminos de b\u00fasqueda utilizados.<\/p>\n<p>Para realizar estos an\u00e1lisis utilizamos el servicio Google Analitycs: Google Analitycs almacena cookies para poder elaborar estad\u00edsticas sobre el tr\u00e1fico y volumen de visitas de esta web. Al utilizar este sitio web est\u00e1 consintiendo el tratamiento de informaci\u00f3n sobre usted por Google. Las condiciones de estos servicios pueden consultarse en la siguiente direcci\u00f3n: <span id=\"cloak5d3446f46044dd999ba053ede1445528\"><a href=\"mailto:fundacion@escuelateresiana.com\">fundacion@escuelateresiana.com<\/a><\/span><\/p>\n<h3><\/h3>\n<h3><\/h3>\n<p><span style=\"font-size: 16px;\">CONSENTIMIENTO<\/span><\/p>\n<p>En FUNDACI\u00d3N ESCUELA TERESIANA, nunca guardamos los datos personales de nuestros usuarios, a excepci\u00f3n de la direcci\u00f3n IP de acuerdo con lo descrito anteriormente, salvo que quiera registrarse de forma voluntaria con el fin de contratar los servicios que ponemos en su disposici\u00f3n o recibir informaci\u00f3n sobre contenidos de su inter\u00e9s.<\/p>\n<p>Al navegar y continuar en nuestra web nos indica que est\u00e1 consintiendo el uso de cookies antes enunciadas, y en las condiciones contenidas en la presente Pol\u00edtica de Cookies.<\/p>\n<p>Si desea revocar el consentimiento prestado deber\u00e1 eliminar las cookies instaladas. Para evitar que se instalen en el futuro deber\u00e1 activar las opciones de Navegaci\u00f3n Privada o \u201cDo-Not-Track\u201d previstas en su navegador, es decir, bloquear o desactivar la instalaci\u00f3n de cookies.<\/p>\n<p>Notas adicionales<\/p>\n<p>Ni esta web ni sus representantes legales se hacen responsables ni del contenido ni de la veracidad de las pol\u00edticas de privacidad que puedan tener los terceros citados en esta pol\u00edtica de cookies.<\/p>\n<p>Los navegadores web son las herramientas encargadas de almacenar las cookies y desde este sitio debe efectuar su derecho a eliminaci\u00f3n o desactivaci\u00f3n de \u00e9stas. Ni esta web ni sus representantes legales pueden garantizar la correcta o incorrecta manipulaci\u00f3n de las cookies por parte de dichos navegadores.<\/p>\n<p>En algunos casos es necesario instalar cookies para que el navegador no olvide su decisi\u00f3n de no aceptaci\u00f3n de \u00e9stas.<\/p>\n<p>En el caso de las cookies de Google Analytics, esta empresa almacena las cookies en servidores situados en Estados Unidos y se compromete a no compartirla con terceros, salvo en los casos en los que sea necesario para el funcionamiento del sistema o cuando la ley obligue a tal efecto. Seg\u00fan Google no guarda su direcci\u00f3n IP. Google Inc. es una compa\u00f1\u00eda adherida al Acuerdo de Port Segur que garantiza que todos los datos transferidos ser\u00e1n tratados con un nivel de protecci\u00f3n acorde a la normativa europea.<\/p>\n<p>Para cualquier duda o consulta sobre esta pol\u00edtica de cookies no dude en comunicarse con nosotros a trav\u00e9s de la direcci\u00f3n: <span id=\"cloak605b0e1e560e8709d7c7d207dad99e20\" style=\"font-size: 16px;\"><a href=\"mailto:fundacion@escuelateresiana.com\">fundacion@escuelateresiana.com<\/a><\/span><\/p>\n<p>Pol\u00edtica actualizada a mayo de 2018[\/vc_column_text][\/vc_column][\/vc_row][vc_row css_animation=\u00bb\u00bb row_type=\u00bbrow\u00bb use_row_as_full_screen_section=\u00bbno\u00bb type=\u00bbfull_width\u00bb angled_section=\u00bbno\u00bb text_align=\u00bbleft\u00bb background_image_as_pattern=\u00bbwithout_pattern\u00bb css=\u00bb.vc_custom_1668513895281{background-color: #ffffff !important;}\u00bb z_index=\u00bb\u00bb][vc_column][vc_empty_space][\/vc_column][\/vc_row]<\/p>\n","protected":false},"excerpt":{"rendered":"<p>[vc_row css_animation=\u00bb\u00bb row_type=\u00bbrow\u00bb use_row_as_full_screen_section=\u00bbno\u00bb type=\u00bbfull_width\u00bb angled_section=\u00bbno\u00bb text_align=\u00bbleft\u00bb background_image_as_pattern=\u00bbwithout_pattern\u00bb css=\u00bb.vc_custom_1668513887615{background-color: #ffffff !important;}\u00bb z_index=\u00bb\u00bb][vc_column][vc_empty_space][\/vc_column][\/vc_row][vc_row css_animation=\u00bbelement_from_right\u00bb row_type=\u00bbrow\u00bb use_row_as_full_screen_section=\u00bbno\u00bb type=\u00bbgrid\u00bb angled_section=\u00bbno\u00bb text_align=\u00bbleft\u00bb background_image_as_pattern=\u00bbwithout_pattern\u00bb css=\u00bb.vc_custom_1668513236165{background-color: #ffffff !important;}\u00bb z_index=\u00bb\u00bb][vc_column css=\u00bb.vc_custom_1668684558080{padding-top: 30px !important;padding-right: 30px !important;padding-bottom: 30px !important;padding-left: 30px !important;background-position: center !important;background-repeat: no-repeat !important;background-size: cover !important;}\u00bb][vc_column_text]Siguiendo las directrices de la Agencia Espa\u00f1ola de&#8230;<\/p>\n","protected":false},"author":1,"featured_media":0,"parent":0,"menu_order":0,"comment_status":"closed","ping_status":"closed","template":"full_width.php","meta":{"footnotes":""},"class_list":["post-3127","page","type-page","status-publish","hentry"],"_links":{"self":[{"href":"https:\/\/ganduxer.escolateresiana.com\/es\/wp-json\/wp\/v2\/pages\/3127","targetHints":{"allow":["GET"]}}],"collection":[{"href":"https:\/\/ganduxer.escolateresiana.com\/es\/wp-json\/wp\/v2\/pages"}],"about":[{"href":"https:\/\/ganduxer.escolateresiana.com\/es\/wp-json\/wp\/v2\/types\/page"}],"author":[{"embeddable":true,"href":"https:\/\/ganduxer.escolateresiana.com\/es\/wp-json\/wp\/v2\/users\/1"}],"replies":[{"embeddable":true,"href":"https:\/\/ganduxer.escolateresiana.com\/es\/wp-json\/wp\/v2\/comments?post=3127"}],"version-history":[{"count":5,"href":"https:\/\/ganduxer.escolateresiana.com\/es\/wp-json\/wp\/v2\/pages\/3127\/revisions"}],"predecessor-version":[{"id":3184,"href":"https:\/\/ganduxer.escolateresiana.com\/es\/wp-json\/wp\/v2\/pages\/3127\/revisions\/3184"}],"wp:attachment":[{"href":"https:\/\/ganduxer.escolateresiana.com\/es\/wp-json\/wp\/v2\/media?parent=3127"}],"curies":[{"name":"wp","href":"https:\/\/api.w.org\/{rel}","templated":true}]}}