{"id":3088,"date":"2022-11-16T10:47:45","date_gmt":"2022-11-16T09:47:45","guid":{"rendered":"https:\/\/ganduxer.escolateresiana.com\/proyectos-innovadores\/"},"modified":"2024-02-15T12:43:27","modified_gmt":"2024-02-15T11:43:27","slug":"proyectos-innovadores","status":"publish","type":"page","link":"https:\/\/ganduxer.escolateresiana.com\/es\/proyectos-innovadores\/","title":{"rendered":"Proyectos innovadores"},"content":{"rendered":"<p>[vc_row css_animation=\u00bb\u00bb row_type=\u00bbrow\u00bb use_row_as_full_screen_section=\u00bbno\u00bb type=\u00bbfull_width\u00bb angled_section=\u00bbno\u00bb text_align=\u00bbleft\u00bb background_image_as_pattern=\u00bbwithout_pattern\u00bb css=\u00bb.vc_custom_1668595163832{background-color: #ffffff !important;}\u00bb z_index=\u00bb\u00bb][vc_column][qode_elements_holder number_of_columns=\u00bbtwo_columns\u00bb][qode_elements_holder_item advanced_animations=\u00bbno\u00bb][vc_single_image image=\u00bb2815&#8243; img_size=\u00bbfull\u00bb qode_css_animation=\u00bb\u00bb][\/qode_elements_holder_item][qode_elements_holder_item advanced_animations=\u00bbno\u00bb item_padding=\u00bb0px 30px 0px 30px\u00bb][vc_column_text]<\/p>\n<h3><span style=\"color: #45ac34;\">Proyectos innovadores<\/span><\/h3>\n<p>&nbsp;<\/p>\n<p><span style=\"font-weight: 400;\">Los proyectos innovadores buscan un aprendizaje en contexto, significativo y creativo.<\/span><\/p>\n<p>&nbsp;<\/p>\n<p><span style=\"font-weight: 400;\">Estos proyectos incorporan las diferentes metodolog\u00edas en las que se apoya nuestro modelo pedag\u00f3gico, expresado en la \u00abpir\u00e1mide de aprendizaje\u00bb.  <\/span>[\/vc_column_text][\/qode_elements_holder_item][\/qode_elements_holder][\/vc_column][\/vc_row][vc_row css_animation=\u00bbelement_from_right\u00bb row_type=\u00bbrow\u00bb use_row_as_full_screen_section=\u00bbno\u00bb type=\u00bbfull_width\u00bb angled_section=\u00bbno\u00bb text_align=\u00bbleft\u00bb background_image_as_pattern=\u00bbwithout_pattern\u00bb z_index=\u00bb\u00bb background_image=\u00bb739&#8243;][vc_column][qode_elements_holder number_of_columns=\u00bbone_column\u00bb][qode_elements_holder_item advanced_animations=\u00bbno\u00bb item_padding=\u00bb0px 50px 0px 50px\u00bb][vc_empty_space height=\u00bb90px\u00bb][vc_column_text]<\/p>\n<h3><span style=\"color: #ffffff;\">Algunos de nuestros proyectos:<\/span><\/h3>\n<p>[\/vc_column_text][vc_empty_space height=\u00bb60px\u00bb][\/qode_elements_holder_item][\/qode_elements_holder][vc_row_inner row_type=\u00bbrow\u00bb type=\u00bbfull_width\u00bb text_align=\u00bbleft\u00bb css_animation=\u00bb\u00bb css=\u00bb.vc_custom_1668598660420{margin-right: 30px !important;margin-left: 30px !important;}\u00bb][vc_column_inner width=\u00bb1\/3&#8243;][vc_column_text]<strong><span style=\"color: #ffffff;\">Escuela con coraz\u00f3n (C\u00e1ritas diocesana)<br \/>\n<\/span><\/strong>[\/vc_column_text][\/vc_column_inner][vc_column_inner width=\u00bb1\/3&#8243;][vc_column_text]<strong><span style=\"color: #ffffff;\">Desayuno saludable<br \/>\n<\/span><\/strong>[\/vc_column_text][\/vc_column_inner][vc_column_inner width=\u00bb1\/3&#8243;][vc_column_text]<span style=\"color: #ffffff;\"><strong>Proyecto de Orientaci\u00f3n Acad\u00e9mico-profesional: destinado a mejorar la orientaci\u00f3n acad\u00e9mico profesional de los alumnos estructur\u00e1ndola e integr\u00e1ndola dentro de la propuesta educativa, es decir, dentro de los curr\u00edculos de las materias y haciendo red con universidad y empresas.<br \/>\n<\/strong><\/span>[\/vc_column_text][\/vc_column_inner][\/vc_row_inner][vc_empty_space height=\u00bb10px\u00bb][vc_row_inner row_type=\u00bbrow\u00bb type=\u00bbfull_width\u00bb text_align=\u00bbleft\u00bb css_animation=\u00bb\u00bb css=\u00bb.vc_custom_1668599250532{border-right-width: 50px !important;border-left-width: 50px !important;padding-right: 50px !important;padding-left: 50px !important;}\u00bb][vc_column_inner][vc_separator type=\u00bbnormal\u00bb color=\u00bb#ffffff\u00bb][\/vc_column_inner][\/vc_row_inner][vc_empty_space height=\u00bb10px\u00bb][vc_empty_space height=\u00bb90px\u00bb][\/vc_column][\/vc_row][vc_row css_animation=\u00bb\u00bb row_type=\u00bbrow\u00bb use_row_as_full_screen_section=\u00bbno\u00bb type=\u00bbfull_width\u00bb angled_section=\u00bbno\u00bb text_align=\u00bbleft\u00bb background_image_as_pattern=\u00bbwithout_pattern\u00bb][vc_column][vc_gallery type=\u00bbimage_grid\u00bb images=\u00bb2816,2817,2818,2819&#8243; img_size=\u00bbfull\u00bb column_number=\u00bb4&#8243; grayscale=\u00bbno\u00bb images_space=\u00bbgallery_without_space\u00bb][\/vc_column][\/vc_row]<\/p>\n","protected":false},"excerpt":{"rendered":"<p>[vc_row css_animation=\u00bb\u00bb row_type=\u00bbrow\u00bb use_row_as_full_screen_section=\u00bbno\u00bb type=\u00bbfull_width\u00bb angled_section=\u00bbno\u00bb text_align=\u00bbleft\u00bb background_image_as_pattern=\u00bbwithout_pattern\u00bb css=\u00bb.vc_custom_1668595163832{background-color: #ffffff !important;}\u00bb z_index=\u00bb\u00bb][vc_column][qode_elements_holder number_of_columns=\u00bbtwo_columns\u00bb][qode_elements_holder_item advanced_animations=\u00bbno\u00bb][vc_single_image image=\u00bb2815&#8243; img_size=\u00bbfull\u00bb qode_css_animation=\u00bb\u00bb][\/qode_elements_holder_item][qode_elements_holder_item advanced_animations=\u00bbno\u00bb item_padding=\u00bb0px 30px 0px 30px\u00bb][vc_column_text] Proyectos innovadores &nbsp; Los proyectos innovadores buscan un aprendizaje en contexto, significativo y creativo. &nbsp; Estos proyectos incorporan las diferentes metodolog\u00edas en las&#8230;<\/p>\n","protected":false},"author":1,"featured_media":0,"parent":0,"menu_order":0,"comment_status":"closed","ping_status":"closed","template":"full_width.php","meta":{"footnotes":""},"class_list":["post-3088","page","type-page","status-publish","hentry"],"_links":{"self":[{"href":"https:\/\/ganduxer.escolateresiana.com\/es\/wp-json\/wp\/v2\/pages\/3088","targetHints":{"allow":["GET"]}}],"collection":[{"href":"https:\/\/ganduxer.escolateresiana.com\/es\/wp-json\/wp\/v2\/pages"}],"about":[{"href":"https:\/\/ganduxer.escolateresiana.com\/es\/wp-json\/wp\/v2\/types\/page"}],"author":[{"embeddable":true,"href":"https:\/\/ganduxer.escolateresiana.com\/es\/wp-json\/wp\/v2\/users\/1"}],"replies":[{"embeddable":true,"href":"https:\/\/ganduxer.escolateresiana.com\/es\/wp-json\/wp\/v2\/comments?post=3088"}],"version-history":[{"count":7,"href":"https:\/\/ganduxer.escolateresiana.com\/es\/wp-json\/wp\/v2\/pages\/3088\/revisions"}],"predecessor-version":[{"id":3192,"href":"https:\/\/ganduxer.escolateresiana.com\/es\/wp-json\/wp\/v2\/pages\/3088\/revisions\/3192"}],"wp:attachment":[{"href":"https:\/\/ganduxer.escolateresiana.com\/es\/wp-json\/wp\/v2\/media?parent=3088"}],"curies":[{"name":"wp","href":"https:\/\/api.w.org\/{rel}","templated":true}]}}