{"id":3082,"date":"2022-12-21T10:59:52","date_gmt":"2022-12-21T09:59:52","guid":{"rendered":"https:\/\/ganduxer.escolateresiana.com\/proyecto-solidario-de-fundeo\/"},"modified":"2025-09-16T10:28:15","modified_gmt":"2025-09-16T09:28:15","slug":"proyecto-solidario-de-fundeo","status":"publish","type":"page","link":"https:\/\/ganduxer.escolateresiana.com\/es\/proyecto-solidario-de-fundeo\/","title":{"rendered":"Proyecto Solidario de FundEO"},"content":{"rendered":"<p>[vc_row css_animation=\u00bb\u00bb row_type=\u00bbrow\u00bb use_row_as_full_screen_section=\u00bbno\u00bb type=\u00bbfull_width\u00bb angled_section=\u00bbno\u00bb text_align=\u00bbleft\u00bb background_image_as_pattern=\u00bbwithout_pattern\u00bb z_index=\u00bb\u00bb][vc_column width=\u00bb1\/2&#8243; css=\u00bb.vc_custom_1758008309010{margin-left: 32px !important;padding-right: 25px !important;padding-left: 25px !important;}\u00bb][vc_empty_space height=\u00bb40px\u00bb][vc_column_text]<\/p>\n<div class=\"traductor-textarea form-group\">\n<div class=\"textarea-desti col-xs-12 col-sm-6\">\n<h3 class=\"form-control second-textarea\">Somos la ONGD de la Familia Teresiana<\/h3>\n<p>&nbsp;<\/p>\n<p class=\"form-control second-textarea\">Somos la ONGD de la familia teresiana, fundada en 2004, que trabaja apoyando la labor realizada por la Familia Teresiana en pa\u00edses de Am\u00e9rica, \u00c1frica y Europa para promover:<\/p>\n<ul>\n<li>la dignidad y los derechos de las personas y grupos desfavorecidos, desde la perspectiva de g\u00e9nero.<\/li>\n<li>la construcci\u00f3n de un mundo m\u00e1s justo y sostenible, transform\u00e1ndolo desde nuestras posibilidades.<\/li>\n<\/ul>\n<p>&nbsp;<\/p>\n<h3 class=\"form-control second-textarea\"><strong>Trabajamos en 4 grandes l\u00edneas de actuaci\u00f3n:<\/strong><\/h3>\n<p>&nbsp;<\/p>\n<ul>\n<li>PROYECTOS DE COOPERACI\u00d3N AL DESARROLLO que transforman vidas y realidades.<\/li>\n<li>EDUCACI\u00d3N PARA EL DESARROLLO Y LA CIUDADAN\u00cdA GLOBAL que despierta una conciencia solidaria y comprometida.<\/li>\n<li>PROGRAMA DE APADRINAMIENTO que garantiza el acceso a la educaci\u00f3n.<\/li>\n<li>VOLUNTARIADO NACIONAL E INTERNACIONAL que cambia el modo de mirar el mundo.<\/li>\n<\/ul>\n<\/div>\n<\/div>\n<p>[\/vc_column_text][vc_empty_space height=\u00bb40px\u00bb][\/vc_column][vc_column width=\u00bb1\/2&#8243;][vc_single_image image=\u00bb3964&#8243; img_size=\u00bbfull\u00bb qode_css_animation=\u00bb\u00bb][\/vc_column][\/vc_row][vc_row css_animation=\u00bb\u00bb row_type=\u00bbrow\u00bb use_row_as_full_screen_section=\u00bbno\u00bb type=\u00bbfull_width\u00bb angled_section=\u00bbno\u00bb text_align=\u00bbleft\u00bb background_image_as_pattern=\u00bbwithout_pattern\u00bb z_index=\u00bb\u00bb][vc_column width=\u00bb1\/2&#8243;][vc_single_image image=\u00bb3977&#8243; img_size=\u00bbfull\u00bb qode_css_animation=\u00bb\u00bb][\/vc_column][vc_column width=\u00bb1\/2&#8243;][vc_empty_space height=\u00bb40px\u00bb][vc_empty_space height=\u00bb40px\u00bb][vc_column_text]Cada a\u00f1o nuestro Colegio colabora con un proyecto de FundEO. Este curso el proyecto es:[\/vc_column_text][vc_empty_space height=\u00bb40px\u00bb][vc_column_text]<\/p>\n<h4><strong><span style=\"color: #21a4d3;\">ANGOLA \u2013 Canhe<\/span><\/strong><\/h4>\n<p><strong>Construcci\u00f3n de una SALA BIBLIOTECA en el centro escolar teresiano de Canhe <\/strong>[\/vc_column_text][vc_empty_space height=\u00bb40px\u00bb]\n\n\t<a href=\"https:\/\/ganduxer.escolateresiana.com\/wp-content\/uploads\/2025\/09\/Angola-Canhe-biblioteca_Ganduxer_Gracia.pdf\" target=\"_blank\" style=\"color: #ffffff;background-color: #21a4d3\" class=\"qode-btn qode-btn-medium qode-btn-solid qode-btn-custom-hover-bg qode-btn-custom-hover-color qode-btn-default-hover\" data-hover-bg-color=\"#ffffff\" data-hover-color=\"#21a4d3\" >\n\t    <span class=\"qode-btn-text\">Ver presentaci\u00f3n ANGOLA<\/span>\t<\/a>\n\n[vc_empty_space height=\u00bb40px\u00bb]\n\n\t<a href=\"https:\/\/www.fundeo.org\/actuamos\/gestion-de-proyectos\/proyectos-internacionales-2025\/\" target=\"_blank\" style=\"color: #ffffff;background-color: #21a4d3\" class=\"qode-btn qode-btn-medium qode-btn-solid qode-btn-custom-hover-bg qode-btn-custom-hover-color qode-btn-default-hover\" data-hover-bg-color=\"#ffffff\" data-hover-color=\"#21a4d3\" >\n\t    <span class=\"qode-btn-text\">Ver proyectos FundEO 2025<\/span>\t<\/a>\n\n[\/vc_column][\/vc_row][vc_row css_animation=\u00bb\u00bb row_type=\u00bbrow\u00bb use_row_as_full_screen_section=\u00bbno\u00bb type=\u00bbgrid\u00bb angled_section=\u00bbno\u00bb text_align=\u00bbleft\u00bb background_image_as_pattern=\u00bbwithout_pattern\u00bb z_index=\u00bb\u00bb][vc_column][vc_empty_space]<div class=\"qode-simple-quote-holder \">\n\t<div class=\"qode-simple-quote-triangle-shadow\">\n\t\t\n\t<\/div>\n\t<div class=\"qode-simple-quote-triangle\" style=\"border-bottom-color: #ffffff\">\n\t\t\n\t<\/div>\n\t<div class=\"qode-simple-quote-holder-inner\" style=\"background-color: #ffffff;border-color: #ffffff\">\n\t\t<div class=\"qode-simple-quote-icon-holder\"  style=\"fill: #21a4d3\">\n\t\t\t<svg x=\"0px\" y=\"0px\" width=\"118px\" height=\"97px\" viewBox=\"0 0 118 97\" enable-background=\"new 0 0 118 97\" xml:space=\"preserve\">\n\t\t\t\t<g>\n\t\t\t\t\t<path d=\"M31.1,73.998c5.688-7.111,8.535-14.316,8.535-21.617c0-3.09-0.371-5.751-1.113-7.978c-4.332,3.34-9.031,5.009-14.102,5.009\n\t\t\t\t\t\tc-6.929,0-12.71-2.194-17.349-6.586c-4.639-4.389-6.958-10.298-6.958-17.72c0-6.926,2.348-12.71,7.051-17.349\n\t\t\t\t\t\tc4.7-4.639,10.452-6.958,17.256-6.958c9.77,0,17.256,4.021,22.451,12.061c4.329,6.68,6.494,15.029,6.494,25.049\n\t\t\t\t\t\tc0,12.742-3.247,24.154-9.741,34.234C37.13,82.227,27.325,90.357,14.215,96.541l-3.525-6.865\n\t\t\t\t\t\tC18.604,86.336,25.409,81.113,31.1,73.998z M95.67,73.998c5.688-7.111,8.535-14.316,8.535-21.617c0-3.09-0.371-5.751-1.113-7.978\n\t\t\t\t\t\tc-4.206,3.34-8.906,5.009-14.102,5.009c-6.804,0-12.556-2.194-17.256-6.586c-4.702-4.389-7.051-10.298-7.051-17.72\n\t\t\t\t\t\tc0-4.575,1.113-8.721,3.34-12.432s5.195-6.616,8.906-8.721c3.711-2.102,7.729-3.154,12.061-3.154\n\t\t\t\t\t\tc9.771,0,17.256,4.021,22.451,12.061c4.329,6.68,6.494,15.029,6.494,25.049c0,12.742-3.247,24.154-9.741,34.234\n\t\t\t\t\t\tC101.7,82.227,91.896,90.357,78.785,96.541l-3.525-6.865C83.175,86.336,89.979,81.113,95.67,73.998z\"\/>\n\t\t\t\t<\/g>\n\t\t\t<\/svg>\n\t\t<\/div>\n\t\t<div class=\"qode-simple-quote-content-holder\">\n\t\t\t<div class=\"qode-simple-quote-content-holder-inner\">\n\t\t\t\t<div class=\"qode-simple-quote-text-holder\" >\n\t\t\t\t\t<h4 class=\"qode-simple-quote-text-title\"> \u00a1Benditos ENREDOS y benditas REDES!  <\/h4>\n\t\t\t\t<\/div>\n\t\t\t\t<div class=\"qode-simple-quote-author-holder\">\n\t\t\t\t\t<p class=\"qode-simple-quote-author-title\"> San Enrique de Oss\u00f3  <\/p>\n\t\t\t\t<\/div>\n\t\t\t<\/div>\n\t\t<\/div>\n\t<\/div>\n<\/div>[vc_empty_space][\/vc_column][\/vc_row][vc_row css_animation=\u00bb\u00bb row_type=\u00bbrow\u00bb use_row_as_full_screen_section=\u00bbno\u00bb type=\u00bbfull_width\u00bb angled_section=\u00bbno\u00bb text_align=\u00bbleft\u00bb background_image_as_pattern=\u00bbwithout_pattern\u00bb][vc_column][vc_empty_space][\/vc_column][\/vc_row][vc_row css_animation=\u00bb\u00bb row_type=\u00bbrow\u00bb use_row_as_full_screen_section=\u00bbno\u00bb type=\u00bbfull_width\u00bb angled_section=\u00bbno\u00bb text_align=\u00bbleft\u00bb background_image_as_pattern=\u00bbwithout_pattern\u00bb][vc_column][vc_gallery type=\u00bbimage_grid\u00bb images=\u00bb3966,3969,3971,3973&#8243; img_size=\u00bbfull\u00bb column_number=\u00bb4&#8243; grayscale=\u00bbno\u00bb images_space=\u00bbgallery_without_space\u00bb][\/vc_column][\/vc_row]<\/p>\n","protected":false},"excerpt":{"rendered":"<p>[vc_row css_animation=\u00bb\u00bb row_type=\u00bbrow\u00bb use_row_as_full_screen_section=\u00bbno\u00bb type=\u00bbfull_width\u00bb angled_section=\u00bbno\u00bb text_align=\u00bbleft\u00bb background_image_as_pattern=\u00bbwithout_pattern\u00bb z_index=\u00bb\u00bb][vc_column width=\u00bb1\/2&#8243; css=\u00bb.vc_custom_1758008309010{margin-left: 32px !important;padding-right: 25px !important;padding-left: 25px !important;}\u00bb][vc_empty_space height=\u00bb40px\u00bb][vc_column_text] Somos la ONGD de la Familia Teresiana &nbsp; Somos la ONGD de la familia teresiana, fundada en 2004, que trabaja apoyando la labor realizada por la Familia&#8230;<\/p>\n","protected":false},"author":1,"featured_media":0,"parent":0,"menu_order":0,"comment_status":"closed","ping_status":"closed","template":"full_width.php","meta":{"footnotes":""},"class_list":["post-3082","page","type-page","status-publish","hentry"],"_links":{"self":[{"href":"https:\/\/ganduxer.escolateresiana.com\/es\/wp-json\/wp\/v2\/pages\/3082","targetHints":{"allow":["GET"]}}],"collection":[{"href":"https:\/\/ganduxer.escolateresiana.com\/es\/wp-json\/wp\/v2\/pages"}],"about":[{"href":"https:\/\/ganduxer.escolateresiana.com\/es\/wp-json\/wp\/v2\/types\/page"}],"author":[{"embeddable":true,"href":"https:\/\/ganduxer.escolateresiana.com\/es\/wp-json\/wp\/v2\/users\/1"}],"replies":[{"embeddable":true,"href":"https:\/\/ganduxer.escolateresiana.com\/es\/wp-json\/wp\/v2\/comments?post=3082"}],"version-history":[{"count":16,"href":"https:\/\/ganduxer.escolateresiana.com\/es\/wp-json\/wp\/v2\/pages\/3082\/revisions"}],"predecessor-version":[{"id":3985,"href":"https:\/\/ganduxer.escolateresiana.com\/es\/wp-json\/wp\/v2\/pages\/3082\/revisions\/3985"}],"wp:attachment":[{"href":"https:\/\/ganduxer.escolateresiana.com\/es\/wp-json\/wp\/v2\/media?parent=3082"}],"curies":[{"name":"wp","href":"https:\/\/api.w.org\/{rel}","templated":true}]}}