{"id":3079,"date":"2023-02-10T09:27:41","date_gmt":"2023-02-10T08:27:41","guid":{"rendered":"https:\/\/ganduxer.escolateresiana.com\/guarderia\/"},"modified":"2025-03-07T14:04:29","modified_gmt":"2025-03-07T13:04:29","slug":"guarderia","status":"publish","type":"page","link":"https:\/\/ganduxer.escolateresiana.com\/es\/guarderia\/","title":{"rendered":"Guarder\u00eda"},"content":{"rendered":"<p>[vc_row css_animation=\u00bb\u00bb row_type=\u00bbrow\u00bb use_row_as_full_screen_section=\u00bbno\u00bb type=\u00bbfull_width\u00bb angled_section=\u00bbno\u00bb text_align=\u00bbleft\u00bb background_image_as_pattern=\u00bbwithout_pattern\u00bb][vc_column]\n\t\t\t<!-- START GUARDERIA REVOLUTION SLIDER 6.5.14 --><p class=\"rs-p-wp-fix\"><\/p>\n\t\t\t<rs-module-wrap id=\"rev_slider_22_1_wrapper\" data-source=\"gallery\" style=\"visibility:hidden;background:transparent;padding:0;margin:0px auto;margin-top:0;margin-bottom:0;\">\n\t\t\t\t<rs-module id=\"rev_slider_22_1\" style=\"\" data-version=\"6.5.14\">\n\t\t\t\t\t<rs-slides>\n\t\t\t\t\t\t<rs-slide style=\"position: absolute;\" data-key=\"rs-24\" data-title=\"Slide\" data-in=\"o:0;\" data-out=\"a:false;\">\n\t\t\t\t\t\t\t<img decoding=\"async\" src=\"\/\/ganduxer.escolateresiana.com\/wp-content\/plugins\/revslider\/public\/assets\/assets\/dummy.png\" alt=\"Slide\" title=\"Guarder\u00eda\" class=\"rev-slidebg tp-rs-img rs-lazyload\" data-lazyload=\"\/\/ganduxer.escolateresiana.com\/wp-content\/plugins\/revslider\/public\/assets\/assets\/transparent.png\" data-bg=\"c:#45ac34;\" data-no-retina>\n<!--\n\t\t\t\t\t\t\t--><rs-layer\n\t\t\t\t\t\t\t\tid=\"slider-22-slide-24-layer-0\" \n\t\t\t\t\t\t\t\tclass=\"rs-fsv rs-layer-video intrinsic-ignore\"\n\t\t\t\t\t\t\t\tdata-type=\"video\"\n\t\t\t\t\t\t\t\tdata-rsp_ch=\"on\"\n\t\t\t\t\t\t\t\tdata-xy=\"x:0;y:0;\"\n\t\t\t\t\t\t\t\tdata-text=\"w:normal;\"\n\t\t\t\t\t\t\t\tdata-dim=\"w:100%;h:100%;\"\n\t\t\t\t\t\t\t\tdata-basealign=\"slide\"\n\t\t\t\t\t\t\t\tdata-video=\"vfc:true;vd:100;fc:true;l:true;ptimer:false;nse:f;\"\n\t\t\t\t\t\t\t\tdata-poster=\"\/\/ganduxer.escolateresiana.com\/wp-content\/uploads\/revslider\/video-media\/GUARDERIA_24_layer.jpeg\"\n\t\t\t\t\t\t\t\tdata-mp4=\"\/\/ganduxer.escolateresiana.com\/wp-content\/uploads\/2024\/02\/GUARDERIA.mp4\"\n\t\t\t\t\t\t\t\tdata-frame_999=\"o:0;st:w;sR:8700;\"\n\t\t\t\t\t\t\t\tstyle=\"z-index:8;\"\n\t\t\t\t\t\t\t>\n\t\t\t\t\t\t\t<\/rs-layer><!--\n-->\t\t\t\t\t\t<\/rs-slide>\n\t\t\t\t\t<\/rs-slides>\n\t\t\t\t<\/rs-module>\n\t\t\t\t<script>\n\t\t\t\t\tsetREVStartSize({c: 'rev_slider_22_1',rl:[1240,1024,778,480],el:[700],gw:[ 1280],gh:[700],type:'standard',justify:'',layout:'fullwidth',mh:\"0\"});if (window.RS_MODULES!==undefined && window.RS_MODULES.modules!==undefined && window.RS_MODULES.modules[\"revslider221\"]!==undefined) {window.RS_MODULES.modules[\"revslider221\"].once = false;window.revapi22 = undefined;if (window.RS_MODULES.checkMinimal!==undefined) window.RS_MODULES.checkMinimal()}\n\t\t\t\t<\/script>\n\t\t\t<\/rs-module-wrap>\n\t\t\t<!-- END REVOLUTION SLIDER -->\n[\/vc_column][\/vc_row][vc_row css_animation=\u00bb\u00bb row_type=\u00bbrow\u00bb use_row_as_full_screen_section=\u00bbno\u00bb type=\u00bbfull_width\u00bb angled_section=\u00bbno\u00bb text_align=\u00bbleft\u00bb background_image_as_pattern=\u00bbwithout_pattern\u00bb][vc_column][qode_elements_holder number_of_columns=\u00bbtwo_columns\u00bb][qode_elements_holder_item advanced_animations=\u00bbno\u00bb][vc_single_image image=\u00bb2944&#8243; img_size=\u00bbfull\u00bb qode_css_animation=\u00bb\u00bb][\/qode_elements_holder_item][qode_elements_holder_item cover=\u00bbyes\u00bb advanced_animations=\u00bbno\u00bb item_padding=\u00bb0px 30px 0px 30px\u00bb background_image=\u00bb704&#8243;][vc_column_text]<\/p>\n<h2><span style=\"color: #45ac34;\">Guarder\u00eda<\/span><\/h2>\n<p>&nbsp;<\/p>\n<h4><strong>Empieza la aventura <\/strong><\/h4>\n<p>&nbsp;<\/p>\n<p>En la guarder\u00eda creemos que la autonom\u00eda, la reflexi\u00f3n, la comunicaci\u00f3n y la creatividad son las herramientas esenciales que necesitar\u00e1n las personas para construir la sociedad de futuro. A trav\u00e9s de los h\u00e1bitos y de las rutinas favorecemos el bienestar del ni\u00f1o, consiguiendo as\u00ed que se desarrolle \u00edntegramente, llegando a descubrir todo lo que puede hacer por s\u00ed solo. El orden externo ayuda al ni\u00f1o a crear un orden interno.<\/p>\n<p>&nbsp;<\/p>\n<p>El ambiente de la guarder\u00eda ofrece un apoyo para que los ni\u00f1os y ni\u00f1as puedan funcionar de forma aut\u00f3noma. La metodolog\u00eda de rincones, las actividades de manipulaci\u00f3n y experimentaci\u00f3n, el descubrimiento por s\u00ed solos, el juego\u2026 favorecen el desarrollo de la autonom\u00eda y de la reflexi\u00f3n.[\/vc_column_text][\/qode_elements_holder_item][\/qode_elements_holder][\/vc_column][\/vc_row][vc_row css_animation=\u00bb\u00bb row_type=\u00bbrow\u00bb use_row_as_full_screen_section=\u00bbno\u00bb type=\u00bbfull_width\u00bb angled_section=\u00bbno\u00bb text_align=\u00bbleft\u00bb background_image_as_pattern=\u00bbwithout_pattern\u00bb][vc_column][vc_empty_space height=\u00bb90px\u00bb][\/vc_column][\/vc_row][vc_row css_animation=\u00bb\u00bb row_type=\u00bbrow\u00bb use_row_as_full_screen_section=\u00bbno\u00bb type=\u00bbgrid\u00bb angled_section=\u00bbno\u00bb text_align=\u00bbleft\u00bb background_image_as_pattern=\u00bbwithout_pattern\u00bb z_index=\u00bb\u00bb][vc_column css_animation=\u00bbfadeIn\u00bb width=\u00bb1\/2&#8243; css=\u00bb.vc_custom_1673357369377{padding-top: 30px !important;padding-right: 30px !important;padding-bottom: 30px !important;padding-left: 30px !important;background-color: #cdeff2 !important;}\u00bb]<div class=\"qode-accordion-holder clearfix qode-toggle qode-initial \">\n\t<h4 class=\"clearfix qode-title-holder\">\n<span class=\"qode-tab-title\">\n\t    <span class=\"qode-tab-title-inner\">\n        APRENDIZAJE DE IDIOMAS    <\/span>\n<\/span>\n<span class=\"qode-accordion-mark\">\n    <span class=\"qode-accordion-mark-icon\">\n        <span class=\"icon_plus\"><\/span>\n        <span class=\"icon_minus-06\"><\/span>\n    <\/span>\n<\/span>\n<\/h4>\n<div  class=\"qode-accordion-content \" >\n    <div class=\"qode-accordion-content-inner\">\n        [vc_column_text]<strong>INGL\u00c9S:<\/strong> en el 1er ciclo de Infantil los ni\u00f1os y ni\u00f1as aprenden ingl\u00e9s de forma natural a trav\u00e9s de los h\u00e1bitos y rutinas.<\/p>\n<p>&nbsp;<\/p>\n<p>El aprendizaje se realiza no s\u00f3lo en la sesi\u00f3n de ingl\u00e9s sino tambi\u00e9n en distintos momentos y \u00e1mbitos de nuestro d\u00eda a d\u00eda.<\/p>\n<p>&nbsp;<\/p>\n<p>Trabajar el ingl\u00e9s de forma multidisciplinar nos permite alcanzar nuestro objetivo, que es acercar a los ni\u00f1os de forma natural a esta lengua.[\/vc_column_text]    <\/div>\n<\/div><h4 class=\"clearfix qode-title-holder\">\n<span class=\"qode-tab-title\">\n\t    <span class=\"qode-tab-title-inner\">\n        M\u00c9TODO MONTESSORI    <\/span>\n<\/span>\n<span class=\"qode-accordion-mark\">\n    <span class=\"qode-accordion-mark-icon\">\n        <span class=\"icon_plus\"><\/span>\n        <span class=\"icon_minus-06\"><\/span>\n    <\/span>\n<\/span>\n<\/h4>\n<div  class=\"qode-accordion-content \" >\n    <div class=\"qode-accordion-content-inner\">\n        [vc_column_text]Nuestra pedagog\u00eda tiene presente, como dice el m\u00e9todo Montessori, las fases de desarrollo a lo largo de la vida de nuestros ni\u00f1os, sus potencialidades, intereses y capacidades.<\/p>\n<p>&nbsp;<\/p>\n<p>La clase est\u00e1 dividida en distintas tem\u00e1ticas que se corresponden con las cinco \u00e1reas clave en el aprendizaje Montessori, que permite al ni\u00f1o tener libertad de movimiento. El uso de materiales Montessori facilita al ni\u00f1o la manipulaci\u00f3n y experimentaci\u00f3n sensorial, con el fin de desarrollar el conocimiento y el pensamiento abstracto.[\/vc_column_text]    <\/div>\n<\/div><h4 class=\"clearfix qode-title-holder\">\n<span class=\"qode-tab-title\">\n\t    <span class=\"qode-tab-title-inner\">\n        MATEM\u00c1TICAS    <\/span>\n<\/span>\n<span class=\"qode-accordion-mark\">\n    <span class=\"qode-accordion-mark-icon\">\n        <span class=\"icon_plus\"><\/span>\n        <span class=\"icon_minus-06\"><\/span>\n    <\/span>\n<\/span>\n<\/h4>\n<div  class=\"qode-accordion-content \" >\n    <div class=\"qode-accordion-content-inner\">\n        [vc_column_text]En la guarder\u00eda, el lenguaje matem\u00e1tico debe estar muy cercano a la realidad de los ni\u00f1os y ni\u00f1as, aplic\u00e1ndolo a la vida cotidiana de los ni\u00f1os. Dentro y fuera del aula, los alumnos viven y experimentan situaciones que les ayudar\u00e1n a entender muy bien los conceptos matem\u00e1ticos.<br \/>\n[\/vc_column_text]    <\/div>\n<\/div><h4 class=\"clearfix qode-title-holder\">\n<span class=\"qode-tab-title\">\n\t    <span class=\"qode-tab-title-inner\">\n        LENGUAJE ORAL    <\/span>\n<\/span>\n<span class=\"qode-accordion-mark\">\n    <span class=\"qode-accordion-mark-icon\">\n        <span class=\"icon_plus\"><\/span>\n        <span class=\"icon_minus-06\"><\/span>\n    <\/span>\n<\/span>\n<\/h4>\n<div  class=\"qode-accordion-content \" >\n    <div class=\"qode-accordion-content-inner\">\n        [vc_column_text]El ni\u00f1o aprende a utilizar el lenguaje viendo c\u00f3mo lo utilizan las personas que son significativas para \u00e9l, y lo aprender\u00e1 gracias a la interpretaci\u00f3n que \u00e9stas hacen de sus intentos de comunicar. A partir del juego, de cuentos y de las actividades que los maestros presentan, los ni\u00f1os empiezan a utilizar palabras que designan cosas y eventos, y a expresar sentimientos y emociones.<\/p>\n<p>&nbsp;<\/p>\n<p>En la escuela damos a todos los ni\u00f1os la posibilidad de mejorar su nivel de elaboraci\u00f3n del lenguaje oral, ampliando los contextos de comunicaci\u00f3n[\/vc_column_text]    <\/div>\n<\/div><h4 class=\"clearfix qode-title-holder\">\n<span class=\"qode-tab-title\">\n\t    <span class=\"qode-tab-title-inner\">\n        DESARROLLO MOTRIZ    <\/span>\n<\/span>\n<span class=\"qode-accordion-mark\">\n    <span class=\"qode-accordion-mark-icon\">\n        <span class=\"icon_plus\"><\/span>\n        <span class=\"icon_minus-06\"><\/span>\n    <\/span>\n<\/span>\n<\/h4>\n<div  class=\"qode-accordion-content \" >\n    <div class=\"qode-accordion-content-inner\">\n        [vc_column_text]El principal objetivo de la psicomotricidad es el fortalecimiento de su salud f\u00edsica y mental. Es vital en su desarrollo motriz y cognitivo, y adem\u00e1s mejorar\u00e1 su concentraci\u00f3n, creatividad y atenci\u00f3n. En el \u00e1mbito comunicativo, contribuye a expresar sentimientos; y en el \u00e1mbito afectivo, les ayudar\u00e1 a perder miedos.<\/p>\n<p>&nbsp;<\/p>\n<p>Se trata de conseguir a trav\u00e9s de ejercicios que el ni\u00f1o alcance conocimientos, tanto de s\u00ed mismo como del medio que le rodea, a trav\u00e9s de la interacci\u00f3n de sus propios movimientos con el entorno.<\/p>\n<p>&nbsp;<\/p>\n<p>Mediante diferentes tipos de ejercicios los ni\u00f1os adquieren la conciencia del yo, de su cuerpo y de su mente.<\/p>\n<p>&nbsp;<\/p>\n<p>Ayudamos a los ni\u00f1os a dominar sus movimientos de forma sana, y a mejorar su relaci\u00f3n y comunicaci\u00f3n con los dem\u00e1s.[\/vc_column_text]    <\/div>\n<\/div><h4 class=\"clearfix qode-title-holder\">\n<span class=\"qode-tab-title\">\n\t    <span class=\"qode-tab-title-inner\">\n        RELIGI\u00d3N    <\/span>\n<\/span>\n<span class=\"qode-accordion-mark\">\n    <span class=\"qode-accordion-mark-icon\">\n        <span class=\"icon_plus\"><\/span>\n        <span class=\"icon_minus-06\"><\/span>\n    <\/span>\n<\/span>\n<\/h4>\n<div  class=\"qode-accordion-content \" >\n    <div class=\"qode-accordion-content-inner\">\n        [vc_column_text]Como Escuela Cristiana con acento teresiano, introducimos a nuestro alumnado en una dimensi\u00f3n espiritual y religiosa desde peque\u00f1os.<\/p>\n<p>&nbsp;<\/p>\n<p>\u00b7 Iniciamos a los alumnos en la oraci\u00f3n: empezamos el d\u00eda haciendo el Cuarto de Hora de oraci\u00f3n.<\/p>\n<p>&nbsp;<\/p>\n<p>\u00b7 Trabajamos valores en nuestra pr\u00e1ctica diaria, como la empat\u00eda, la justicia y la generosidad.<\/p>\n<p>&nbsp;<\/p>\n<p>-Trabajamos la religi\u00f3n a trav\u00e9s del \u201cproyecto semilla\u201d.<\/p>\n<p>&nbsp;<\/p>\n<p>Es un proyecto de ense\u00f1anza y aprendizaje de la religi\u00f3n a trav\u00e9s del cual descubren, experimentan y se inician en el conocimiento de los valores de la Fe Cristiana, acompa\u00f1ando al despertar religioso de los alumnos.[\/vc_column_text]    <\/div>\n<\/div><\/div>[\/vc_column][vc_column css_animation=\u00bbfadeIn\u00bb width=\u00bb1\/2&#8243; css=\u00bb.vc_custom_1673357373559{padding-top: 30px !important;padding-right: 30px !important;padding-bottom: 30px !important;padding-left: 30px !important;background-color: #f2cc74 !important;}\u00bb]<div class=\"qode-accordion-holder clearfix qode-toggle qode-initial \">\n\t<h4 class=\"clearfix qode-title-holder\">\n<span class=\"qode-tab-title\">\n\t    <span class=\"qode-tab-title-inner\">\n        ACOMPA\u00d1AMIENTO PERSONALIZADO    <\/span>\n<\/span>\n<span class=\"qode-accordion-mark\">\n    <span class=\"qode-accordion-mark-icon\">\n        <span class=\"icon_plus\"><\/span>\n        <span class=\"icon_minus-06\"><\/span>\n    <\/span>\n<\/span>\n<\/h4>\n<div  class=\"qode-accordion-content \" >\n    <div class=\"qode-accordion-content-inner\">\n        [vc_column_text]Hacemos un seguimiento personalizado de todos los alumnos para que crezcan con autoestima y autonom\u00eda.<\/p>\n<p>&nbsp;<\/p>\n<p>Trabajamos algunas \u00e1reas con grupos desdoblados y reducidos.<\/p>\n<p>&nbsp;<\/p>\n<p>Atendemos a los alumnos con dos profesores por aula.[\/vc_column_text]    <\/div>\n<\/div><h4 class=\"clearfix qode-title-holder\">\n<span class=\"qode-tab-title\">\n\t    <span class=\"qode-tab-title-inner\">\n        RINCONES    <\/span>\n<\/span>\n<span class=\"qode-accordion-mark\">\n    <span class=\"qode-accordion-mark-icon\">\n        <span class=\"icon_plus\"><\/span>\n        <span class=\"icon_minus-06\"><\/span>\n    <\/span>\n<\/span>\n<\/h4>\n<div  class=\"qode-accordion-content \" >\n    <div class=\"qode-accordion-content-inner\">\n        [vc_column_text]Metodolog\u00eda en la que se crea un espacio de aprendizaje pensado y preparado por el equipo docente, basado en la pedagog\u00eda Montessori.<\/p>\n<p>&nbsp;<\/p>\n<p>La clase est\u00e1 dividida en diferentes \u00e1reas tem\u00e1ticas con sus materiales, lo que permite al ni\u00f1o tener libertad de movimiento. Pueden jugar en grupo o de forma individual, seg\u00fan la propuesta, respetando as\u00ed su propio estilo y ritmo de aprendizaje.[\/vc_column_text]    <\/div>\n<\/div><h4 class=\"clearfix qode-title-holder\">\n<span class=\"qode-tab-title\">\n\t    <span class=\"qode-tab-title-inner\">\n        LENGUAJE PL\u00c1STICO    <\/span>\n<\/span>\n<span class=\"qode-accordion-mark\">\n    <span class=\"qode-accordion-mark-icon\">\n        <span class=\"icon_plus\"><\/span>\n        <span class=\"icon_minus-06\"><\/span>\n    <\/span>\n<\/span>\n<\/h4>\n<div  class=\"qode-accordion-content \" >\n    <div class=\"qode-accordion-content-inner\">\n        [vc_column_text]A trav\u00e9s de la pl\u00e1stica promovemos el inter\u00e9s de nuestros ni\u00f1os en todas las actividades en las que intervienen instrumentos que permiten la representaci\u00f3n pl\u00e1stica.<\/p>\n<p>&nbsp;<\/p>\n<p>Trabajamos diferentes t\u00e9cnicas pl\u00e1sticas (modelaje, pintura, collage, dibujo\u2026).<br \/>\nEs una actividad espont\u00e1nea donde los ni\u00f1os fomentan la creatividad, descubren nuevas sensaciones&#8230;[\/vc_column_text]    <\/div>\n<\/div><h4 class=\"clearfix qode-title-holder\">\n<span class=\"qode-tab-title\">\n\t    <span class=\"qode-tab-title-inner\">\n        H\u00c1BITOS Y RUTINAS    <\/span>\n<\/span>\n<span class=\"qode-accordion-mark\">\n    <span class=\"qode-accordion-mark-icon\">\n        <span class=\"icon_plus\"><\/span>\n        <span class=\"icon_minus-06\"><\/span>\n    <\/span>\n<\/span>\n<\/h4>\n<div  class=\"qode-accordion-content \" >\n    <div class=\"qode-accordion-content-inner\">\n        [vc_column_text]El d\u00eda a d\u00eda en la escuela gira en torno a los h\u00e1bitos y rutinas que se establecen. A trav\u00e9s de su adquisici\u00f3n, facilitamos el desarrollo de la autonom\u00eda y el bienestar de los ni\u00f1os. Como consecuencia y gracias a esta organizaci\u00f3n del tiempo, creamos un espacio de seguridad y confianza para todos los ni\u00f1os que es b\u00e1sico para su socializaci\u00f3n y para el desarrollo de la personalidad de cada uno de ellos.<br \/>\n[\/vc_column_text]    <\/div>\n<\/div><h4 class=\"clearfix qode-title-holder\">\n<span class=\"qode-tab-title\">\n\t    <span class=\"qode-tab-title-inner\">\n        EXPERIMENTACIONES    <\/span>\n<\/span>\n<span class=\"qode-accordion-mark\">\n    <span class=\"qode-accordion-mark-icon\">\n        <span class=\"icon_plus\"><\/span>\n        <span class=\"icon_minus-06\"><\/span>\n    <\/span>\n<\/span>\n<\/h4>\n<div  class=\"qode-accordion-content \" >\n    <div class=\"qode-accordion-content-inner\">\n        [vc_column_text]A trav\u00e9s del juego y de las experimentaciones propiciamos la observaci\u00f3n, la exploraci\u00f3n y manipulaci\u00f3n de materiales diversos y juguetes.<\/p>\n<p>&nbsp;<\/p>\n<p>Fomentamos la comparaci\u00f3n, construcci\u00f3n y experimentaci\u00f3n con los objetos y materiales, al tiempo que inculcamos el cuidado y conservaci\u00f3n de los objetos de uso habitual.[\/vc_column_text]    <\/div>\n<\/div><h4 class=\"clearfix qode-title-holder\">\n<span class=\"qode-tab-title\">\n\t    <span class=\"qode-tab-title-inner\">\n        LENGUAJE MUSICAL Y EXPRESI\u00d3N CORPORAL    <\/span>\n<\/span>\n<span class=\"qode-accordion-mark\">\n    <span class=\"qode-accordion-mark-icon\">\n        <span class=\"icon_plus\"><\/span>\n        <span class=\"icon_minus-06\"><\/span>\n    <\/span>\n<\/span>\n<\/h4>\n<div  class=\"qode-accordion-content \" >\n    <div class=\"qode-accordion-content-inner\">\n        [vc_column_text]En esta etapa existe un fuerte v\u00ednculo entre el lenguaje musical y el lenguaje corporal. A trav\u00e9s de canciones y danzas, los ni\u00f1os vivencian ritmos, gestos y juegos motrices.<\/p>\n<p>&nbsp;<\/p>\n<p>Trabajamos contenidos del \u00e1rea de m\u00fasica y a su vez aprenden a utilizar el cuerpo para expresar intenciones, emociones y vivencias.<\/p>\n<p>&nbsp;<\/p>\n<p>Utilizamos la voz como primer instrumento personal y la canci\u00f3n es la forma m\u00e1s f\u00e1cil y espont\u00e1nea de hacer m\u00fasica.<\/p>\n<p>&nbsp;<\/p>\n<p>Trabajamos la m\u00fasica y la expresi\u00f3n corporal desde dos vertientes:<br \/>\n\u2013 la producci\u00f3n y la expresi\u00f3n (cantar, bailar, tocar instrumentos, hacer sonidos y ruidos\u2026)<br \/>\n\u2013 espectador (escuchar audiciones, ver bailes, peque\u00f1as representaciones\u2026).[\/vc_column_text]    <\/div>\n<\/div><\/div>[\/vc_column][\/vc_row][vc_row css_animation=\u00bb\u00bb row_type=\u00bbrow\u00bb use_row_as_full_screen_section=\u00bbno\u00bb type=\u00bbgrid\u00bb angled_section=\u00bbno\u00bb text_align=\u00bbcenter\u00bb background_image_as_pattern=\u00bbwithout_pattern\u00bb z_index=\u00bb\u00bb][vc_column][vc_empty_space height=\u00bb90px\u00bb][vc_column_text]<\/p>\n<h3 style=\"text-align: center;\">\u00bfQuieres m\u00e1s informaci\u00f3n o venir a visitarnos?<\/h3>\n<p>[\/vc_column_text][vc_empty_space]\n\n\t<a href=\"https:\/\/forms.gle\/8YDAZc91jNKVDyT86\" target=\"_blank\" style=\"color: #ffffff;background-color: #45ac34\" class=\"qode-btn qode-btn-medium qode-btn-solid qode-btn-custom-hover-bg qode-btn-custom-hover-color qode-btn-default-hover\" data-hover-bg-color=\"#ffffff\" data-hover-color=\"#45ac34\" >\n\t    <span class=\"qode-btn-text\">SOLICITA INFORMACI\u00d3N AHORA<\/span>\t<\/a>\n\n[vc_empty_space height=\u00bb90px\u00bb][\/vc_column][\/vc_row][vc_row css_animation=\u00bb\u00bb row_type=\u00bbrow\u00bb use_row_as_full_screen_section=\u00bbno\u00bb type=\u00bbfull_width\u00bb angled_section=\u00bbno\u00bb text_align=\u00bbleft\u00bb background_image_as_pattern=\u00bbwithout_pattern\u00bb][vc_column][vc_gallery type=\u00bbimage_grid\u00bb images=\u00bb3017,3018,3019,3020&#8243; img_size=\u00bbfull\u00bb column_number=\u00bb4&#8243; grayscale=\u00bbno\u00bb images_space=\u00bbgallery_without_space\u00bb][\/vc_column][\/vc_row]<\/p>\n","protected":false},"excerpt":{"rendered":"<p>[vc_row css_animation=\u00bb\u00bb row_type=\u00bbrow\u00bb use_row_as_full_screen_section=\u00bbno\u00bb type=\u00bbfull_width\u00bb angled_section=\u00bbno\u00bb text_align=\u00bbleft\u00bb background_image_as_pattern=\u00bbwithout_pattern\u00bb][vc_column][\/vc_column][\/vc_row][vc_row css_animation=\u00bb\u00bb row_type=\u00bbrow\u00bb use_row_as_full_screen_section=\u00bbno\u00bb type=\u00bbfull_width\u00bb angled_section=\u00bbno\u00bb text_align=\u00bbleft\u00bb background_image_as_pattern=\u00bbwithout_pattern\u00bb][vc_column][qode_elements_holder number_of_columns=\u00bbtwo_columns\u00bb][qode_elements_holder_item advanced_animations=\u00bbno\u00bb][vc_single_image image=\u00bb2944&#8243; img_size=\u00bbfull\u00bb qode_css_animation=\u00bb\u00bb][\/qode_elements_holder_item][qode_elements_holder_item cover=\u00bbyes\u00bb advanced_animations=\u00bbno\u00bb item_padding=\u00bb0px 30px 0px 30px\u00bb background_image=\u00bb704&#8243;][vc_column_text] Guarder\u00eda &nbsp; Empieza la aventura &nbsp; En la guarder\u00eda creemos que la autonom\u00eda, la reflexi\u00f3n, la comunicaci\u00f3n y&#8230;<\/p>\n","protected":false},"author":1,"featured_media":0,"parent":0,"menu_order":0,"comment_status":"closed","ping_status":"closed","template":"full_width.php","meta":{"footnotes":""},"class_list":["post-3079","page","type-page","status-publish","hentry"],"_links":{"self":[{"href":"https:\/\/ganduxer.escolateresiana.com\/es\/wp-json\/wp\/v2\/pages\/3079","targetHints":{"allow":["GET"]}}],"collection":[{"href":"https:\/\/ganduxer.escolateresiana.com\/es\/wp-json\/wp\/v2\/pages"}],"about":[{"href":"https:\/\/ganduxer.escolateresiana.com\/es\/wp-json\/wp\/v2\/types\/page"}],"author":[{"embeddable":true,"href":"https:\/\/ganduxer.escolateresiana.com\/es\/wp-json\/wp\/v2\/users\/1"}],"replies":[{"embeddable":true,"href":"https:\/\/ganduxer.escolateresiana.com\/es\/wp-json\/wp\/v2\/comments?post=3079"}],"version-history":[{"count":31,"href":"https:\/\/ganduxer.escolateresiana.com\/es\/wp-json\/wp\/v2\/pages\/3079\/revisions"}],"predecessor-version":[{"id":3772,"href":"https:\/\/ganduxer.escolateresiana.com\/es\/wp-json\/wp\/v2\/pages\/3079\/revisions\/3772"}],"wp:attachment":[{"href":"https:\/\/ganduxer.escolateresiana.com\/es\/wp-json\/wp\/v2\/media?parent=3079"}],"curies":[{"name":"wp","href":"https:\/\/api.w.org\/{rel}","templated":true}]}}