{"id":3060,"date":"2024-01-19T10:04:50","date_gmt":"2024-01-19T09:04:50","guid":{"rendered":"https:\/\/ganduxer.escolateresiana.com\/preinscripcion-curso-24-25\/"},"modified":"2026-03-03T11:10:43","modified_gmt":"2026-03-03T10:10:43","slug":"preinscripcion-curso-26-27","status":"publish","type":"page","link":"https:\/\/ganduxer.escolateresiana.com\/es\/preinscripcion-curso-26-27\/","title":{"rendered":"Preinscripci\u00f3n curso 26-27"},"content":{"rendered":"<p>[vc_row css_animation=\u00bb\u00bb row_type=\u00bbrow\u00bb use_row_as_full_screen_section=\u00bbno\u00bb type=\u00bbgrid\u00bb angled_section=\u00bbno\u00bb text_align=\u00bbleft\u00bb background_image_as_pattern=\u00bbwithout_pattern\u00bb z_index=\u00bb\u00bb css=\u00bb.vc_custom_1705658096335{background-color: rgba(71,196,25,0.24) !important;background-position: center !important;background-repeat: no-repeat !important;background-size: cover !important;*background-color: rgb(71,196,25) !important;}\u00bb][vc_column][vc_empty_space][\/vc_column][\/vc_row][vc_row css_animation=\u00bb\u00bb row_type=\u00bbrow\u00bb use_row_as_full_screen_section=\u00bbno\u00bb type=\u00bbgrid\u00bb angled_section=\u00bbno\u00bb text_align=\u00bbleft\u00bb background_image_as_pattern=\u00bbwithout_pattern\u00bb z_index=\u00bb\u00bb css=\u00bb.vc_custom_1705658096335{background-color: rgba(71,196,25,0.24) !important;background-position: center !important;background-repeat: no-repeat !important;background-size: cover !important;*background-color: rgb(71,196,25) !important;}\u00bb][vc_column]<div class=\"qode-accordion-holder clearfix qode-toggle qode-initial \">\n\t<h4 class=\"clearfix qode-title-holder\">\n<span class=\"qode-tab-title\">\n\t    <span class=\"qode-tab-title-inner\">\n        OFERTA INICIAL DE PLAZAS    <\/span>\n<\/span>\n<span class=\"qode-accordion-mark\">\n    <span class=\"qode-accordion-mark-icon\">\n        <span class=\"icon_plus\"><\/span>\n        <span class=\"icon_minus-06\"><\/span>\n    <\/span>\n<\/span>\n<\/h4>\n<div  class=\"qode-accordion-content \" >\n    <div class=\"qode-accordion-content-inner\">\n        [vc_column_text]<\/p>\n<h4><a href=\"https:\/\/ganduxer.escolateresiana.com\/wp-content\/uploads\/2026\/03\/INFORME_OFERTA_OME_INFORME_OFERTA.pdf\" target=\"_blank\" rel=\"noopener\">Publicaci\u00f3n de la oferta inicial de plazas &#8211; descargar PDF<\/a><\/h4>\n<p>[\/vc_column_text]    <\/div>\n<\/div><\/div>[vc_empty_space height=\u00bb20px\u00bb]<div class=\"qode-accordion-holder clearfix qode-toggle qode-initial \">\n\t<h4 class=\"clearfix qode-title-holder\">\n<span class=\"qode-tab-title\">\n\t    <span class=\"qode-tab-title-inner\">\n        PUBLICACI\u00d3N DE LA LISTA CON PUNTUACI\u00d3N PROVISIONAL    <\/span>\n<\/span>\n<span class=\"qode-accordion-mark\">\n    <span class=\"qode-accordion-mark-icon\">\n        <span class=\"icon_plus\"><\/span>\n        <span class=\"icon_minus-06\"><\/span>\n    <\/span>\n<\/span>\n<\/h4>\n<div  class=\"qode-accordion-content \" >\n    <div class=\"qode-accordion-content-inner\">\n        [vc_column_text]<\/p>\n<h4>Publicaci\u00f3n de la lista de solicitudes en primera petici\u00f3n con la puntuaci\u00f3n provisional &#8211; descargar PDF &#8211; Pendiente de actualizaci\u00f3n<\/h4>\n<p>[\/vc_column_text]    <\/div>\n<\/div><\/div>[vc_empty_space height=\u00bb20px\u00bb]<div class=\"qode-accordion-holder clearfix qode-toggle qode-initial \">\n\t<h4 class=\"clearfix qode-title-holder\">\n<span class=\"qode-tab-title\">\n\t    <span class=\"qode-tab-title-inner\">\n        LISTA CON LA PUNTUACI\u00d3N, RESUELTAS LAS RECLAMACIONES    <\/span>\n<\/span>\n<span class=\"qode-accordion-mark\">\n    <span class=\"qode-accordion-mark-icon\">\n        <span class=\"icon_plus\"><\/span>\n        <span class=\"icon_minus-06\"><\/span>\n    <\/span>\n<\/span>\n<\/h4>\n<div  class=\"qode-accordion-content \" >\n    <div class=\"qode-accordion-content-inner\">\n        [vc_column_text]<\/p>\n<h4>Publicaci\u00f3n de la lista de solicitudes que han pedido el centro y la ense\u00f1anza en primera petici\u00f3n con la puntuaci\u00f3n resueltas las reclamaciones &#8211; descargar PDF &#8211; Pendiente de actualizaci\u00f3n<\/h4>\n<p>[\/vc_column_text]    <\/div>\n<\/div><\/div>[vc_empty_space height=\u00bb20px\u00bb]<div class=\"qode-accordion-holder clearfix qode-toggle qode-initial \">\n\t<h4 class=\"clearfix qode-title-holder\">\n<span class=\"qode-tab-title\">\n\t    <span class=\"qode-tab-title-inner\">\n        N\u00daMERO DE DESEMPATE PARA LA PREINSCRIPCI\u00d3N A INFANTIL (I3, I4 E I5), PRIMARIA Y ESO    <\/span>\n<\/span>\n<span class=\"qode-accordion-mark\">\n    <span class=\"qode-accordion-mark-icon\">\n        <span class=\"icon_plus\"><\/span>\n        <span class=\"icon_minus-06\"><\/span>\n    <\/span>\n<\/span>\n<\/h4>\n<div  class=\"qode-accordion-content \" >\n    <div class=\"qode-accordion-content-inner\">\n        [vc_column_text]<\/p>\n<h4><span dir=\"ltr\"><b><u><span style=\"font-size: large;\"> 76261<\/span><\/u><\/b> es el n\u00famero de desempate para las familias que participan en el proceso de preinscripci\u00f3n escolar a las ense\u00f1anzas obligatorias (de I3 a 4.\u00ba de ESO) para el curso 2025-2026.<\/span><\/h4>\n<p>[\/vc_column_text]    <\/div>\n<\/div><\/div>[vc_empty_space height=\u00bb20px\u00bb]<div class=\"qode-accordion-holder clearfix qode-toggle qode-initial \">\n\t<h4 class=\"clearfix qode-title-holder\">\n<span class=\"qode-tab-title\">\n\t    <span class=\"qode-tab-title-inner\">\n        PUBLICACI\u00d3N DE LA LISTA ORDENADA    <\/span>\n<\/span>\n<span class=\"qode-accordion-mark\">\n    <span class=\"qode-accordion-mark-icon\">\n        <span class=\"icon_plus\"><\/span>\n        <span class=\"icon_minus-06\"><\/span>\n    <\/span>\n<\/span>\n<\/h4>\n<div  class=\"qode-accordion-content \" >\n    <div class=\"qode-accordion-content-inner\">\n        [vc_column_text]<\/p>\n<h4>Publicaci\u00f3n de la lista de solicitudes que han pedido el centro y la ense\u00f1anza en primera petici\u00f3n ordenada &#8211; descargar PDF &#8211; Pendiente de actualizaci\u00f3n<\/h4>\n<p>[\/vc_column_text]    <\/div>\n<\/div><\/div>[vc_empty_space]<div class=\"qode-accordion-holder clearfix qode-toggle qode-initial \">\n\t<h4 class=\"clearfix qode-title-holder\">\n<span class=\"qode-tab-title\">\n\t    <span class=\"qode-tab-title-inner\">\n        ALUMNOS ASIGNADOS AL CENTRO CON INDICACI\u00d3N DE LA PRIMERA PETICI\u00d3N    <\/span>\n<\/span>\n<span class=\"qode-accordion-mark\">\n    <span class=\"qode-accordion-mark-icon\">\n        <span class=\"icon_plus\"><\/span>\n        <span class=\"icon_minus-06\"><\/span>\n    <\/span>\n<\/span>\n<\/h4>\n<div  class=\"qode-accordion-content \" >\n    <div class=\"qode-accordion-content-inner\">\n        [vc_column_text]<\/p>\n<h4>Publicaci\u00f3n de la lista de los alumnos asignados al centro con indicaci\u00f3n de la primera petici\u00f3n &#8211; descargar PDF .- Pendiente de actualizaci\u00f3n<\/h4>\n<p>[\/vc_column_text]    <\/div>\n<\/div><\/div>[vc_empty_space]<div class=\"qode-accordion-holder clearfix qode-toggle qode-initial \">\n\t<h4 class=\"clearfix qode-title-holder\">\n<span class=\"qode-tab-title\">\n\t    <span class=\"qode-tab-title-inner\">\n        ALUMNOS PREINSCRITOS AL CENTRO    <\/span>\n<\/span>\n<span class=\"qode-accordion-mark\">\n    <span class=\"qode-accordion-mark-icon\">\n        <span class=\"icon_plus\"><\/span>\n        <span class=\"icon_minus-06\"><\/span>\n    <\/span>\n<\/span>\n<\/h4>\n<div  class=\"qode-accordion-content \" >\n    <div class=\"qode-accordion-content-inner\">\n        [vc_column_text]<\/p>\n<h4>Publicaci\u00f3n de la lista de los alumnos preinscritos en el centro &#8211; descargar PDF &#8211; Pendiente de actualizaci\u00f3n<\/h4>\n<p>[\/vc_column_text]    <\/div>\n<\/div><\/div>[vc_empty_space]<div class=\"qode-accordion-holder clearfix qode-toggle qode-initial \">\n\t<h4 class=\"clearfix qode-title-holder\">\n<span class=\"qode-tab-title\">\n\t    <span class=\"qode-tab-title-inner\">\n        PUBLICACI\u00d3N DE LA LISTA DE ESPERA DEL CENTRO    <\/span>\n<\/span>\n<span class=\"qode-accordion-mark\">\n    <span class=\"qode-accordion-mark-icon\">\n        <span class=\"icon_plus\"><\/span>\n        <span class=\"icon_minus-06\"><\/span>\n    <\/span>\n<\/span>\n<\/h4>\n<div  class=\"qode-accordion-content \" >\n    <div class=\"qode-accordion-content-inner\">\n        [vc_column_text]<\/p>\n<h4>Publicaci\u00f3n de la lista de espera del centro &#8211; descargar PDF &#8211; Pendiente de actualizaci\u00f3n<\/h4>\n<p>[\/vc_column_text]    <\/div>\n<\/div><\/div>[vc_empty_space][\/vc_column][\/vc_row][vc_row css_animation=\u00bb\u00bb row_type=\u00bbrow\u00bb use_row_as_full_screen_section=\u00bbno\u00bb type=\u00bbfull_width\u00bb angled_section=\u00bbno\u00bb text_align=\u00bbleft\u00bb background_image_as_pattern=\u00bbwithout_pattern\u00bb][vc_column][vc_gallery type=\u00bbimage_grid\u00bb images=\u00bb2827,2829,2828,2830&#8243; img_size=\u00bbfull\u00bb column_number=\u00bb4&#8243; grayscale=\u00bbno\u00bb images_space=\u00bbgallery_without_space\u00bb][\/vc_column][\/vc_row]<\/p>\n","protected":false},"excerpt":{"rendered":"<p>[vc_row css_animation=\u00bb\u00bb row_type=\u00bbrow\u00bb use_row_as_full_screen_section=\u00bbno\u00bb type=\u00bbgrid\u00bb angled_section=\u00bbno\u00bb text_align=\u00bbleft\u00bb background_image_as_pattern=\u00bbwithout_pattern\u00bb z_index=\u00bb\u00bb css=\u00bb.vc_custom_1705658096335{background-color: rgba(71,196,25,0.24) !important;background-position: center !important;background-repeat: no-repeat !important;background-size: cover !important;*background-color: rgb(71,196,25) !important;}\u00bb][vc_column][vc_empty_space][\/vc_column][\/vc_row][vc_row css_animation=\u00bb\u00bb row_type=\u00bbrow\u00bb use_row_as_full_screen_section=\u00bbno\u00bb type=\u00bbgrid\u00bb angled_section=\u00bbno\u00bb text_align=\u00bbleft\u00bb background_image_as_pattern=\u00bbwithout_pattern\u00bb z_index=\u00bb\u00bb css=\u00bb.vc_custom_1705658096335{background-color: rgba(71,196,25,0.24) !important;background-position: center !important;background-repeat: no-repeat !important;background-size: cover !important;*background-color: rgb(71,196,25) !important;}\u00bb][vc_column][vc_empty_space height=\u00bb20px\u00bb][vc_empty_space height=\u00bb20px\u00bb][vc_empty_space height=\u00bb20px\u00bb][vc_empty_space height=\u00bb20px\u00bb][vc_empty_space][vc_empty_space][vc_empty_space][vc_empty_space][\/vc_column][\/vc_row][vc_row css_animation=\u00bb\u00bb row_type=\u00bbrow\u00bb&#8230;<\/p>\n","protected":false},"author":1,"featured_media":0,"parent":0,"menu_order":0,"comment_status":"closed","ping_status":"closed","template":"full_width.php","meta":{"footnotes":""},"class_list":["post-3060","page","type-page","status-publish","hentry"],"_links":{"self":[{"href":"https:\/\/ganduxer.escolateresiana.com\/es\/wp-json\/wp\/v2\/pages\/3060","targetHints":{"allow":["GET"]}}],"collection":[{"href":"https:\/\/ganduxer.escolateresiana.com\/es\/wp-json\/wp\/v2\/pages"}],"about":[{"href":"https:\/\/ganduxer.escolateresiana.com\/es\/wp-json\/wp\/v2\/types\/page"}],"author":[{"embeddable":true,"href":"https:\/\/ganduxer.escolateresiana.com\/es\/wp-json\/wp\/v2\/users\/1"}],"replies":[{"embeddable":true,"href":"https:\/\/ganduxer.escolateresiana.com\/es\/wp-json\/wp\/v2\/comments?post=3060"}],"version-history":[{"count":32,"href":"https:\/\/ganduxer.escolateresiana.com\/es\/wp-json\/wp\/v2\/pages\/3060\/revisions"}],"predecessor-version":[{"id":4016,"href":"https:\/\/ganduxer.escolateresiana.com\/es\/wp-json\/wp\/v2\/pages\/3060\/revisions\/4016"}],"wp:attachment":[{"href":"https:\/\/ganduxer.escolateresiana.com\/es\/wp-json\/wp\/v2\/media?parent=3060"}],"curies":[{"name":"wp","href":"https:\/\/api.w.org\/{rel}","templated":true}]}}